{"id":1920,"date":"2022-10-31T09:59:12","date_gmt":"2022-10-31T08:59:12","guid":{"rendered":"https:\/\/diamentspalodz.pl\/?page_id=1920"},"modified":"2022-11-14T10:49:01","modified_gmt":"2022-11-14T09:49:01","slug":"slownik","status":"publish","type":"page","link":"https:\/\/diamentspalodz.pl\/index.php\/slownik\/","title":{"rendered":"S\u0141OWNIK"},"content":{"rendered":"\t\t<div data-elementor-type=\"wp-page\" data-elementor-id=\"1920\" class=\"elementor elementor-1920\">\n\t\t\t\t\t\t<section class=\"has_eae_slider elementor-section elementor-top-section elementor-element elementor-element-044855e elementor-section-boxed elementor-section-height-default elementor-section-height-default\" data-id=\"044855e\" data-element_type=\"section\" data-settings=\"{&quot;_ha_eqh_enable&quot;:false}\">\n\t\t\t\t\t\t<div class=\"elementor-container elementor-column-gap-default\">\n\t\t\t\t\t<div class=\"has_eae_slider elementor-column elementor-col-50 elementor-top-column elementor-element elementor-element-d4115f2\" data-id=\"d4115f2\" data-element_type=\"column\">\n\t\t\t<div class=\"elementor-widget-wrap elementor-element-populated\">\n\t\t\t\t\t\t<div class=\"elementor-element elementor-element-af39f62 elementor-widget elementor-widget-heading\" data-id=\"af39f62\" data-element_type=\"widget\" data-widget_type=\"heading.default\">\n\t\t\t\t<div class=\"elementor-widget-container\">\n\t\t\t<h2 class=\"elementor-heading-title elementor-size-default\">Lifting<\/h2>\t\t<\/div>\n\t\t\t\t<\/div>\n\t\t\t\t\t<\/div>\n\t\t<\/div>\n\t\t\t\t<div class=\"has_eae_slider elementor-column elementor-col-50 elementor-top-column elementor-element elementor-element-d36278e\" data-id=\"d36278e\" data-element_type=\"column\">\n\t\t\t<div class=\"elementor-widget-wrap elementor-element-populated\">\n\t\t\t\t\t\t<div class=\"elementor-element elementor-element-4004fbc elementor-widget elementor-widget-text-editor\" data-id=\"4004fbc\" data-element_type=\"widget\" data-widget_type=\"text-editor.default\">\n\t\t\t\t<div class=\"elementor-widget-container\">\n\t\t\t\t\t\t\t<p>s\u0142owo \u201clifting\u201d pochodzi od angielskiego czasownika <em>lift<\/em>, oznaczaj\u0105cego unoszenie, podnoszenie, d\u017awiganie. W j\u0119zyku potocznym cz\u0119sto u\u017cywany jest w odniesieniu do dzia\u0142ania maj\u0105cego na celu polepszenie jako\u015bci lub wygl\u0105du okre\u015blonego obiektu. W medycynie estetycznej i chirurgii plastycznej lifting twarzy obecny jest od lat i cho\u0107 metody jego przeprowadzania ewoluuj\u0105 wraz z rozwojem tych dziedzin, to nadal z za\u0142o\u017cenia oznaczaj\u0105\u00a0<strong>naci\u0105gni\u0119cie i uniesienie sk\u00f3ry twarzy, niekiedy z cz\u0119\u015bciowym usuni\u0119ciem jej nadmiaru<\/strong>. Lifting ma na celu poprawienie rys\u00f3w twarzy, przywr\u00f3cenie jej naturalnego i po\u017c\u0105danego owalu, a tak\u017ce wyg\u0142adzenie zmarszczek wyst\u0119puj\u0105cych w r\u00f3\u017cnych jej partiach.<\/p>\t\t\t\t\t\t<\/div>\n\t\t\t\t<\/div>\n\t\t\t\t\t<\/div>\n\t\t<\/div>\n\t\t\t\t\t<\/div>\n\t\t<\/section>\n\t\t\t\t<section class=\"has_eae_slider elementor-section elementor-top-section elementor-element elementor-element-6586475 elementor-section-boxed elementor-section-height-default elementor-section-height-default\" data-id=\"6586475\" data-element_type=\"section\" data-settings=\"{&quot;_ha_eqh_enable&quot;:false}\">\n\t\t\t\t\t\t<div class=\"elementor-container elementor-column-gap-default\">\n\t\t\t\t\t<div class=\"has_eae_slider elementor-column elementor-col-50 elementor-top-column elementor-element elementor-element-9546221\" data-id=\"9546221\" data-element_type=\"column\">\n\t\t\t<div class=\"elementor-widget-wrap elementor-element-populated\">\n\t\t\t\t\t\t<div class=\"elementor-element elementor-element-81e046e elementor-widget elementor-widget-heading\" data-id=\"81e046e\" data-element_type=\"widget\" data-widget_type=\"heading.default\">\n\t\t\t\t<div class=\"elementor-widget-container\">\n\t\t\t<h2 class=\"elementor-heading-title elementor-size-default\">Liposukcja kawitacyjna<\/h2>\t\t<\/div>\n\t\t\t\t<\/div>\n\t\t\t\t\t<\/div>\n\t\t<\/div>\n\t\t\t\t<div class=\"has_eae_slider elementor-column elementor-col-50 elementor-top-column elementor-element elementor-element-82a6352\" data-id=\"82a6352\" data-element_type=\"column\">\n\t\t\t<div class=\"elementor-widget-wrap elementor-element-populated\">\n\t\t\t\t\t\t<div class=\"elementor-element elementor-element-eabda7d elementor-widget elementor-widget-text-editor\" data-id=\"eabda7d\" data-element_type=\"widget\" data-widget_type=\"text-editor.default\">\n\t\t\t\t<div class=\"elementor-widget-container\">\n\t\t\t\t\t\t\t<p>inaczej nazywana jest ultrad\u017awi\u0119kow\u0105. Metoda ta stanowi ogromne osi\u0105gni\u0119cie w zakresie liposukcji, poniewa\u017c jest znacznie mniej inwazyjna ni\u017c pozosta\u0142e techniki przeprowadzania tego typu zabieg\u00f3w. Dzi\u0119ki temu jest te\u017c bezpieczniejsza, a okres rekonwalescencji jest kr\u00f3tszy i niezwi\u0105zany 7. wi\u0119kszymi niedogodno\u015bciami, co z perspektywy codzienno\u015bci Pacjenta jest ogromnym plusem. Co wi\u0119cej, liposukcja kawitacyjna jest niezwykle uniwersalna \u2014 mo\u017cna przeprowadzi\u0107 j\u0105 zar\u00f3wno w okolicach brzucha, boczk\u00f3w, n\u00f3g, w tym tak\u017ce ud, ramion, w\u0142\u0105czaj\u0105c w to tzw. motylki&#8221;, plec\u00f3w, jak i po\u015bladk\u00f3w. Pomaga tak\u017ce wymodelowa\u0107 tak delikatne cz\u0119\u015bci cia\u0142a, jak podbr\u00f3dek czy szyja i dekolt.<\/p>\t\t\t\t\t\t<\/div>\n\t\t\t\t<\/div>\n\t\t\t\t\t<\/div>\n\t\t<\/div>\n\t\t\t\t\t<\/div>\n\t\t<\/section>\n\t\t\t\t<section class=\"has_eae_slider elementor-section elementor-top-section elementor-element elementor-element-84b81af elementor-section-boxed elementor-section-height-default elementor-section-height-default\" data-id=\"84b81af\" data-element_type=\"section\" data-settings=\"{&quot;_ha_eqh_enable&quot;:false}\">\n\t\t\t\t\t\t<div class=\"elementor-container elementor-column-gap-default\">\n\t\t\t\t\t<div class=\"has_eae_slider elementor-column elementor-col-50 elementor-top-column elementor-element elementor-element-7d5de5a\" data-id=\"7d5de5a\" data-element_type=\"column\">\n\t\t\t<div class=\"elementor-widget-wrap elementor-element-populated\">\n\t\t\t\t\t\t<div class=\"elementor-element elementor-element-0df42be elementor-widget elementor-widget-heading\" data-id=\"0df42be\" data-element_type=\"widget\" data-widget_type=\"heading.default\">\n\t\t\t\t<div class=\"elementor-widget-container\">\n\t\t\t<h2 class=\"elementor-heading-title elementor-size-default\">Mikrodermabrazja<\/h2>\t\t<\/div>\n\t\t\t\t<\/div>\n\t\t\t\t\t<\/div>\n\t\t<\/div>\n\t\t\t\t<div class=\"has_eae_slider elementor-column elementor-col-50 elementor-top-column elementor-element elementor-element-60c0582\" data-id=\"60c0582\" data-element_type=\"column\">\n\t\t\t<div class=\"elementor-widget-wrap elementor-element-populated\">\n\t\t\t\t\t\t<div class=\"elementor-element elementor-element-236d5a9 elementor-widget elementor-widget-text-editor\" data-id=\"236d5a9\" data-element_type=\"widget\" data-widget_type=\"text-editor.default\">\n\t\t\t\t<div class=\"elementor-widget-container\">\n\t\t\t\t\t\t\t<p>to peeling mechaniczny polegaj\u0105cy na stopniowym z\u0142uszczaniu nask\u00f3rka, pod sta\u0142\u0105 kontrol\u0105 wizualn\u0105, przy pomocy urz\u0105dzenia posiadaj\u0105cego specjalne g\u0142owice \u015bcieraj\u0105ce. G\u00f3rne warstwy obumar\u0142ego nask\u00f3rka zostaj\u0105 usuni\u0119te, wskutek czego powstaj\u0105 nowe, zregenerowane kom\u00f3rki.<\/p>\t\t\t\t\t\t<\/div>\n\t\t\t\t<\/div>\n\t\t\t\t\t<\/div>\n\t\t<\/div>\n\t\t\t\t\t<\/div>\n\t\t<\/section>\n\t\t\t\t<section class=\"has_eae_slider elementor-section elementor-top-section elementor-element elementor-element-e211f53 elementor-section-boxed elementor-section-height-default elementor-section-height-default\" data-id=\"e211f53\" data-element_type=\"section\" data-settings=\"{&quot;_ha_eqh_enable&quot;:false}\">\n\t\t\t\t\t\t<div class=\"elementor-container elementor-column-gap-default\">\n\t\t\t\t\t<div class=\"has_eae_slider elementor-column elementor-col-50 elementor-top-column elementor-element elementor-element-56b7bd8\" data-id=\"56b7bd8\" data-element_type=\"column\">\n\t\t\t<div class=\"elementor-widget-wrap elementor-element-populated\">\n\t\t\t\t\t\t<div class=\"elementor-element elementor-element-192b335 elementor-widget elementor-widget-heading\" data-id=\"192b335\" data-element_type=\"widget\" data-widget_type=\"heading.default\">\n\t\t\t\t<div class=\"elementor-widget-container\">\n\t\t\t<h2 class=\"elementor-heading-title elementor-size-default\">Eksfoliacja kwasami<\/h2>\t\t<\/div>\n\t\t\t\t<\/div>\n\t\t\t\t\t<\/div>\n\t\t<\/div>\n\t\t\t\t<div class=\"has_eae_slider elementor-column elementor-col-50 elementor-top-column elementor-element elementor-element-2ba708c\" data-id=\"2ba708c\" data-element_type=\"column\">\n\t\t\t<div class=\"elementor-widget-wrap elementor-element-populated\">\n\t\t\t\t\t\t<div class=\"elementor-element elementor-element-19dbb45 elementor-widget elementor-widget-text-editor\" data-id=\"19dbb45\" data-element_type=\"widget\" data-widget_type=\"text-editor.default\">\n\t\t\t\t<div class=\"elementor-widget-container\">\n\t\t\t\t\t\t\t<p>Eksfoliacja kwasami ma na celu kontrolowane z\u0142uszczanie nask\u00f3rka i g\u0142\u0119bszych warstw sk\u00f3ry w celu wyeliminowania niedoskona\u0142o\u015bci takich jak blizny, zmarszczki, przebarwienia, plamy, \u0142ojotok, rozszerzone pory. Odpowiednio dobrana mieszanina zwi\u0105zk\u00f3w chemicznych o okre\u015blonym st\u0119\u017ceniu penetruje sk\u00f3r\u0119 na wymaganej g\u0142\u0119boko\u015bci wp\u0142ywaj\u0105c na poprawienie i uregulowanie funkcji sk\u00f3ry. Wp\u0142yw na przebudow\u0119 kolagenu i elastyny stanowi\u0105cych podpor\u0119 dla sk\u00f3ry co daje jej wyra\u017ane odm\u0142odzenie i zag\u0119szczenie. Peelingi o odpowiednich proporcjach i st\u0119\u017ceniach stanowi\u0105 doskona\u0142\u0105 profilaktyk\u0119 przeciwstarzeniow\u0105 dla m\u0142odej sk\u00f3ry<\/p>\t\t\t\t\t\t<\/div>\n\t\t\t\t<\/div>\n\t\t\t\t\t<\/div>\n\t\t<\/div>\n\t\t\t\t\t<\/div>\n\t\t<\/section>\n\t\t\t\t<\/div>\n\t\t","protected":false},"excerpt":{"rendered":"<p>Lifting s\u0142owo \u201clifting\u201d pochodzi od angielskiego czasownika lift, oznaczaj\u0105cego unoszenie, podnoszenie, d\u017awiganie. W j\u0119zyku potocznym cz\u0119sto u\u017cywany jest w odniesieniu do dzia\u0142ania maj\u0105cego na celu polepszenie jako\u015bci lub wygl\u0105du okre\u015blonego obiektu. W medycynie estetycznej i chirurgii plastycznej lifting twarzy obecny jest od lat i cho\u0107 metody jego przeprowadzania ewoluuj\u0105 wraz z rozwojem tych dziedzin, to [&hellip;]<\/p>\n","protected":false},"author":1,"featured_media":0,"parent":0,"menu_order":0,"comment_status":"closed","ping_status":"closed","template":"","meta":{"footnotes":""},"class_list":["post-1920","page","type-page","status-publish","hentry","entry"],"yoast_head":"<!-- This site is optimized with the Yoast SEO plugin v19.7.2 - https:\/\/yoast.com\/wordpress\/plugins\/seo\/ -->\n<title>S\u0141OWNIK - Diament body &amp; mind spa \u0141\u00f3d\u017a<\/title>\n<meta name=\"robots\" content=\"index, follow, max-snippet:-1, max-image-preview:large, max-video-preview:-1\" \/>\n<link rel=\"canonical\" href=\"https:\/\/diamentspalodz.pl\/index.php\/slownik\/\" \/>\n<meta property=\"og:locale\" content=\"pl_PL\" \/>\n<meta property=\"og:type\" content=\"article\" \/>\n<meta property=\"og:title\" content=\"S\u0141OWNIK - Diament body &amp; mind spa \u0141\u00f3d\u017a\" \/>\n<meta property=\"og:description\" content=\"Lifting s\u0142owo \u201clifting\u201d pochodzi od angielskiego czasownika lift, oznaczaj\u0105cego unoszenie, podnoszenie, d\u017awiganie. W j\u0119zyku potocznym cz\u0119sto u\u017cywany jest w odniesieniu do dzia\u0142ania maj\u0105cego na celu polepszenie jako\u015bci lub wygl\u0105du okre\u015blonego obiektu. W medycynie estetycznej i chirurgii plastycznej lifting twarzy obecny jest od lat i cho\u0107 metody jego przeprowadzania ewoluuj\u0105 wraz z rozwojem tych dziedzin, to [&hellip;]\" \/>\n<meta property=\"og:url\" content=\"https:\/\/diamentspalodz.pl\/index.php\/slownik\/\" \/>\n<meta property=\"og:site_name\" content=\"Diament body &amp; mind spa \u0141\u00f3d\u017a\" \/>\n<meta property=\"article:modified_time\" content=\"2022-11-14T09:49:01+00:00\" \/>\n<meta name=\"twitter:card\" content=\"summary_large_image\" \/>\n<meta name=\"twitter:label1\" content=\"Szacowany czas czytania\" \/>\n\t<meta name=\"twitter:data1\" content=\"2 minuty\" \/>\n<script type=\"application\/ld+json\" class=\"yoast-schema-graph\">{\"@context\":\"https:\/\/schema.org\",\"@graph\":[{\"@type\":\"WebPage\",\"@id\":\"https:\/\/diamentspalodz.pl\/index.php\/slownik\/\",\"url\":\"https:\/\/diamentspalodz.pl\/index.php\/slownik\/\",\"name\":\"S\u0141OWNIK - Diament body &amp; mind spa \u0141\u00f3d\u017a\",\"isPartOf\":{\"@id\":\"https:\/\/diamentspalodz.pl\/#website\"},\"datePublished\":\"2022-10-31T08:59:12+00:00\",\"dateModified\":\"2022-11-14T09:49:01+00:00\",\"breadcrumb\":{\"@id\":\"https:\/\/diamentspalodz.pl\/index.php\/slownik\/#breadcrumb\"},\"inLanguage\":\"pl-PL\",\"potentialAction\":[{\"@type\":\"ReadAction\",\"target\":[\"https:\/\/diamentspalodz.pl\/index.php\/slownik\/\"]}]},{\"@type\":\"BreadcrumbList\",\"@id\":\"https:\/\/diamentspalodz.pl\/index.php\/slownik\/#breadcrumb\",\"itemListElement\":[{\"@type\":\"ListItem\",\"position\":1,\"name\":\"Strona g\u0142\u00f3wna\",\"item\":\"https:\/\/diamentspalodz.pl\/\"},{\"@type\":\"ListItem\",\"position\":2,\"name\":\"S\u0141OWNIK\"}]},{\"@type\":\"WebSite\",\"@id\":\"https:\/\/diamentspalodz.pl\/#website\",\"url\":\"https:\/\/diamentspalodz.pl\/\",\"name\":\"Diament body &amp; mind spa \u0141\u00f3d\u017a\",\"description\":\"Spa w \u0141odzi, salon kosmetyczny, zabiegi na twarz i cia\u0142o, odchudzanie, odm\u0142adzanie, brwi permanentne, trychologia, likwidacja zmarszczek, lifting twarzy, modelowanie sylwetki, lipoliza, spalanie t\u0142uszczu, likwidacja cellulitu\",\"publisher\":{\"@id\":\"https:\/\/diamentspalodz.pl\/#organization\"},\"potentialAction\":[{\"@type\":\"SearchAction\",\"target\":{\"@type\":\"EntryPoint\",\"urlTemplate\":\"https:\/\/diamentspalodz.pl\/?s={search_term_string}\"},\"query-input\":\"required name=search_term_string\"}],\"inLanguage\":\"pl-PL\"},{\"@type\":\"Organization\",\"@id\":\"https:\/\/diamentspalodz.pl\/#organization\",\"name\":\"Diament body &amp; mind spa \u0141\u00f3d\u017a\",\"url\":\"https:\/\/diamentspalodz.pl\/\",\"sameAs\":[],\"logo\":{\"@type\":\"ImageObject\",\"inLanguage\":\"pl-PL\",\"@id\":\"https:\/\/diamentspalodz.pl\/#\/schema\/logo\/image\/\",\"url\":\"https:\/\/diamentspalodz.pl\/wp-content\/uploads\/2022\/10\/logo-dlugie-2.png\",\"contentUrl\":\"https:\/\/diamentspalodz.pl\/wp-content\/uploads\/2022\/10\/logo-dlugie-2.png\",\"width\":267,\"height\":61,\"caption\":\"Diament body &amp; mind spa \u0141\u00f3d\u017a\"},\"image\":{\"@id\":\"https:\/\/diamentspalodz.pl\/#\/schema\/logo\/image\/\"}}]}<\/script>\n<!-- \/ Yoast SEO plugin. -->","yoast_head_json":{"title":"S\u0141OWNIK - Diament body &amp; mind spa \u0141\u00f3d\u017a","robots":{"index":"index","follow":"follow","max-snippet":"max-snippet:-1","max-image-preview":"max-image-preview:large","max-video-preview":"max-video-preview:-1"},"canonical":"https:\/\/diamentspalodz.pl\/index.php\/slownik\/","og_locale":"pl_PL","og_type":"article","og_title":"S\u0141OWNIK - Diament body &amp; mind spa \u0141\u00f3d\u017a","og_description":"Lifting s\u0142owo \u201clifting\u201d pochodzi od angielskiego czasownika lift, oznaczaj\u0105cego unoszenie, podnoszenie, d\u017awiganie. W j\u0119zyku potocznym cz\u0119sto u\u017cywany jest w odniesieniu do dzia\u0142ania maj\u0105cego na celu polepszenie jako\u015bci lub wygl\u0105du okre\u015blonego obiektu. W medycynie estetycznej i chirurgii plastycznej lifting twarzy obecny jest od lat i cho\u0107 metody jego przeprowadzania ewoluuj\u0105 wraz z rozwojem tych dziedzin, to [&hellip;]","og_url":"https:\/\/diamentspalodz.pl\/index.php\/slownik\/","og_site_name":"Diament body &amp; mind spa \u0141\u00f3d\u017a","article_modified_time":"2022-11-14T09:49:01+00:00","twitter_card":"summary_large_image","twitter_misc":{"Szacowany czas czytania":"2 minuty"},"schema":{"@context":"https:\/\/schema.org","@graph":[{"@type":"WebPage","@id":"https:\/\/diamentspalodz.pl\/index.php\/slownik\/","url":"https:\/\/diamentspalodz.pl\/index.php\/slownik\/","name":"S\u0141OWNIK - Diament body &amp; mind spa \u0141\u00f3d\u017a","isPartOf":{"@id":"https:\/\/diamentspalodz.pl\/#website"},"datePublished":"2022-10-31T08:59:12+00:00","dateModified":"2022-11-14T09:49:01+00:00","breadcrumb":{"@id":"https:\/\/diamentspalodz.pl\/index.php\/slownik\/#breadcrumb"},"inLanguage":"pl-PL","potentialAction":[{"@type":"ReadAction","target":["https:\/\/diamentspalodz.pl\/index.php\/slownik\/"]}]},{"@type":"BreadcrumbList","@id":"https:\/\/diamentspalodz.pl\/index.php\/slownik\/#breadcrumb","itemListElement":[{"@type":"ListItem","position":1,"name":"Strona g\u0142\u00f3wna","item":"https:\/\/diamentspalodz.pl\/"},{"@type":"ListItem","position":2,"name":"S\u0141OWNIK"}]},{"@type":"WebSite","@id":"https:\/\/diamentspalodz.pl\/#website","url":"https:\/\/diamentspalodz.pl\/","name":"Diament body &amp; mind spa \u0141\u00f3d\u017a","description":"Spa w \u0141odzi, salon kosmetyczny, zabiegi na twarz i cia\u0142o, odchudzanie, odm\u0142adzanie, brwi permanentne, trychologia, likwidacja zmarszczek, lifting twarzy, modelowanie sylwetki, lipoliza, spalanie t\u0142uszczu, likwidacja cellulitu","publisher":{"@id":"https:\/\/diamentspalodz.pl\/#organization"},"potentialAction":[{"@type":"SearchAction","target":{"@type":"EntryPoint","urlTemplate":"https:\/\/diamentspalodz.pl\/?s={search_term_string}"},"query-input":"required name=search_term_string"}],"inLanguage":"pl-PL"},{"@type":"Organization","@id":"https:\/\/diamentspalodz.pl\/#organization","name":"Diament body &amp; mind spa \u0141\u00f3d\u017a","url":"https:\/\/diamentspalodz.pl\/","sameAs":[],"logo":{"@type":"ImageObject","inLanguage":"pl-PL","@id":"https:\/\/diamentspalodz.pl\/#\/schema\/logo\/image\/","url":"https:\/\/diamentspalodz.pl\/wp-content\/uploads\/2022\/10\/logo-dlugie-2.png","contentUrl":"https:\/\/diamentspalodz.pl\/wp-content\/uploads\/2022\/10\/logo-dlugie-2.png","width":267,"height":61,"caption":"Diament body &amp; mind spa \u0141\u00f3d\u017a"},"image":{"@id":"https:\/\/diamentspalodz.pl\/#\/schema\/logo\/image\/"}}]}},"_links":{"self":[{"href":"https:\/\/diamentspalodz.pl\/index.php\/wp-json\/wp\/v2\/pages\/1920","targetHints":{"allow":["GET"]}}],"collection":[{"href":"https:\/\/diamentspalodz.pl\/index.php\/wp-json\/wp\/v2\/pages"}],"about":[{"href":"https:\/\/diamentspalodz.pl\/index.php\/wp-json\/wp\/v2\/types\/page"}],"author":[{"embeddable":true,"href":"https:\/\/diamentspalodz.pl\/index.php\/wp-json\/wp\/v2\/users\/1"}],"replies":[{"embeddable":true,"href":"https:\/\/diamentspalodz.pl\/index.php\/wp-json\/wp\/v2\/comments?post=1920"}],"version-history":[{"count":16,"href":"https:\/\/diamentspalodz.pl\/index.php\/wp-json\/wp\/v2\/pages\/1920\/revisions"}],"predecessor-version":[{"id":2537,"href":"https:\/\/diamentspalodz.pl\/index.php\/wp-json\/wp\/v2\/pages\/1920\/revisions\/2537"}],"wp:attachment":[{"href":"https:\/\/diamentspalodz.pl\/index.php\/wp-json\/wp\/v2\/media?parent=1920"}],"curies":[{"name":"wp","href":"https:\/\/api.w.org\/{rel}","templated":true}]}}