{"id":3384,"date":"2023-12-13T08:32:49","date_gmt":"2023-12-13T07:32:49","guid":{"rendered":"https:\/\/diamentspalodz.pl\/?page_id=3384"},"modified":"2023-12-13T08:43:35","modified_gmt":"2023-12-13T07:43:35","slug":"privacy_policy","status":"publish","type":"page","link":"https:\/\/diamentspalodz.pl\/index.php\/privacy_policy\/","title":{"rendered":"polityka prywatno\u015bci"},"content":{"rendered":"\t\t<div data-elementor-type=\"wp-page\" data-elementor-id=\"3384\" class=\"elementor elementor-3384\">\n\t\t\t\t\t\t<section class=\"has_eae_slider elementor-section elementor-top-section elementor-element elementor-element-8da443f elementor-section-boxed elementor-section-height-default elementor-section-height-default\" data-id=\"8da443f\" data-element_type=\"section\" data-settings=\"{&quot;_ha_eqh_enable&quot;:false}\">\n\t\t\t\t\t\t<div class=\"elementor-container elementor-column-gap-default\">\n\t\t\t\t\t<div class=\"has_eae_slider elementor-column elementor-col-100 elementor-top-column elementor-element elementor-element-1081a09\" data-id=\"1081a09\" data-element_type=\"column\">\n\t\t\t<div class=\"elementor-widget-wrap elementor-element-populated\">\n\t\t\t\t\t\t<div class=\"elementor-element elementor-element-7944e8b elementor-widget elementor-widget-text-editor\" data-id=\"7944e8b\" data-element_type=\"widget\" data-widget_type=\"text-editor.default\">\n\t\t\t\t<div class=\"elementor-widget-container\">\n\t\t\t\t\t\t\t<p>Polityka prywatno\u015bci<br \/>I. Postanowienia og\u00f3lne<br \/>1. Polityka prywatno\u015bci okre\u015bla, jak zbierane, przetwarzane i przechowywane s\u0105 dane osobowe U\u017cytkownik\u00f3w niezb\u0119dne do \u015bwiadczenia us\u0142ug drog\u0105 elektroniczn\u0105 za po\u015brednictwem serwisu internetowego diamentspalodz.pl (dalej: Serwis).<br \/>2. Serwis zbiera wy\u0142\u0105cznie dane osobowe niezb\u0119dne do \u015bwiadczenia i rozwoju us\u0142ug w nim oferowanych.<br \/>3. Dane osobowe zbierane za po\u015brednictwem Serwisu s\u0105 przetwarzane zgodnie z Rozporz\u0105dzeniem Parlamentu Europejskiego i Rady (UE) 2016\/679 z dnia 27 kwietnia 2016 r. w sprawie ochrony os\u00f3b fizycznych w zwi\u0105zku z przetwarzaniem danych osobowych i w sprawie swobodnego przep\u0142ywu takich danych oraz uchylenia dyrektywy 95\/46\/WE (og\u00f3lne rozporz\u0105dzenie o ochronie danych, dalej RODO) oraz ustaw\u0105 o ochronie danych osobowych z dnia 10 maja 2018 r.<br \/>II. Administrator danych<br \/>Administratorem danych osobowych zbieranych poprzez Serwis jest<\/p><div class=\"winfieldContainer level5 editHeadNazwa\"><div class=\"winFieldHeaderWrap level5\"><h1 class=\"winFieldHeader\">LSHU GROUP POLSKA Katarzyna Roll<\/h1><\/div><\/div><div class=\"winfieldContainer level5 \"><div class=\"winFieldText level5\"><div class=\"winFieldTextLabel level5\">NIP:7712476978<\/div><\/div><\/div><div class=\"winfieldContainer level5 \"><div class=\"winFieldText level5\"><div class=\"winFieldTextLabel level5\">REGON:520261070<\/div><div>92-321 \u0141\u00f3d\u017a ul .Sobolowa 2 e-mail:katarzynaroll39@gmail.com<\/div><\/div><\/div><p>(dalej: Administrator).<br \/>III. Cel zbierania danych osobowych<br \/>1. Dane osobowe wykorzystywane s\u0105 w celu:<br \/>o rejestracji konta i weryfikacji to\u017csamo\u015bci U\u017cytkownika,<br \/>o umo\u017cliwienia logowania do Serwisu,<br \/>o realizacji umowy dotycz\u0105cej us\u0142ug i e-us\u0142ug,<br \/>o komunikacji z U\u017cytkownikiem (livechat, formularz kontaktowy itp.)<br \/>o wysy\u0142ki newslettera (po wyra\u017ceniu zgody U\u017cytkownika na jego otrzymywanie),<br \/>o prowadzenia systemu komentarzy,<br \/>o \u015bwiadczenia us\u0142ug spo\u0142eczno\u015bciowych,<br \/>o promocji oferty Administratora,<br \/>o marketingu, remarketingu, afiliacji,<br \/>o personalizacji Serwisu dla U\u017cytkownik\u00f3w,<br \/>o dzia\u0142a\u0144 analitycznych i statystycznych,<br \/>o windykacji nale\u017cno\u015bci,<br \/>o ustalenia i dochodzenia roszcze\u0144 albo obrony przed nimi.<br \/>2. Podanie danych jest dobrowolne, ale niezb\u0119dne do zawarcia umowy albo skorzystania z innych funkcjonalno\u015bci Serwisu.<br \/>IV. Rodzaj przetwarzanych danych osobowych<br \/>Administrator mo\u017ce przetwarza\u0107 dane osobowe U\u017cytkownika: imi\u0119 i nazwisko, data urodzenia, adres zamieszkania, adres e-mail, numer telefonu, NIP.<br \/>V. Okres przetwarzania danych osobowych<br \/>Dane osobowe U\u017cytkownik\u00f3w b\u0119d\u0105 przetwarzane przez okres:<br \/>\u2022 gdy podstaw\u0105 przetwarzania danych jest wykonanie umowy \u2013 do momentu przedawnienia roszcze\u0144 po jej wykonaniu,<br \/>\u2022 gdy podstaw\u0105 przetwarzania danych jest zgoda \u2013 do momentu jej odwo\u0142ania, a po odwo\u0142aniu zgody do przedawnienia roszcze\u0144.<br \/>W obu przypadkach termin przedawnienia wynosi 6 lat, a dla roszcze\u0144 o \u015bwiadczenia okresowe i roszcze\u0144 dotycz\u0105cych prowadzenia dzia\u0142alno\u015bci gospodarczej \u2013 3 lata (je\u015bli przepis szczeg\u00f3lny nie stanowi inaczej).<br \/>VI. Udost\u0119pnianie danych osobowych<br \/>1. Dane osobowe U\u017cytkownik\u00f3w mog\u0105 by\u0107 przekazywane: podmiotom powi\u0105zanym z Administratorem, jego podwykonawcom, podmiotom wsp\u00f3\u0142pracuj\u0105cym z Administratorem np. firmom obs\u0142uguj\u0105cym e-p\u0142atno\u015bci, firmom \u015bwiadcz\u0105cym us\u0142ugi kurierskie\/pocztowe, kancelariom prawnym.<br \/>2. Dane osobowe U\u017cytkownik\u00f3w nie b\u0119d\u0105\/b\u0119d\u0105 przekazywane poza teren Europejskiego Obszaru Gospodarczego (EOG).<br \/>VII. Prawa U\u017cytkownik\u00f3w<br \/>1. U\u017cytkownik Serwisu ma prawo do: dost\u0119pu do tre\u015bci swoich danych osobowych, ich sprostowania, usuni\u0119cia, ograniczenia przetwarzania, przenoszenia, wniesienia sprzeciwu wobec przetwarzania, cofni\u0119cia zgody w ka\u017cdej chwili (co nie ma wp\u0142ywu na zgodno\u015b\u0107 z prawem przetwarzania dokonanego w oparciu o zgod\u0119 przed jej cofni\u0119ciem).<br \/>2. Zg\u0142oszenie o wyst\u0105pieniu przez U\u017cytkownika z uprawnieniem wynikaj\u0105cym z wymienionych praw nale\u017cy przes\u0142a\u0107 na adres katarzynaroll39@gmail.com<br \/>3. Administrator spe\u0142nia lub odmawia spe\u0142nienia \u017c\u0105dania niezw\u0142ocznie \u2013 maksymalnie w ci\u0105gu miesi\u0105ca od jego otrzymania.<br \/>4. U\u017cytkownik ma prawo z\u0142o\u017cy\u0107 skarg\u0119 do Prezesa Urz\u0119du Ochrony Danych Osobowych, je\u015bli uzna, \u017ce przetwarzanie narusza jego prawa i wolno\u015bci (RODO).<br \/>VIII. Pliki cookies<br \/>1. Serwis zbiera informacje za pomoc\u0105 plik\u00f3w cookies \u2013 sesyjnych, sta\u0142ych i podmiot\u00f3w zewn\u0119trznych.<br \/>2. Zbieranie plik\u00f3w cookies wspiera poprawne \u015bwiadczenie us\u0142ug w Serwisie i s\u0142u\u017cy celom statystycznym.<br \/>3. U\u017cytkownik mo\u017ce okre\u015bli\u0107 zakres dost\u0119pu plik\u00f3w cookies do swojego urz\u0105dzenia w ustawieniach przegl\u0105darki.<br \/>IX. Zautomatyzowane podejmowanie decyzji i profilowanie<br \/>1. Dane U\u017cytkownik\u00f3w nie mog\u0105 by\u0107 przetwarzane w zautomatyzowany spos\u00f3b tak, \u017ce na skutek tego mog\u0142yby zapa\u015b\u0107 wobec nich jakiekolwiek decyzje.<br \/>2. Dane U\u017cytkownik\u00f3w mog\u0105 by\u0107 profilowane celem dostosowania tre\u015bci i personalizacji oferty po wyra\u017ceniu przez nich zgody.<br \/>X. Postanowienia ko\u0144cowe<br \/>1. Administrator ma prawo do wprowadzenia zmian w Polityce prywatno\u015bci, przy czym prawa U\u017cytkownik\u00f3w nie zostan\u0105 ograniczone.<br \/>2. Informacja o wprowadzonych zmianach pojawi si\u0119 w formie komunikatu dost\u0119pnego w Serwisie.<br \/>3. W sprawach nieuregulowanych w niniejszej Polityce prywatno\u015bci obowi\u0105zuj\u0105 przepisy RODO i przepisy prawa polskiego.<br \/>Informacje na temat polityki prywatno\u015bci i plik\u00f3w cookies znajdziesz na WygranaOnline.<\/p><p><a href=\"https:\/\/www.wygranaonline.com\/polityka-prywatnosci-wzor-generator\/\">wzor polityka prywatno\u015bc<\/a>i<\/p>\t\t\t\t\t\t<\/div>\n\t\t\t\t<\/div>\n\t\t\t\t\t<\/div>\n\t\t<\/div>\n\t\t\t\t\t<\/div>\n\t\t<\/section>\n\t\t\t\t<\/div>\n\t\t","protected":false},"excerpt":{"rendered":"<p>Polityka prywatno\u015bciI. Postanowienia og\u00f3lne1. Polityka prywatno\u015bci okre\u015bla, jak zbierane, przetwarzane i przechowywane s\u0105 dane osobowe U\u017cytkownik\u00f3w niezb\u0119dne do \u015bwiadczenia us\u0142ug drog\u0105 elektroniczn\u0105 za po\u015brednictwem serwisu internetowego diamentspalodz.pl (dalej: Serwis).2. Serwis zbiera wy\u0142\u0105cznie dane osobowe niezb\u0119dne do \u015bwiadczenia i rozwoju us\u0142ug w nim oferowanych.3. Dane osobowe zbierane za po\u015brednictwem Serwisu s\u0105 przetwarzane zgodnie z Rozporz\u0105dzeniem Parlamentu [&hellip;]<\/p>\n","protected":false},"author":1,"featured_media":0,"parent":0,"menu_order":0,"comment_status":"closed","ping_status":"closed","template":"","meta":{"footnotes":""},"class_list":["post-3384","page","type-page","status-publish","hentry","entry"],"yoast_head":"<!-- This site is optimized with the Yoast SEO plugin v19.7.2 - https:\/\/yoast.com\/wordpress\/plugins\/seo\/ -->\n<title>polityka prywatno\u015bci - Diament body &amp; mind spa \u0141\u00f3d\u017a<\/title>\n<meta name=\"robots\" content=\"index, follow, max-snippet:-1, max-image-preview:large, max-video-preview:-1\" \/>\n<link rel=\"canonical\" href=\"https:\/\/diamentspalodz.pl\/index.php\/privacy_policy\/\" \/>\n<meta property=\"og:locale\" content=\"pl_PL\" \/>\n<meta property=\"og:type\" content=\"article\" \/>\n<meta property=\"og:title\" content=\"polityka prywatno\u015bci - Diament body &amp; mind spa \u0141\u00f3d\u017a\" \/>\n<meta property=\"og:description\" content=\"Polityka prywatno\u015bciI. Postanowienia og\u00f3lne1. Polityka prywatno\u015bci okre\u015bla, jak zbierane, przetwarzane i przechowywane s\u0105 dane osobowe U\u017cytkownik\u00f3w niezb\u0119dne do \u015bwiadczenia us\u0142ug drog\u0105 elektroniczn\u0105 za po\u015brednictwem serwisu internetowego diamentspalodz.pl (dalej: Serwis).2. Serwis zbiera wy\u0142\u0105cznie dane osobowe niezb\u0119dne do \u015bwiadczenia i rozwoju us\u0142ug w nim oferowanych.3. Dane osobowe zbierane za po\u015brednictwem Serwisu s\u0105 przetwarzane zgodnie z Rozporz\u0105dzeniem Parlamentu [&hellip;]\" \/>\n<meta property=\"og:url\" content=\"https:\/\/diamentspalodz.pl\/index.php\/privacy_policy\/\" \/>\n<meta property=\"og:site_name\" content=\"Diament body &amp; mind spa \u0141\u00f3d\u017a\" \/>\n<meta property=\"article:modified_time\" content=\"2023-12-13T07:43:35+00:00\" \/>\n<meta name=\"twitter:card\" content=\"summary_large_image\" \/>\n<meta name=\"twitter:label1\" content=\"Szacowany czas czytania\" \/>\n\t<meta name=\"twitter:data1\" content=\"4 minuty\" \/>\n<script type=\"application\/ld+json\" class=\"yoast-schema-graph\">{\"@context\":\"https:\/\/schema.org\",\"@graph\":[{\"@type\":\"WebPage\",\"@id\":\"https:\/\/diamentspalodz.pl\/index.php\/privacy_policy\/\",\"url\":\"https:\/\/diamentspalodz.pl\/index.php\/privacy_policy\/\",\"name\":\"polityka prywatno\u015bci - Diament body &amp; mind spa \u0141\u00f3d\u017a\",\"isPartOf\":{\"@id\":\"https:\/\/diamentspalodz.pl\/#website\"},\"datePublished\":\"2023-12-13T07:32:49+00:00\",\"dateModified\":\"2023-12-13T07:43:35+00:00\",\"breadcrumb\":{\"@id\":\"https:\/\/diamentspalodz.pl\/index.php\/privacy_policy\/#breadcrumb\"},\"inLanguage\":\"pl-PL\",\"potentialAction\":[{\"@type\":\"ReadAction\",\"target\":[\"https:\/\/diamentspalodz.pl\/index.php\/privacy_policy\/\"]}]},{\"@type\":\"BreadcrumbList\",\"@id\":\"https:\/\/diamentspalodz.pl\/index.php\/privacy_policy\/#breadcrumb\",\"itemListElement\":[{\"@type\":\"ListItem\",\"position\":1,\"name\":\"Strona g\u0142\u00f3wna\",\"item\":\"https:\/\/diamentspalodz.pl\/\"},{\"@type\":\"ListItem\",\"position\":2,\"name\":\"polityka prywatno\u015bci\"}]},{\"@type\":\"WebSite\",\"@id\":\"https:\/\/diamentspalodz.pl\/#website\",\"url\":\"https:\/\/diamentspalodz.pl\/\",\"name\":\"Diament body &amp; mind spa \u0141\u00f3d\u017a\",\"description\":\"Spa w \u0141odzi, salon kosmetyczny, zabiegi na twarz i cia\u0142o, odchudzanie, odm\u0142adzanie, brwi permanentne, trychologia, likwidacja zmarszczek, lifting twarzy, modelowanie sylwetki, lipoliza, spalanie t\u0142uszczu, likwidacja cellulitu\",\"publisher\":{\"@id\":\"https:\/\/diamentspalodz.pl\/#organization\"},\"potentialAction\":[{\"@type\":\"SearchAction\",\"target\":{\"@type\":\"EntryPoint\",\"urlTemplate\":\"https:\/\/diamentspalodz.pl\/?s={search_term_string}\"},\"query-input\":\"required name=search_term_string\"}],\"inLanguage\":\"pl-PL\"},{\"@type\":\"Organization\",\"@id\":\"https:\/\/diamentspalodz.pl\/#organization\",\"name\":\"Diament body &amp; mind spa \u0141\u00f3d\u017a\",\"url\":\"https:\/\/diamentspalodz.pl\/\",\"sameAs\":[],\"logo\":{\"@type\":\"ImageObject\",\"inLanguage\":\"pl-PL\",\"@id\":\"https:\/\/diamentspalodz.pl\/#\/schema\/logo\/image\/\",\"url\":\"https:\/\/diamentspalodz.pl\/wp-content\/uploads\/2022\/10\/logo-dlugie-2.png\",\"contentUrl\":\"https:\/\/diamentspalodz.pl\/wp-content\/uploads\/2022\/10\/logo-dlugie-2.png\",\"width\":267,\"height\":61,\"caption\":\"Diament body &amp; mind spa \u0141\u00f3d\u017a\"},\"image\":{\"@id\":\"https:\/\/diamentspalodz.pl\/#\/schema\/logo\/image\/\"}}]}<\/script>\n<!-- \/ Yoast SEO plugin. -->","yoast_head_json":{"title":"polityka prywatno\u015bci - Diament body &amp; mind spa \u0141\u00f3d\u017a","robots":{"index":"index","follow":"follow","max-snippet":"max-snippet:-1","max-image-preview":"max-image-preview:large","max-video-preview":"max-video-preview:-1"},"canonical":"https:\/\/diamentspalodz.pl\/index.php\/privacy_policy\/","og_locale":"pl_PL","og_type":"article","og_title":"polityka prywatno\u015bci - Diament body &amp; mind spa \u0141\u00f3d\u017a","og_description":"Polityka prywatno\u015bciI. Postanowienia og\u00f3lne1. Polityka prywatno\u015bci okre\u015bla, jak zbierane, przetwarzane i przechowywane s\u0105 dane osobowe U\u017cytkownik\u00f3w niezb\u0119dne do \u015bwiadczenia us\u0142ug drog\u0105 elektroniczn\u0105 za po\u015brednictwem serwisu internetowego diamentspalodz.pl (dalej: Serwis).2. Serwis zbiera wy\u0142\u0105cznie dane osobowe niezb\u0119dne do \u015bwiadczenia i rozwoju us\u0142ug w nim oferowanych.3. Dane osobowe zbierane za po\u015brednictwem Serwisu s\u0105 przetwarzane zgodnie z Rozporz\u0105dzeniem Parlamentu [&hellip;]","og_url":"https:\/\/diamentspalodz.pl\/index.php\/privacy_policy\/","og_site_name":"Diament body &amp; mind spa \u0141\u00f3d\u017a","article_modified_time":"2023-12-13T07:43:35+00:00","twitter_card":"summary_large_image","twitter_misc":{"Szacowany czas czytania":"4 minuty"},"schema":{"@context":"https:\/\/schema.org","@graph":[{"@type":"WebPage","@id":"https:\/\/diamentspalodz.pl\/index.php\/privacy_policy\/","url":"https:\/\/diamentspalodz.pl\/index.php\/privacy_policy\/","name":"polityka prywatno\u015bci - Diament body &amp; mind spa \u0141\u00f3d\u017a","isPartOf":{"@id":"https:\/\/diamentspalodz.pl\/#website"},"datePublished":"2023-12-13T07:32:49+00:00","dateModified":"2023-12-13T07:43:35+00:00","breadcrumb":{"@id":"https:\/\/diamentspalodz.pl\/index.php\/privacy_policy\/#breadcrumb"},"inLanguage":"pl-PL","potentialAction":[{"@type":"ReadAction","target":["https:\/\/diamentspalodz.pl\/index.php\/privacy_policy\/"]}]},{"@type":"BreadcrumbList","@id":"https:\/\/diamentspalodz.pl\/index.php\/privacy_policy\/#breadcrumb","itemListElement":[{"@type":"ListItem","position":1,"name":"Strona g\u0142\u00f3wna","item":"https:\/\/diamentspalodz.pl\/"},{"@type":"ListItem","position":2,"name":"polityka prywatno\u015bci"}]},{"@type":"WebSite","@id":"https:\/\/diamentspalodz.pl\/#website","url":"https:\/\/diamentspalodz.pl\/","name":"Diament body &amp; mind spa \u0141\u00f3d\u017a","description":"Spa w \u0141odzi, salon kosmetyczny, zabiegi na twarz i cia\u0142o, odchudzanie, odm\u0142adzanie, brwi permanentne, trychologia, likwidacja zmarszczek, lifting twarzy, modelowanie sylwetki, lipoliza, spalanie t\u0142uszczu, likwidacja cellulitu","publisher":{"@id":"https:\/\/diamentspalodz.pl\/#organization"},"potentialAction":[{"@type":"SearchAction","target":{"@type":"EntryPoint","urlTemplate":"https:\/\/diamentspalodz.pl\/?s={search_term_string}"},"query-input":"required name=search_term_string"}],"inLanguage":"pl-PL"},{"@type":"Organization","@id":"https:\/\/diamentspalodz.pl\/#organization","name":"Diament body &amp; mind spa \u0141\u00f3d\u017a","url":"https:\/\/diamentspalodz.pl\/","sameAs":[],"logo":{"@type":"ImageObject","inLanguage":"pl-PL","@id":"https:\/\/diamentspalodz.pl\/#\/schema\/logo\/image\/","url":"https:\/\/diamentspalodz.pl\/wp-content\/uploads\/2022\/10\/logo-dlugie-2.png","contentUrl":"https:\/\/diamentspalodz.pl\/wp-content\/uploads\/2022\/10\/logo-dlugie-2.png","width":267,"height":61,"caption":"Diament body &amp; mind spa \u0141\u00f3d\u017a"},"image":{"@id":"https:\/\/diamentspalodz.pl\/#\/schema\/logo\/image\/"}}]}},"_links":{"self":[{"href":"https:\/\/diamentspalodz.pl\/index.php\/wp-json\/wp\/v2\/pages\/3384","targetHints":{"allow":["GET"]}}],"collection":[{"href":"https:\/\/diamentspalodz.pl\/index.php\/wp-json\/wp\/v2\/pages"}],"about":[{"href":"https:\/\/diamentspalodz.pl\/index.php\/wp-json\/wp\/v2\/types\/page"}],"author":[{"embeddable":true,"href":"https:\/\/diamentspalodz.pl\/index.php\/wp-json\/wp\/v2\/users\/1"}],"replies":[{"embeddable":true,"href":"https:\/\/diamentspalodz.pl\/index.php\/wp-json\/wp\/v2\/comments?post=3384"}],"version-history":[{"count":8,"href":"https:\/\/diamentspalodz.pl\/index.php\/wp-json\/wp\/v2\/pages\/3384\/revisions"}],"predecessor-version":[{"id":3392,"href":"https:\/\/diamentspalodz.pl\/index.php\/wp-json\/wp\/v2\/pages\/3384\/revisions\/3392"}],"wp:attachment":[{"href":"https:\/\/diamentspalodz.pl\/index.php\/wp-json\/wp\/v2\/media?parent=3384"}],"curies":[{"name":"wp","href":"https:\/\/api.w.org\/{rel}","templated":true}]}}