{"id":3730,"date":"2024-11-14T18:52:24","date_gmt":"2024-11-14T17:52:24","guid":{"rendered":"https:\/\/diamentspalodz.pl\/?page_id=3730"},"modified":"2024-11-15T11:36:11","modified_gmt":"2024-11-15T10:36:11","slug":"infuzja-tlenowa","status":"publish","type":"page","link":"https:\/\/diamentspalodz.pl\/index.php\/infuzja-tlenowa\/","title":{"rendered":"Infuzja tlenowa"},"content":{"rendered":"\t\t<div data-elementor-type=\"wp-page\" data-elementor-id=\"3730\" class=\"elementor elementor-3730\">\n\t\t\t\t\t\t<section class=\"has_eae_slider elementor-section elementor-top-section elementor-element elementor-element-5c40d519 elementor-section-content-middle elementor-section-stretched elementor-section-boxed elementor-section-height-default elementor-section-height-default\" data-id=\"5c40d519\" data-element_type=\"section\" data-settings=\"{&quot;stretch_section&quot;:&quot;section-stretched&quot;,&quot;background_background&quot;:&quot;slideshow&quot;,&quot;background_slideshow_slide_transition&quot;:&quot;slide_left&quot;,&quot;background_slideshow_gallery&quot;:[],&quot;background_slideshow_loop&quot;:&quot;yes&quot;,&quot;background_slideshow_slide_duration&quot;:5000,&quot;background_slideshow_transition_duration&quot;:500,&quot;_ha_eqh_enable&quot;:false}\">\n\t\t\t\t\t\t\t<div class=\"elementor-background-overlay\"><\/div>\n\t\t\t\t\t\t\t<div class=\"elementor-container elementor-column-gap-no\">\n\t\t\t\t\t<div class=\"has_eae_slider elementor-column elementor-col-100 elementor-top-column elementor-element elementor-element-4f589b4\" data-id=\"4f589b4\" data-element_type=\"column\">\n\t\t\t<div class=\"elementor-widget-wrap elementor-element-populated\">\n\t\t\t\t\t\t<div class=\"elementor-element elementor-element-77c5f1c8 elementor-invisible elementor-widget elementor-widget-image\" data-id=\"77c5f1c8\" data-element_type=\"widget\" data-settings=\"{&quot;_animation&quot;:&quot;fadeInUp&quot;}\" data-widget_type=\"image.default\">\n\t\t\t\t<div class=\"elementor-widget-container\">\n\t\t\t\t\t\t\t\t\t\t\t\t\t<img fetchpriority=\"high\" decoding=\"async\" width=\"874\" height=\"478\" src=\"https:\/\/diamentspalodz.pl\/wp-content\/uploads\/2022\/10\/PngItem_58682.png\" class=\"attachment-large size-large wp-image-646\" alt=\"salon kosmetyczny \u0141\u00f3d\u017a\" srcset=\"https:\/\/diamentspalodz.pl\/wp-content\/uploads\/2022\/10\/PngItem_58682.png 874w, https:\/\/diamentspalodz.pl\/wp-content\/uploads\/2022\/10\/PngItem_58682-300x164.png 300w, https:\/\/diamentspalodz.pl\/wp-content\/uploads\/2022\/10\/PngItem_58682-768x420.png 768w\" sizes=\"(max-width: 874px) 100vw, 874px\" \/>\t\t\t\t\t\t\t\t\t\t\t\t\t<\/div>\n\t\t\t\t<\/div>\n\t\t\t\t<section class=\"has_eae_slider elementor-section elementor-inner-section elementor-element elementor-element-611d7a9e elementor-section-boxed elementor-section-height-default elementor-section-height-default elementor-invisible\" data-id=\"611d7a9e\" data-element_type=\"section\" data-settings=\"{&quot;animation&quot;:&quot;fadeIn&quot;,&quot;_ha_eqh_enable&quot;:false}\">\n\t\t\t\t\t\t<div class=\"elementor-container elementor-column-gap-default\">\n\t\t\t\t\t<div class=\"has_eae_slider elementor-column elementor-col-50 elementor-inner-column elementor-element elementor-element-5f71e340 elementor-invisible\" data-id=\"5f71e340\" data-element_type=\"column\" data-settings=\"{&quot;animation&quot;:&quot;fadeIn&quot;}\">\n\t\t\t<div class=\"elementor-widget-wrap elementor-element-populated\">\n\t\t\t\t\t\t<div class=\"elementor-element elementor-element-2980b111 elementor-invisible elementor-widget elementor-widget-heading\" data-id=\"2980b111\" data-element_type=\"widget\" data-settings=\"{&quot;_animation&quot;:&quot;fadeInLeft&quot;,&quot;_animation_delay&quot;:200}\" data-widget_type=\"heading.default\">\n\t\t\t\t<div class=\"elementor-widget-container\">\n\t\t\t<h2 class=\"elementor-heading-title elementor-size-default\">OFERTA<\/h2>\t\t<\/div>\n\t\t\t\t<\/div>\n\t\t\t\t<div class=\"elementor-element elementor-element-387b8c38 elementor-invisible elementor-widget elementor-widget-heading\" data-id=\"387b8c38\" data-element_type=\"widget\" data-settings=\"{&quot;_animation&quot;:&quot;fadeInLeft&quot;,&quot;_animation_delay&quot;:300}\" data-widget_type=\"heading.default\">\n\t\t\t\t<div class=\"elementor-widget-container\">\n\t\t\t<h2 class=\"elementor-heading-title elementor-size-default\">INFUZJA TLENOWA<\/h2>\t\t<\/div>\n\t\t\t\t<\/div>\n\t\t\t\t<div class=\"elementor-element elementor-element-796ff113 elementor-invisible elementor-widget elementor-widget-text-editor\" data-id=\"796ff113\" data-element_type=\"widget\" data-settings=\"{&quot;_animation&quot;:&quot;fadeInLeft&quot;,&quot;_animation_delay&quot;:400}\" data-widget_type=\"text-editor.default\">\n\t\t\t\t<div class=\"elementor-widget-container\">\n\t\t\t\t\t\t\t<p>ZABIEG BANKIETOWY<\/p>\t\t\t\t\t\t<\/div>\n\t\t\t\t<\/div>\n\t\t\t\t<div class=\"elementor-element elementor-element-6ff9344e elementor-invisible elementor-widget elementor-widget-heading\" data-id=\"6ff9344e\" data-element_type=\"widget\" data-settings=\"{&quot;_animation&quot;:&quot;fadeInLeft&quot;,&quot;_animation_delay&quot;:400}\" data-widget_type=\"heading.default\">\n\t\t\t\t<div class=\"elementor-widget-container\">\n\t\t\t<h2 class=\"elementor-heading-title elementor-size-default\">Efekty zabiegu:<\/h2>\t\t<\/div>\n\t\t\t\t<\/div>\n\t\t\t\t<div class=\"elementor-element elementor-element-2cb8625d elementor-invisible elementor-widget elementor-widget-text-editor\" data-id=\"2cb8625d\" data-element_type=\"widget\" data-settings=\"{&quot;_animation&quot;:&quot;fadeInLeft&quot;,&quot;_animation_delay&quot;:400}\" data-widget_type=\"text-editor.default\">\n\t\t\t\t<div class=\"elementor-widget-container\">\n\t\t\t\t\t\t\t<ul><li>dotlenienie sk\u00f3ry<\/li><li>ja\u015bniejszy koloryt sk\u00f3ry<\/li><li>od\u015bwie\u017cenie sk\u00f3ry<\/li><li>poprawa napi\u0119cia, j\u0119drno\u015bci i\u00a0elastyczno\u015bci sk\u00f3ry<\/li><li>stymulacja mikrokr\u0105\u017cenia<\/li><li>zwi\u0119kszenie nawil\u017cenia, dotlenienia, od\u017cywienia sk\u00f3ry<\/li><li>zwi\u0119kszona absorpcja substancji aktywnych<\/li><li>poprawa kondycji sk\u00f3ry tr\u0105dzikowej (ograniczenie rozwoju bakterii beztlenowych)<\/li><li>delikatne wizualne sp\u0142ycenie zmarszczek<\/li><li>przyspieszenie proces\u00f3w gojenia, regeneracji sk\u00f3ry<\/li><li>ch\u0119\u0107 stymulacji szybszej regeneracji sk\u00f3ry<\/li><\/ul>\t\t\t\t\t\t<\/div>\n\t\t\t\t<\/div>\n\t\t\t\t\t<\/div>\n\t\t<\/div>\n\t\t\t\t<div class=\"has_eae_slider elementor-column elementor-col-50 elementor-inner-column elementor-element elementor-element-38f0650\" data-id=\"38f0650\" data-element_type=\"column\">\n\t\t\t<div class=\"elementor-widget-wrap elementor-element-populated\">\n\t\t\t\t\t\t<div class=\"elementor-element elementor-element-4ca49713 elementor-widget__width-inherit elementor-invisible elementor-widget elementor-widget-image\" data-id=\"4ca49713\" data-element_type=\"widget\" data-settings=\"{&quot;_animation&quot;:&quot;fadeInRight&quot;,&quot;_animation_delay&quot;:200,&quot;_animation_tablet&quot;:&quot;fadeInLeft&quot;,&quot;_animation_mobile&quot;:&quot;fadeInLeft&quot;}\" data-widget_type=\"image.default\">\n\t\t\t\t<div class=\"elementor-widget-container\">\n\t\t\t\t\t\t\t\t\t\t\t\t\t<img decoding=\"async\" width=\"840\" height=\"420\" src=\"https:\/\/diamentspalodz.pl\/wp-content\/uploads\/2022\/10\/OxygenFacial-840x420-1.jpg\" class=\"attachment-ocean-thumb-l size-ocean-thumb-l wp-image-1571\" alt=\"ZABIEGI NA TWARZ\" srcset=\"https:\/\/diamentspalodz.pl\/wp-content\/uploads\/2022\/10\/OxygenFacial-840x420-1.jpg 840w, https:\/\/diamentspalodz.pl\/wp-content\/uploads\/2022\/10\/OxygenFacial-840x420-1-300x150.jpg 300w, https:\/\/diamentspalodz.pl\/wp-content\/uploads\/2022\/10\/OxygenFacial-840x420-1-768x384.jpg 768w\" sizes=\"(max-width: 840px) 100vw, 840px\" \/>\t\t\t\t\t\t\t\t\t\t\t\t\t<\/div>\n\t\t\t\t<\/div>\n\t\t\t\t<div class=\"elementor-element elementor-element-bd04e55 elementor-invisible elementor-widget elementor-widget-heading\" data-id=\"bd04e55\" data-element_type=\"widget\" data-settings=\"{&quot;_animation&quot;:&quot;fadeInLeft&quot;,&quot;_animation_delay&quot;:200}\" data-widget_type=\"heading.default\">\n\t\t\t\t<div class=\"elementor-widget-container\">\n\t\t\t<h2 class=\"elementor-heading-title elementor-size-default\">DZIA\u0141ANIE<\/h2>\t\t<\/div>\n\t\t\t\t<\/div>\n\t\t\t\t<div class=\"elementor-element elementor-element-242eb6f7 elementor-invisible elementor-widget elementor-widget-text-editor\" data-id=\"242eb6f7\" data-element_type=\"widget\" data-settings=\"{&quot;_animation&quot;:&quot;fadeInLeft&quot;,&quot;_animation_delay&quot;:400}\" data-widget_type=\"text-editor.default\">\n\t\t\t\t<div class=\"elementor-widget-container\">\n\t\t\t\t\t\t\t<p>Infuzja tlenowa polega na\u00a0<strong>wt\u0142oczeniu substancji aktywnych za pomoc\u0105 tlenu<\/strong>. Jest to zabieg bardzo popularny i preferowany przez klientki. Nie powoduje \u017cadnych efekt\u00f3w ubocznych i podra\u017cnie\u0144.<\/p><p>Efekt po zabiegu jest widoczny natychmiast i zale\u017cy od wt\u0142aczanej substancji aktywnej.<\/p><p>Przeznaczona jest do ka\u017cdego typu cery.<\/p><p>Zastosowany preparat aktywuje dotlenienie i metabolizm kom\u00f3rek co poprawia stan energetyczny kom\u00f3rek sk\u00f3ry. Zachodz\u0105cy w nich metabolizm i procesy regeneracyjne przyspieszaj\u0105.<\/p><p>W<strong>\u00a0efekcie tworz\u0105 si\u0119 nowe, zdrowe kom\u00f3rki sk\u00f3ry o wy\u017cszym potencjale energetycznym.<\/strong><\/p><p>\u00a0Infuzja tlenowa sprzyja tak\u017ce powstawaniu nowych naczy\u0144 krwiono\u015bnych (angiogenezie).<\/p><p>SK\u00d3RA staje si\u0119 bardziej napi\u0119ta i j\u0119drna.<\/p>\t\t\t\t\t\t<\/div>\n\t\t\t\t<\/div>\n\t\t\t\t\t<\/div>\n\t\t<\/div>\n\t\t\t\t\t<\/div>\n\t\t<\/section>\n\t\t\t\t<div class=\"elementor-element elementor-element-1fb570f5 elementor-tablet-align-center elementor-widget elementor-widget-button\" data-id=\"1fb570f5\" data-element_type=\"widget\" data-widget_type=\"button.default\">\n\t\t\t\t<div class=\"elementor-widget-container\">\n\t\t\t\t\t<div class=\"elementor-button-wrapper\">\n\t\t\t<a class=\"elementor-button elementor-button-link elementor-size-sm\" href=\"https:\/\/diamentspalodz.pl\/index.php\/zabiegi-na-twarz\/\">\n\t\t\t\t\t\t<span class=\"elementor-button-content-wrapper\">\n\t\t\t\t\t\t\t\t\t<span class=\"elementor-button-text\">Dowiedz si\u0119 wi\u0119cej ...<\/span>\n\t\t\t\t\t<\/span>\n\t\t\t\t\t<\/a>\n\t\t<\/div>\n\t\t\t\t<\/div>\n\t\t\t\t<\/div>\n\t\t\t\t<div class=\"elementor-element elementor-element-773bdda7 elementor-widget-divider--separator-type-pattern elementor-widget-divider--no-spacing elementor-widget-divider--view-line elementor-invisible elementor-widget elementor-widget-divider\" data-id=\"773bdda7\" data-element_type=\"widget\" data-settings=\"{&quot;_animation&quot;:&quot;zoomIn&quot;,&quot;_animation_mobile&quot;:&quot;zoomInUp&quot;}\" data-widget_type=\"divider.default\">\n\t\t\t\t<div class=\"elementor-widget-container\">\n\t\t\t\t\t<div class=\"elementor-divider\" style=\"--divider-pattern-url: url(&quot;data:image\/svg+xml,%3Csvg xmlns=&#039;http:\/\/www.w3.org\/2000\/svg&#039; preserveAspectRatio=&#039;xMidYMid meet&#039; overflow=&#039;visible&#039; height=&#039;100%&#039; viewBox=&#039;0 0 126 26&#039; fill=&#039;black&#039; stroke=&#039;none&#039;%3E%3Cpath d=&#039;M10.7,6l2.5,2.6l-4,4.3l4,5.4l-2.5,1.9l-4.5-5.2l-3.9,4.2L0.7,17L4,13.1L0,8.6l2.3-1.3l3.9,3.9L10.7,6z M23.9,6.6l4.2,4.5L32,7.2l2.3,1.3l-4,4.5l3.2,3.9L32,19.1l-3.9-3.3l-4.5,4.3l-2.5-1.9l4.4-5.1l-4.2-3.9L23.9,6.6zM73.5,6L76,8.6l-4,4.3l4,5.4l-2.5,1.9l-4.5-5.2l-3.9,4.2L63.5,17l4.1-4.7L63.5,8l2.3-1.3l4.1,3.6L73.5,6z M94,6l2.5,2.6l-4,4.3l4,5.4L94,20.1l-3.9-5l-3.9,4.2L84,17l3.2-3.9L84,8.6l2.3-1.3l3.2,3.9L94,6z M106.9,6l4.5,5.1l3.9-3.9l2.3,1.3l-4,4.5l3.2,3.9l-1.6,2.1l-3.9-4.2l-4.5,5.2l-2.5-1.9l4-5.4l-4-4.3L106.9,6z M53.1,6l2.5,2.6l-4,4.3l4,4.6l-2.5,1.9l-4.5-4.5l-3.5,4.5L43.1,17l3.2-3.9l-4-4.5l2.3-1.3l3.9,3.9L53.1,6z&#039;\/%3E%3C\/svg%3E&quot;);\">\n\t\t\t<span class=\"elementor-divider-separator\">\n\t\t\t\t\t\t<\/span>\n\t\t<\/div>\n\t\t\t\t<\/div>\n\t\t\t\t<\/div>\n\t\t\t\t\t<\/div>\n\t\t<\/div>\n\t\t\t\t\t<\/div>\n\t\t<\/section>\n\t\t\t\t<\/div>\n\t\t","protected":false},"excerpt":{"rendered":"<p>OFERTA INFUZJA TLENOWA ZABIEG BANKIETOWY Efekty zabiegu: dotlenienie sk\u00f3ry ja\u015bniejszy koloryt sk\u00f3ry od\u015bwie\u017cenie sk\u00f3ry poprawa napi\u0119cia, j\u0119drno\u015bci i\u00a0elastyczno\u015bci sk\u00f3ry stymulacja mikrokr\u0105\u017cenia zwi\u0119kszenie nawil\u017cenia, dotlenienia, od\u017cywienia sk\u00f3ry zwi\u0119kszona absorpcja substancji aktywnych poprawa kondycji sk\u00f3ry tr\u0105dzikowej (ograniczenie rozwoju bakterii beztlenowych) delikatne wizualne sp\u0142ycenie zmarszczek przyspieszenie proces\u00f3w gojenia, regeneracji sk\u00f3ry ch\u0119\u0107 stymulacji szybszej regeneracji sk\u00f3ry DZIA\u0141ANIE Infuzja tlenowa [&hellip;]<\/p>\n","protected":false},"author":1,"featured_media":0,"parent":0,"menu_order":0,"comment_status":"closed","ping_status":"closed","template":"","meta":{"footnotes":""},"class_list":["post-3730","page","type-page","status-publish","hentry","entry"],"yoast_head":"<!-- This site is optimized with the Yoast SEO plugin v19.7.2 - https:\/\/yoast.com\/wordpress\/plugins\/seo\/ -->\n<title>Infuzja tlenowa - Diament body &amp; mind spa \u0141\u00f3d\u017a<\/title>\n<meta name=\"robots\" content=\"index, follow, max-snippet:-1, max-image-preview:large, max-video-preview:-1\" \/>\n<link rel=\"canonical\" href=\"https:\/\/diamentspalodz.pl\/index.php\/infuzja-tlenowa\/\" \/>\n<meta property=\"og:locale\" content=\"pl_PL\" \/>\n<meta property=\"og:type\" content=\"article\" \/>\n<meta property=\"og:title\" content=\"Infuzja tlenowa - Diament body &amp; mind spa \u0141\u00f3d\u017a\" \/>\n<meta property=\"og:description\" content=\"OFERTA INFUZJA TLENOWA ZABIEG BANKIETOWY Efekty zabiegu: dotlenienie sk\u00f3ry ja\u015bniejszy koloryt sk\u00f3ry od\u015bwie\u017cenie sk\u00f3ry poprawa napi\u0119cia, j\u0119drno\u015bci i\u00a0elastyczno\u015bci sk\u00f3ry stymulacja mikrokr\u0105\u017cenia zwi\u0119kszenie nawil\u017cenia, dotlenienia, od\u017cywienia sk\u00f3ry zwi\u0119kszona absorpcja substancji aktywnych poprawa kondycji sk\u00f3ry tr\u0105dzikowej (ograniczenie rozwoju bakterii beztlenowych) delikatne wizualne sp\u0142ycenie zmarszczek przyspieszenie proces\u00f3w gojenia, regeneracji sk\u00f3ry ch\u0119\u0107 stymulacji szybszej regeneracji sk\u00f3ry DZIA\u0141ANIE Infuzja tlenowa [&hellip;]\" \/>\n<meta property=\"og:url\" content=\"https:\/\/diamentspalodz.pl\/index.php\/infuzja-tlenowa\/\" \/>\n<meta property=\"og:site_name\" content=\"Diament body &amp; mind spa \u0141\u00f3d\u017a\" \/>\n<meta property=\"article:modified_time\" content=\"2024-11-15T10:36:11+00:00\" \/>\n<meta property=\"og:image\" content=\"https:\/\/diamentspalodz.pl\/wp-content\/uploads\/2022\/10\/PngItem_58682.png\" \/>\n<meta name=\"twitter:card\" content=\"summary_large_image\" \/>\n<meta name=\"twitter:label1\" content=\"Szacowany czas czytania\" \/>\n\t<meta name=\"twitter:data1\" content=\"2 minuty\" \/>\n<script type=\"application\/ld+json\" class=\"yoast-schema-graph\">{\"@context\":\"https:\/\/schema.org\",\"@graph\":[{\"@type\":\"WebPage\",\"@id\":\"https:\/\/diamentspalodz.pl\/index.php\/infuzja-tlenowa\/\",\"url\":\"https:\/\/diamentspalodz.pl\/index.php\/infuzja-tlenowa\/\",\"name\":\"Infuzja tlenowa - Diament body &amp; mind spa \u0141\u00f3d\u017a\",\"isPartOf\":{\"@id\":\"https:\/\/diamentspalodz.pl\/#website\"},\"datePublished\":\"2024-11-14T17:52:24+00:00\",\"dateModified\":\"2024-11-15T10:36:11+00:00\",\"breadcrumb\":{\"@id\":\"https:\/\/diamentspalodz.pl\/index.php\/infuzja-tlenowa\/#breadcrumb\"},\"inLanguage\":\"pl-PL\",\"potentialAction\":[{\"@type\":\"ReadAction\",\"target\":[\"https:\/\/diamentspalodz.pl\/index.php\/infuzja-tlenowa\/\"]}]},{\"@type\":\"BreadcrumbList\",\"@id\":\"https:\/\/diamentspalodz.pl\/index.php\/infuzja-tlenowa\/#breadcrumb\",\"itemListElement\":[{\"@type\":\"ListItem\",\"position\":1,\"name\":\"Strona g\u0142\u00f3wna\",\"item\":\"https:\/\/diamentspalodz.pl\/\"},{\"@type\":\"ListItem\",\"position\":2,\"name\":\"Infuzja tlenowa\"}]},{\"@type\":\"WebSite\",\"@id\":\"https:\/\/diamentspalodz.pl\/#website\",\"url\":\"https:\/\/diamentspalodz.pl\/\",\"name\":\"Diament body &amp; mind spa \u0141\u00f3d\u017a\",\"description\":\"Spa w \u0141odzi, salon kosmetyczny, zabiegi na twarz i cia\u0142o, odchudzanie, odm\u0142adzanie, brwi permanentne, trychologia, likwidacja zmarszczek, lifting twarzy, modelowanie sylwetki, lipoliza, spalanie t\u0142uszczu, likwidacja cellulitu\",\"publisher\":{\"@id\":\"https:\/\/diamentspalodz.pl\/#organization\"},\"potentialAction\":[{\"@type\":\"SearchAction\",\"target\":{\"@type\":\"EntryPoint\",\"urlTemplate\":\"https:\/\/diamentspalodz.pl\/?s={search_term_string}\"},\"query-input\":\"required name=search_term_string\"}],\"inLanguage\":\"pl-PL\"},{\"@type\":\"Organization\",\"@id\":\"https:\/\/diamentspalodz.pl\/#organization\",\"name\":\"Diament body &amp; mind spa \u0141\u00f3d\u017a\",\"url\":\"https:\/\/diamentspalodz.pl\/\",\"sameAs\":[],\"logo\":{\"@type\":\"ImageObject\",\"inLanguage\":\"pl-PL\",\"@id\":\"https:\/\/diamentspalodz.pl\/#\/schema\/logo\/image\/\",\"url\":\"https:\/\/diamentspalodz.pl\/wp-content\/uploads\/2022\/10\/logo-dlugie-2.png\",\"contentUrl\":\"https:\/\/diamentspalodz.pl\/wp-content\/uploads\/2022\/10\/logo-dlugie-2.png\",\"width\":267,\"height\":61,\"caption\":\"Diament body &amp; mind spa \u0141\u00f3d\u017a\"},\"image\":{\"@id\":\"https:\/\/diamentspalodz.pl\/#\/schema\/logo\/image\/\"}}]}<\/script>\n<!-- \/ Yoast SEO plugin. -->","yoast_head_json":{"title":"Infuzja tlenowa - Diament body &amp; mind spa \u0141\u00f3d\u017a","robots":{"index":"index","follow":"follow","max-snippet":"max-snippet:-1","max-image-preview":"max-image-preview:large","max-video-preview":"max-video-preview:-1"},"canonical":"https:\/\/diamentspalodz.pl\/index.php\/infuzja-tlenowa\/","og_locale":"pl_PL","og_type":"article","og_title":"Infuzja tlenowa - Diament body &amp; mind spa \u0141\u00f3d\u017a","og_description":"OFERTA INFUZJA TLENOWA ZABIEG BANKIETOWY Efekty zabiegu: dotlenienie sk\u00f3ry ja\u015bniejszy koloryt sk\u00f3ry od\u015bwie\u017cenie sk\u00f3ry poprawa napi\u0119cia, j\u0119drno\u015bci i\u00a0elastyczno\u015bci sk\u00f3ry stymulacja mikrokr\u0105\u017cenia zwi\u0119kszenie nawil\u017cenia, dotlenienia, od\u017cywienia sk\u00f3ry zwi\u0119kszona absorpcja substancji aktywnych poprawa kondycji sk\u00f3ry tr\u0105dzikowej (ograniczenie rozwoju bakterii beztlenowych) delikatne wizualne sp\u0142ycenie zmarszczek przyspieszenie proces\u00f3w gojenia, regeneracji sk\u00f3ry ch\u0119\u0107 stymulacji szybszej regeneracji sk\u00f3ry DZIA\u0141ANIE Infuzja tlenowa [&hellip;]","og_url":"https:\/\/diamentspalodz.pl\/index.php\/infuzja-tlenowa\/","og_site_name":"Diament body &amp; mind spa \u0141\u00f3d\u017a","article_modified_time":"2024-11-15T10:36:11+00:00","og_image":[{"url":"https:\/\/diamentspalodz.pl\/wp-content\/uploads\/2022\/10\/PngItem_58682.png"}],"twitter_card":"summary_large_image","twitter_misc":{"Szacowany czas czytania":"2 minuty"},"schema":{"@context":"https:\/\/schema.org","@graph":[{"@type":"WebPage","@id":"https:\/\/diamentspalodz.pl\/index.php\/infuzja-tlenowa\/","url":"https:\/\/diamentspalodz.pl\/index.php\/infuzja-tlenowa\/","name":"Infuzja tlenowa - Diament body &amp; mind spa \u0141\u00f3d\u017a","isPartOf":{"@id":"https:\/\/diamentspalodz.pl\/#website"},"datePublished":"2024-11-14T17:52:24+00:00","dateModified":"2024-11-15T10:36:11+00:00","breadcrumb":{"@id":"https:\/\/diamentspalodz.pl\/index.php\/infuzja-tlenowa\/#breadcrumb"},"inLanguage":"pl-PL","potentialAction":[{"@type":"ReadAction","target":["https:\/\/diamentspalodz.pl\/index.php\/infuzja-tlenowa\/"]}]},{"@type":"BreadcrumbList","@id":"https:\/\/diamentspalodz.pl\/index.php\/infuzja-tlenowa\/#breadcrumb","itemListElement":[{"@type":"ListItem","position":1,"name":"Strona g\u0142\u00f3wna","item":"https:\/\/diamentspalodz.pl\/"},{"@type":"ListItem","position":2,"name":"Infuzja tlenowa"}]},{"@type":"WebSite","@id":"https:\/\/diamentspalodz.pl\/#website","url":"https:\/\/diamentspalodz.pl\/","name":"Diament body &amp; mind spa \u0141\u00f3d\u017a","description":"Spa w \u0141odzi, salon kosmetyczny, zabiegi na twarz i cia\u0142o, odchudzanie, odm\u0142adzanie, brwi permanentne, trychologia, likwidacja zmarszczek, lifting twarzy, modelowanie sylwetki, lipoliza, spalanie t\u0142uszczu, likwidacja cellulitu","publisher":{"@id":"https:\/\/diamentspalodz.pl\/#organization"},"potentialAction":[{"@type":"SearchAction","target":{"@type":"EntryPoint","urlTemplate":"https:\/\/diamentspalodz.pl\/?s={search_term_string}"},"query-input":"required name=search_term_string"}],"inLanguage":"pl-PL"},{"@type":"Organization","@id":"https:\/\/diamentspalodz.pl\/#organization","name":"Diament body &amp; mind spa \u0141\u00f3d\u017a","url":"https:\/\/diamentspalodz.pl\/","sameAs":[],"logo":{"@type":"ImageObject","inLanguage":"pl-PL","@id":"https:\/\/diamentspalodz.pl\/#\/schema\/logo\/image\/","url":"https:\/\/diamentspalodz.pl\/wp-content\/uploads\/2022\/10\/logo-dlugie-2.png","contentUrl":"https:\/\/diamentspalodz.pl\/wp-content\/uploads\/2022\/10\/logo-dlugie-2.png","width":267,"height":61,"caption":"Diament body &amp; mind spa \u0141\u00f3d\u017a"},"image":{"@id":"https:\/\/diamentspalodz.pl\/#\/schema\/logo\/image\/"}}]}},"_links":{"self":[{"href":"https:\/\/diamentspalodz.pl\/index.php\/wp-json\/wp\/v2\/pages\/3730","targetHints":{"allow":["GET"]}}],"collection":[{"href":"https:\/\/diamentspalodz.pl\/index.php\/wp-json\/wp\/v2\/pages"}],"about":[{"href":"https:\/\/diamentspalodz.pl\/index.php\/wp-json\/wp\/v2\/types\/page"}],"author":[{"embeddable":true,"href":"https:\/\/diamentspalodz.pl\/index.php\/wp-json\/wp\/v2\/users\/1"}],"replies":[{"embeddable":true,"href":"https:\/\/diamentspalodz.pl\/index.php\/wp-json\/wp\/v2\/comments?post=3730"}],"version-history":[{"count":4,"href":"https:\/\/diamentspalodz.pl\/index.php\/wp-json\/wp\/v2\/pages\/3730\/revisions"}],"predecessor-version":[{"id":3831,"href":"https:\/\/diamentspalodz.pl\/index.php\/wp-json\/wp\/v2\/pages\/3730\/revisions\/3831"}],"wp:attachment":[{"href":"https:\/\/diamentspalodz.pl\/index.php\/wp-json\/wp\/v2\/media?parent=3730"}],"curies":[{"name":"wp","href":"https:\/\/api.w.org\/{rel}","templated":true}]}}