{"id":3740,"date":"2024-11-14T18:56:01","date_gmt":"2024-11-14T17:56:01","guid":{"rendered":"https:\/\/diamentspalodz.pl\/?page_id=3740"},"modified":"2024-11-15T11:42:02","modified_gmt":"2024-11-15T10:42:02","slug":"mezoterapia-iglowa","status":"publish","type":"page","link":"https:\/\/diamentspalodz.pl\/index.php\/mezoterapia-iglowa\/","title":{"rendered":"Mezoterapia ig\u0142owa"},"content":{"rendered":"\t\t<div data-elementor-type=\"wp-page\" data-elementor-id=\"3740\" class=\"elementor elementor-3740\">\n\t\t\t\t\t\t<section class=\"has_eae_slider elementor-section elementor-top-section elementor-element elementor-element-621702f0 elementor-section-content-middle elementor-section-stretched elementor-section-boxed elementor-section-height-default elementor-section-height-default\" data-id=\"621702f0\" data-element_type=\"section\" data-settings=\"{&quot;stretch_section&quot;:&quot;section-stretched&quot;,&quot;background_background&quot;:&quot;slideshow&quot;,&quot;background_slideshow_slide_transition&quot;:&quot;slide_left&quot;,&quot;background_slideshow_gallery&quot;:[],&quot;background_slideshow_loop&quot;:&quot;yes&quot;,&quot;background_slideshow_slide_duration&quot;:5000,&quot;background_slideshow_transition_duration&quot;:500,&quot;_ha_eqh_enable&quot;:false}\">\n\t\t\t\t\t\t\t<div class=\"elementor-background-overlay\"><\/div>\n\t\t\t\t\t\t\t<div class=\"elementor-container elementor-column-gap-no\">\n\t\t\t\t\t<div class=\"has_eae_slider elementor-column elementor-col-100 elementor-top-column elementor-element elementor-element-6f0e3362\" data-id=\"6f0e3362\" data-element_type=\"column\">\n\t\t\t<div class=\"elementor-widget-wrap elementor-element-populated\">\n\t\t\t\t\t\t<div class=\"elementor-element elementor-element-2a801f26 elementor-invisible elementor-widget elementor-widget-heading\" data-id=\"2a801f26\" data-element_type=\"widget\" data-settings=\"{&quot;_animation&quot;:&quot;fadeInLeft&quot;,&quot;_animation_delay&quot;:300}\" data-widget_type=\"heading.default\">\n\t\t\t\t<div class=\"elementor-widget-container\">\n\t\t\t<h2 class=\"elementor-heading-title elementor-size-default\">MEZOTERAPIA IG\u0141OWA\n<\/h2>\t\t<\/div>\n\t\t\t\t<\/div>\n\t\t\t\t<section class=\"has_eae_slider elementor-section elementor-inner-section elementor-element elementor-element-5d690f3 elementor-section-boxed elementor-section-height-default elementor-section-height-default elementor-invisible\" data-id=\"5d690f3\" data-element_type=\"section\" data-settings=\"{&quot;animation&quot;:&quot;fadeIn&quot;,&quot;_ha_eqh_enable&quot;:false}\">\n\t\t\t\t\t\t<div class=\"elementor-container elementor-column-gap-default\">\n\t\t\t\t\t<div class=\"has_eae_slider elementor-column elementor-col-50 elementor-inner-column elementor-element elementor-element-5dfe2e1f elementor-invisible\" data-id=\"5dfe2e1f\" data-element_type=\"column\" data-settings=\"{&quot;animation&quot;:&quot;fadeIn&quot;}\">\n\t\t\t<div class=\"elementor-widget-wrap elementor-element-populated\">\n\t\t\t\t\t\t<div class=\"elementor-element elementor-element-5853bebe elementor-invisible elementor-widget elementor-widget-heading\" data-id=\"5853bebe\" data-element_type=\"widget\" data-settings=\"{&quot;_animation&quot;:&quot;fadeInLeft&quot;,&quot;_animation_delay&quot;:400}\" data-widget_type=\"heading.default\">\n\t\t\t\t<div class=\"elementor-widget-container\">\n\t\t\t<h2 class=\"elementor-heading-title elementor-size-default\">EFEKTY<\/h2>\t\t<\/div>\n\t\t\t\t<\/div>\n\t\t\t\t<div class=\"elementor-element elementor-element-7029115c elementor-invisible elementor-widget elementor-widget-text-editor\" data-id=\"7029115c\" data-element_type=\"widget\" data-settings=\"{&quot;_animation&quot;:&quot;fadeInLeft&quot;,&quot;_animation_delay&quot;:400}\" data-widget_type=\"text-editor.default\">\n\t\t\t\t<div class=\"elementor-widget-container\">\n\t\t\t\t\t\t\t<ul><li>Mezoterapia ig\u0142owa to niechirurgiczny zabieg miejscowy, kt\u00f3rego celem jest redukcja zmarszczek i r\u00f3\u017cnego rodzaju niedoskona\u0142o\u015bci oraz poprawa kondycji sk\u00f3ry.\u00a0<\/li><li>W efekcie sk\u00f3ra szybko si\u0119 regeneruje oraz zyskuje \u0142adny i o wiele m\u0142odszy wygl\u0105d.<\/li><li>Mezoterapia ig\u0142owa mo\u017ce by\u0107 stosowana nie tylko w celu od\u017cywienia i odm\u0142odzenia sk\u00f3ry.<\/li><li>Jest tak\u017ce skutecznym sposobem na cellulit i rozst\u0119py, jak i metod\u0105, po kt\u00f3r\u0105 si\u0119ga si\u0119 w przypadku problem\u00f3w z \u0142ysieniem.<\/li><li>Terapii mog\u0105 by\u0107 poddane takie obszary cia\u0142a jak twarz, dekolt, szyja oraz sk\u00f3ra g\u0142owy.\u00a0<\/li><\/ul>\t\t\t\t\t\t<\/div>\n\t\t\t\t<\/div>\n\t\t\t\t<div class=\"elementor-element elementor-element-4e0a68e9 eael-dt-th-align-center eael-dt-th-align-tablet-center eael-dt-th-align-mobile-center eael-dt-td-align-center eael-dt-td-align-tablet-center eael-dt-td-align-mobile-center eael-table-align-center elementor-widget elementor-widget-eael-data-table\" data-id=\"4e0a68e9\" data-element_type=\"widget\" data-settings=\"{&quot;_animation_mobile&quot;:&quot;fadeInUp&quot;}\" data-widget_type=\"eael-data-table.default\">\n\t\t\t\t<div class=\"elementor-widget-container\">\n\t\t\t\t\t<div class=\"eael-data-table-wrap\" data-table_id=\"4e0a68e9\" data-custom_responsive=\"false\">\n\t\t\t<table class=\"tablesorter eael-data-table center\" id=\"eael-data-table-4e0a68e9\">\n\t\t\t    <thead>\n\t\t\t        <tr class=\"table-header\">\n\t\t\t\t\t\t\t\t\t            <th class=\"\" id=\"\" colspan=\"1 GODZINA\">\n\t\t\t\t\t\t\t\t\t\t\t\t\t\t<span class=\"data-table-header-text\">cZAS TRWANIA ZABIEGU<\/span><\/th>\n\t\t\t        \t\t\t\t            <th class=\"\" id=\"\" colspan=\"\">\n\t\t\t\t\t\t\t\t\t\t\t\t\t\t<span class=\"data-table-header-text\">ILO\u015a\u0106 ZABIEG\u00d3W<\/span><\/th>\n\t\t\t        \t\t\t\t            <th class=\"\" id=\"\" colspan=\"\">\n\t\t\t\t\t\t\t\t\t\t\t\t\t\t<span class=\"data-table-header-text\">ZNIECZULENIE<\/span><\/th>\n\t\t\t        \t\t\t\t        <\/tr>\n\t\t\t    <\/thead>\n\t\t\t  \t<tbody>\n\t\t\t\t\t\t\t\t\t\t\t<tr>\n\t\t\t\t\t\t\t\t\t\t\t\t\t\t\t\t   \t\t\t\t\t\t\t\t\t\t\t<td colspan=\"\" rowspan=\"\" class=\"\" id=\"\">\n\t\t\t\t\t\t\t\t\t\t\t\t<div class=\"td-content-wrapper\"><div class=\"td-content\"><p>-<\/p><\/div><\/div>\n\t\t\t\t\t\t\t\t\t\t\t<\/td>\n\t\t\t\t\t\t\t\t\t\t\t\t\t\t\t\t\t\t\t\t\t\t\t\t\t\t\t\t\t   \t\t\t\t\t\t\t\t\t\t\t<td colspan=\"\" rowspan=\"\" class=\"\" id=\"\">\n\t\t\t\t\t\t\t\t\t\t\t\t<div class=\"td-content-wrapper\"><div class=\"td-content\">Wykonanie 2 zabieg\u00f3w w odst\u0119pie 1 miesi\u0105ca.Warto wykona\u0107 zabieg przypominaj\u0105cy po 4 miesi\u0105cach.<\/div><\/div>\n\t\t\t\t\t\t\t\t\t\t\t<\/td>\n\t\t\t\t\t\t\t\t\t\t\t\t\t\t\t\t\t\t\t\t\t\t\t\t\t\t\t\t\t   \t\t\t\t\t\t\t\t\t\t\t<td colspan=\"\" rowspan=\"\" class=\"\" id=\"\">\n\t\t\t\t\t\t\t\t\t\t\t\t<div class=\"td-content-wrapper\"><div class=\"td-content\">nie<\/div><\/div>\n\t\t\t\t\t\t\t\t\t\t\t<\/td>\n\t\t\t\t\t\t\t\t\t\t\t\t\t\t\t\t\t\t\t\t\t\t\t\t\t\t<\/tr>\n\t\t\t        \t\t\t    <\/tbody>\n\t\t\t<\/table>\n\t\t<\/div>\n\t  \t\t\t<\/div>\n\t\t\t\t<\/div>\n\t\t\t\t\t<\/div>\n\t\t<\/div>\n\t\t\t\t<div class=\"has_eae_slider elementor-column elementor-col-50 elementor-inner-column elementor-element elementor-element-6166f946 elementor-invisible\" data-id=\"6166f946\" data-element_type=\"column\" data-settings=\"{&quot;animation&quot;:&quot;fadeIn&quot;}\">\n\t\t\t<div class=\"elementor-widget-wrap elementor-element-populated\">\n\t\t\t\t\t\t<div class=\"elementor-element elementor-element-68fdc261 elementor-invisible elementor-widget elementor-widget-heading\" data-id=\"68fdc261\" data-element_type=\"widget\" data-settings=\"{&quot;_animation&quot;:&quot;fadeInLeft&quot;,&quot;_animation_delay&quot;:400}\" data-widget_type=\"heading.default\">\n\t\t\t\t<div class=\"elementor-widget-container\">\n\t\t\t<h2 class=\"elementor-heading-title elementor-size-default\">dzia\u0142anie<\/h2>\t\t<\/div>\n\t\t\t\t<\/div>\n\t\t\t\t<div class=\"elementor-element elementor-element-1e18c96c elementor-invisible elementor-widget elementor-widget-text-editor\" data-id=\"1e18c96c\" data-element_type=\"widget\" data-settings=\"{&quot;_animation&quot;:&quot;fadeInLeft&quot;,&quot;_animation_delay&quot;:400}\" data-widget_type=\"text-editor.default\">\n\t\t\t\t<div class=\"elementor-widget-container\">\n\t\t\t\t\t\t\t<p>Metoda ta polega na iniekcji substancji aktywnych, kt\u00f3re b\u0142yskawicznie dzia\u0142aj\u0105 na sk\u00f3r\u0119. Stosowane w nim substancje rewitalizuj\u0105ce i witaminowe (m.in. krzemionka organiczna i kompleksy multiwitaminowe) wprowadzane s\u0105 za pomoc\u0105 drobnych i g\u0119stych nak\u0142u\u0107.<\/p><p>Zabieg mezoterapii ig\u0142owej jest bezpieczny i niemal bezbolesny. Co wa\u017cne, jest to najskuteczniejsza forma mezoterapii, gdy\u017c dzi\u0119ki iniekcji substancje czynne o wiele \u0142atwiej przedostaj\u0105 si\u0119 przez warstw\u0119 lipidow\u0105 i wnikaj\u0105 w sk\u00f3r\u0119 o wiele g\u0142\u0119biej. W tego rodzaju zabiegu stosowane s\u0105 m.in. takie preparaty jak Dives BTX Zabieg mezoterapii ig\u0142owej w Diament Spa trwa od 30 do 90 minut.<\/p>\t\t\t\t\t\t<\/div>\n\t\t\t\t<\/div>\n\t\t\t\t<div class=\"elementor-element elementor-element-18def33f eael-dt-th-align-center eael-dt-th-align-tablet-center eael-dt-th-align-mobile-center eael-dt-td-align-center eael-dt-td-align-tablet-center eael-dt-td-align-mobile-center eael-table-align-center elementor-widget elementor-widget-eael-data-table\" data-id=\"18def33f\" data-element_type=\"widget\" data-settings=\"{&quot;_animation_mobile&quot;:&quot;fadeInUp&quot;}\" data-widget_type=\"eael-data-table.default\">\n\t\t\t\t<div class=\"elementor-widget-container\">\n\t\t\t\t\t<div class=\"eael-data-table-wrap\" data-table_id=\"18def33f\" data-custom_responsive=\"false\">\n\t\t\t<table class=\"tablesorter eael-data-table center\" id=\"eael-data-table-18def33f\">\n\t\t\t    <thead>\n\t\t\t        <tr class=\"table-header\">\n\t\t\t\t\t\t\t\t\t            <th class=\"\" id=\"\" colspan=\"1 GODZINA\">\n\t\t\t\t\t\t\t\t\t\t\t\t\t\t<span class=\"data-table-header-text\">cZAS TRWANIA ZABIEGU<\/span><\/th>\n\t\t\t        \t\t\t\t            <th class=\"\" id=\"\" colspan=\"\">\n\t\t\t\t\t\t\t\t\t\t\t\t\t\t<span class=\"data-table-header-text\">ILO\u015a\u0106 ZABIEG\u00d3W<\/span><\/th>\n\t\t\t        \t\t\t\t            <th class=\"\" id=\"\" colspan=\"\">\n\t\t\t\t\t\t\t\t\t\t\t\t\t\t<span class=\"data-table-header-text\">ZNIECZULENIE<\/span><\/th>\n\t\t\t        \t\t\t\t        <\/tr>\n\t\t\t    <\/thead>\n\t\t\t  \t<tbody>\n\t\t\t\t\t\t\t\t\t\t\t<tr>\n\t\t\t\t\t\t\t\t\t\t\t\t\t\t\t\t   \t\t\t\t\t\t\t\t\t\t\t<td colspan=\"\" rowspan=\"\" class=\"\" id=\"\">\n\t\t\t\t\t\t\t\t\t\t\t\t<div class=\"td-content-wrapper\"><div class=\"td-content\"><p>30-90 min<\/p><\/div><\/div>\n\t\t\t\t\t\t\t\t\t\t\t<\/td>\n\t\t\t\t\t\t\t\t\t\t\t\t\t\t\t\t\t\t\t\t\t\t\t\t\t\t\t\t\t   \t\t\t\t\t\t\t\t\t\t\t<td colspan=\"\" rowspan=\"\" class=\"\" id=\"\">\n\t\t\t\t\t\t\t\t\t\t\t\t<div class=\"td-content-wrapper\"><div class=\"td-content\"><\/div><\/div>\n\t\t\t\t\t\t\t\t\t\t\t<\/td>\n\t\t\t\t\t\t\t\t\t\t\t\t\t\t\t\t\t\t\t\t\t\t\t\t\t\t\t\t\t   \t\t\t\t\t\t\t\t\t\t\t<td colspan=\"\" rowspan=\"\" class=\"\" id=\"\">\n\t\t\t\t\t\t\t\t\t\t\t\t<div class=\"td-content-wrapper\"><div class=\"td-content\">nie<\/div><\/div>\n\t\t\t\t\t\t\t\t\t\t\t<\/td>\n\t\t\t\t\t\t\t\t\t\t\t\t\t\t\t\t\t\t\t\t\t\t\t\t\t\t<\/tr>\n\t\t\t        \t\t\t    <\/tbody>\n\t\t\t<\/table>\n\t\t<\/div>\n\t  \t\t\t<\/div>\n\t\t\t\t<\/div>\n\t\t\t\t\t<\/div>\n\t\t<\/div>\n\t\t\t\t\t<\/div>\n\t\t<\/section>\n\t\t\t\t<div class=\"elementor-element elementor-element-17c89396 elementor-widget-divider--separator-type-pattern elementor-widget-divider--no-spacing elementor-widget-divider--view-line elementor-invisible elementor-widget elementor-widget-divider\" data-id=\"17c89396\" data-element_type=\"widget\" data-settings=\"{&quot;_animation&quot;:&quot;zoomIn&quot;,&quot;_animation_mobile&quot;:&quot;zoomInUp&quot;}\" data-widget_type=\"divider.default\">\n\t\t\t\t<div class=\"elementor-widget-container\">\n\t\t\t\t\t<div class=\"elementor-divider\" style=\"--divider-pattern-url: url(&quot;data:image\/svg+xml,%3Csvg xmlns=&#039;http:\/\/www.w3.org\/2000\/svg&#039; preserveAspectRatio=&#039;xMidYMid meet&#039; overflow=&#039;visible&#039; height=&#039;100%&#039; viewBox=&#039;0 0 126 26&#039; fill=&#039;black&#039; stroke=&#039;none&#039;%3E%3Cpath d=&#039;M10.7,6l2.5,2.6l-4,4.3l4,5.4l-2.5,1.9l-4.5-5.2l-3.9,4.2L0.7,17L4,13.1L0,8.6l2.3-1.3l3.9,3.9L10.7,6z M23.9,6.6l4.2,4.5L32,7.2l2.3,1.3l-4,4.5l3.2,3.9L32,19.1l-3.9-3.3l-4.5,4.3l-2.5-1.9l4.4-5.1l-4.2-3.9L23.9,6.6zM73.5,6L76,8.6l-4,4.3l4,5.4l-2.5,1.9l-4.5-5.2l-3.9,4.2L63.5,17l4.1-4.7L63.5,8l2.3-1.3l4.1,3.6L73.5,6z M94,6l2.5,2.6l-4,4.3l4,5.4L94,20.1l-3.9-5l-3.9,4.2L84,17l3.2-3.9L84,8.6l2.3-1.3l3.2,3.9L94,6z M106.9,6l4.5,5.1l3.9-3.9l2.3,1.3l-4,4.5l3.2,3.9l-1.6,2.1l-3.9-4.2l-4.5,5.2l-2.5-1.9l4-5.4l-4-4.3L106.9,6z M53.1,6l2.5,2.6l-4,4.3l4,4.6l-2.5,1.9l-4.5-4.5l-3.5,4.5L43.1,17l3.2-3.9l-4-4.5l2.3-1.3l3.9,3.9L53.1,6z&#039;\/%3E%3C\/svg%3E&quot;);\">\n\t\t\t<span class=\"elementor-divider-separator\">\n\t\t\t\t\t\t<\/span>\n\t\t<\/div>\n\t\t\t\t<\/div>\n\t\t\t\t<\/div>\n\t\t\t\t\t<\/div>\n\t\t<\/div>\n\t\t\t\t\t<\/div>\n\t\t<\/section>\n\t\t\t\t<\/div>\n\t\t","protected":false},"excerpt":{"rendered":"<p>MEZOTERAPIA IG\u0141OWA EFEKTY Mezoterapia ig\u0142owa to niechirurgiczny zabieg miejscowy, kt\u00f3rego celem jest redukcja zmarszczek i r\u00f3\u017cnego rodzaju niedoskona\u0142o\u015bci oraz poprawa kondycji sk\u00f3ry.\u00a0 W efekcie sk\u00f3ra szybko si\u0119 regeneruje oraz zyskuje \u0142adny i o wiele m\u0142odszy wygl\u0105d. Mezoterapia ig\u0142owa mo\u017ce by\u0107 stosowana nie tylko w celu od\u017cywienia i odm\u0142odzenia sk\u00f3ry. Jest tak\u017ce skutecznym sposobem na cellulit [&hellip;]<\/p>\n","protected":false},"author":1,"featured_media":0,"parent":0,"menu_order":0,"comment_status":"closed","ping_status":"closed","template":"","meta":{"footnotes":""},"class_list":["post-3740","page","type-page","status-publish","hentry","entry"],"yoast_head":"<!-- This site is optimized with the Yoast SEO plugin v19.7.2 - https:\/\/yoast.com\/wordpress\/plugins\/seo\/ -->\n<title>Mezoterapia ig\u0142owa - Diament body &amp; mind spa \u0141\u00f3d\u017a<\/title>\n<meta name=\"robots\" content=\"index, follow, max-snippet:-1, max-image-preview:large, max-video-preview:-1\" \/>\n<link rel=\"canonical\" href=\"https:\/\/diamentspalodz.pl\/index.php\/mezoterapia-iglowa\/\" \/>\n<meta property=\"og:locale\" content=\"pl_PL\" \/>\n<meta property=\"og:type\" content=\"article\" \/>\n<meta property=\"og:title\" content=\"Mezoterapia ig\u0142owa - Diament body &amp; mind spa \u0141\u00f3d\u017a\" \/>\n<meta property=\"og:description\" content=\"MEZOTERAPIA IG\u0141OWA EFEKTY Mezoterapia ig\u0142owa to niechirurgiczny zabieg miejscowy, kt\u00f3rego celem jest redukcja zmarszczek i r\u00f3\u017cnego rodzaju niedoskona\u0142o\u015bci oraz poprawa kondycji sk\u00f3ry.\u00a0 W efekcie sk\u00f3ra szybko si\u0119 regeneruje oraz zyskuje \u0142adny i o wiele m\u0142odszy wygl\u0105d. Mezoterapia ig\u0142owa mo\u017ce by\u0107 stosowana nie tylko w celu od\u017cywienia i odm\u0142odzenia sk\u00f3ry. Jest tak\u017ce skutecznym sposobem na cellulit [&hellip;]\" \/>\n<meta property=\"og:url\" content=\"https:\/\/diamentspalodz.pl\/index.php\/mezoterapia-iglowa\/\" \/>\n<meta property=\"og:site_name\" content=\"Diament body &amp; mind spa \u0141\u00f3d\u017a\" \/>\n<meta property=\"article:modified_time\" content=\"2024-11-15T10:42:02+00:00\" \/>\n<meta name=\"twitter:card\" content=\"summary_large_image\" \/>\n<meta name=\"twitter:label1\" content=\"Szacowany czas czytania\" \/>\n\t<meta name=\"twitter:data1\" content=\"2 minuty\" \/>\n<script type=\"application\/ld+json\" class=\"yoast-schema-graph\">{\"@context\":\"https:\/\/schema.org\",\"@graph\":[{\"@type\":\"WebPage\",\"@id\":\"https:\/\/diamentspalodz.pl\/index.php\/mezoterapia-iglowa\/\",\"url\":\"https:\/\/diamentspalodz.pl\/index.php\/mezoterapia-iglowa\/\",\"name\":\"Mezoterapia ig\u0142owa - Diament body &amp; mind spa \u0141\u00f3d\u017a\",\"isPartOf\":{\"@id\":\"https:\/\/diamentspalodz.pl\/#website\"},\"datePublished\":\"2024-11-14T17:56:01+00:00\",\"dateModified\":\"2024-11-15T10:42:02+00:00\",\"breadcrumb\":{\"@id\":\"https:\/\/diamentspalodz.pl\/index.php\/mezoterapia-iglowa\/#breadcrumb\"},\"inLanguage\":\"pl-PL\",\"potentialAction\":[{\"@type\":\"ReadAction\",\"target\":[\"https:\/\/diamentspalodz.pl\/index.php\/mezoterapia-iglowa\/\"]}]},{\"@type\":\"BreadcrumbList\",\"@id\":\"https:\/\/diamentspalodz.pl\/index.php\/mezoterapia-iglowa\/#breadcrumb\",\"itemListElement\":[{\"@type\":\"ListItem\",\"position\":1,\"name\":\"Strona g\u0142\u00f3wna\",\"item\":\"https:\/\/diamentspalodz.pl\/\"},{\"@type\":\"ListItem\",\"position\":2,\"name\":\"Mezoterapia ig\u0142owa\"}]},{\"@type\":\"WebSite\",\"@id\":\"https:\/\/diamentspalodz.pl\/#website\",\"url\":\"https:\/\/diamentspalodz.pl\/\",\"name\":\"Diament body &amp; mind spa \u0141\u00f3d\u017a\",\"description\":\"Spa w \u0141odzi, salon kosmetyczny, zabiegi na twarz i cia\u0142o, odchudzanie, odm\u0142adzanie, brwi permanentne, trychologia, likwidacja zmarszczek, lifting twarzy, modelowanie sylwetki, lipoliza, spalanie t\u0142uszczu, likwidacja cellulitu\",\"publisher\":{\"@id\":\"https:\/\/diamentspalodz.pl\/#organization\"},\"potentialAction\":[{\"@type\":\"SearchAction\",\"target\":{\"@type\":\"EntryPoint\",\"urlTemplate\":\"https:\/\/diamentspalodz.pl\/?s={search_term_string}\"},\"query-input\":\"required name=search_term_string\"}],\"inLanguage\":\"pl-PL\"},{\"@type\":\"Organization\",\"@id\":\"https:\/\/diamentspalodz.pl\/#organization\",\"name\":\"Diament body &amp; mind spa \u0141\u00f3d\u017a\",\"url\":\"https:\/\/diamentspalodz.pl\/\",\"sameAs\":[],\"logo\":{\"@type\":\"ImageObject\",\"inLanguage\":\"pl-PL\",\"@id\":\"https:\/\/diamentspalodz.pl\/#\/schema\/logo\/image\/\",\"url\":\"https:\/\/diamentspalodz.pl\/wp-content\/uploads\/2022\/10\/logo-dlugie-2.png\",\"contentUrl\":\"https:\/\/diamentspalodz.pl\/wp-content\/uploads\/2022\/10\/logo-dlugie-2.png\",\"width\":267,\"height\":61,\"caption\":\"Diament body &amp; mind spa \u0141\u00f3d\u017a\"},\"image\":{\"@id\":\"https:\/\/diamentspalodz.pl\/#\/schema\/logo\/image\/\"}}]}<\/script>\n<!-- \/ Yoast SEO plugin. -->","yoast_head_json":{"title":"Mezoterapia ig\u0142owa - Diament body &amp; mind spa \u0141\u00f3d\u017a","robots":{"index":"index","follow":"follow","max-snippet":"max-snippet:-1","max-image-preview":"max-image-preview:large","max-video-preview":"max-video-preview:-1"},"canonical":"https:\/\/diamentspalodz.pl\/index.php\/mezoterapia-iglowa\/","og_locale":"pl_PL","og_type":"article","og_title":"Mezoterapia ig\u0142owa - Diament body &amp; mind spa \u0141\u00f3d\u017a","og_description":"MEZOTERAPIA IG\u0141OWA EFEKTY Mezoterapia ig\u0142owa to niechirurgiczny zabieg miejscowy, kt\u00f3rego celem jest redukcja zmarszczek i r\u00f3\u017cnego rodzaju niedoskona\u0142o\u015bci oraz poprawa kondycji sk\u00f3ry.\u00a0 W efekcie sk\u00f3ra szybko si\u0119 regeneruje oraz zyskuje \u0142adny i o wiele m\u0142odszy wygl\u0105d. Mezoterapia ig\u0142owa mo\u017ce by\u0107 stosowana nie tylko w celu od\u017cywienia i odm\u0142odzenia sk\u00f3ry. Jest tak\u017ce skutecznym sposobem na cellulit [&hellip;]","og_url":"https:\/\/diamentspalodz.pl\/index.php\/mezoterapia-iglowa\/","og_site_name":"Diament body &amp; mind spa \u0141\u00f3d\u017a","article_modified_time":"2024-11-15T10:42:02+00:00","twitter_card":"summary_large_image","twitter_misc":{"Szacowany czas czytania":"2 minuty"},"schema":{"@context":"https:\/\/schema.org","@graph":[{"@type":"WebPage","@id":"https:\/\/diamentspalodz.pl\/index.php\/mezoterapia-iglowa\/","url":"https:\/\/diamentspalodz.pl\/index.php\/mezoterapia-iglowa\/","name":"Mezoterapia ig\u0142owa - Diament body &amp; mind spa \u0141\u00f3d\u017a","isPartOf":{"@id":"https:\/\/diamentspalodz.pl\/#website"},"datePublished":"2024-11-14T17:56:01+00:00","dateModified":"2024-11-15T10:42:02+00:00","breadcrumb":{"@id":"https:\/\/diamentspalodz.pl\/index.php\/mezoterapia-iglowa\/#breadcrumb"},"inLanguage":"pl-PL","potentialAction":[{"@type":"ReadAction","target":["https:\/\/diamentspalodz.pl\/index.php\/mezoterapia-iglowa\/"]}]},{"@type":"BreadcrumbList","@id":"https:\/\/diamentspalodz.pl\/index.php\/mezoterapia-iglowa\/#breadcrumb","itemListElement":[{"@type":"ListItem","position":1,"name":"Strona g\u0142\u00f3wna","item":"https:\/\/diamentspalodz.pl\/"},{"@type":"ListItem","position":2,"name":"Mezoterapia ig\u0142owa"}]},{"@type":"WebSite","@id":"https:\/\/diamentspalodz.pl\/#website","url":"https:\/\/diamentspalodz.pl\/","name":"Diament body &amp; mind spa \u0141\u00f3d\u017a","description":"Spa w \u0141odzi, salon kosmetyczny, zabiegi na twarz i cia\u0142o, odchudzanie, odm\u0142adzanie, brwi permanentne, trychologia, likwidacja zmarszczek, lifting twarzy, modelowanie sylwetki, lipoliza, spalanie t\u0142uszczu, likwidacja cellulitu","publisher":{"@id":"https:\/\/diamentspalodz.pl\/#organization"},"potentialAction":[{"@type":"SearchAction","target":{"@type":"EntryPoint","urlTemplate":"https:\/\/diamentspalodz.pl\/?s={search_term_string}"},"query-input":"required name=search_term_string"}],"inLanguage":"pl-PL"},{"@type":"Organization","@id":"https:\/\/diamentspalodz.pl\/#organization","name":"Diament body &amp; mind spa \u0141\u00f3d\u017a","url":"https:\/\/diamentspalodz.pl\/","sameAs":[],"logo":{"@type":"ImageObject","inLanguage":"pl-PL","@id":"https:\/\/diamentspalodz.pl\/#\/schema\/logo\/image\/","url":"https:\/\/diamentspalodz.pl\/wp-content\/uploads\/2022\/10\/logo-dlugie-2.png","contentUrl":"https:\/\/diamentspalodz.pl\/wp-content\/uploads\/2022\/10\/logo-dlugie-2.png","width":267,"height":61,"caption":"Diament body &amp; mind spa \u0141\u00f3d\u017a"},"image":{"@id":"https:\/\/diamentspalodz.pl\/#\/schema\/logo\/image\/"}}]}},"_links":{"self":[{"href":"https:\/\/diamentspalodz.pl\/index.php\/wp-json\/wp\/v2\/pages\/3740","targetHints":{"allow":["GET"]}}],"collection":[{"href":"https:\/\/diamentspalodz.pl\/index.php\/wp-json\/wp\/v2\/pages"}],"about":[{"href":"https:\/\/diamentspalodz.pl\/index.php\/wp-json\/wp\/v2\/types\/page"}],"author":[{"embeddable":true,"href":"https:\/\/diamentspalodz.pl\/index.php\/wp-json\/wp\/v2\/users\/1"}],"replies":[{"embeddable":true,"href":"https:\/\/diamentspalodz.pl\/index.php\/wp-json\/wp\/v2\/comments?post=3740"}],"version-history":[{"count":7,"href":"https:\/\/diamentspalodz.pl\/index.php\/wp-json\/wp\/v2\/pages\/3740\/revisions"}],"predecessor-version":[{"id":3857,"href":"https:\/\/diamentspalodz.pl\/index.php\/wp-json\/wp\/v2\/pages\/3740\/revisions\/3857"}],"wp:attachment":[{"href":"https:\/\/diamentspalodz.pl\/index.php\/wp-json\/wp\/v2\/media?parent=3740"}],"curies":[{"name":"wp","href":"https:\/\/api.w.org\/{rel}","templated":true}]}}