{"id":4012,"date":"2024-11-24T10:47:26","date_gmt":"2024-11-24T09:47:26","guid":{"rendered":"https:\/\/diamentspalodz.pl\/?page_id=4012"},"modified":"2025-01-14T12:03:31","modified_gmt":"2025-01-14T11:03:31","slug":"innari-sylwetka-zmniejszenie-cellulitu","status":"publish","type":"page","link":"https:\/\/diamentspalodz.pl\/index.php\/innari-sylwetka-zmniejszenie-cellulitu\/","title":{"rendered":"Innari sylwetka, zmniejszenie cellulitu"},"content":{"rendered":"\t\t<div data-elementor-type=\"wp-page\" data-elementor-id=\"4012\" class=\"elementor elementor-4012\">\n\t\t\t\t\t\t<section class=\"has_eae_slider elementor-section elementor-top-section elementor-element elementor-element-30a1e7bf elementor-section-content-middle elementor-section-stretched elementor-section-boxed elementor-section-height-default elementor-section-height-default elementor-invisible\" data-id=\"30a1e7bf\" data-element_type=\"section\" data-settings=\"{&quot;stretch_section&quot;:&quot;section-stretched&quot;,&quot;animation&quot;:&quot;fadeInUp&quot;,&quot;_ha_eqh_enable&quot;:false}\">\n\t\t\t\t\t\t\t<div class=\"elementor-background-overlay\"><\/div>\n\t\t\t\t\t\t\t<div class=\"elementor-container elementor-column-gap-no\">\n\t\t\t\t\t<div class=\"has_eae_slider elementor-column elementor-col-100 elementor-top-column elementor-element elementor-element-4a728e11\" data-id=\"4a728e11\" data-element_type=\"column\">\n\t\t\t<div class=\"elementor-widget-wrap elementor-element-populated\">\n\t\t\t\t\t\t<div class=\"elementor-element elementor-element-3f2d2cd4 elementor-invisible elementor-widget elementor-widget-heading\" data-id=\"3f2d2cd4\" data-element_type=\"widget\" data-settings=\"{&quot;_animation&quot;:&quot;fadeInLeft&quot;,&quot;_animation_delay&quot;:300}\" data-widget_type=\"heading.default\">\n\t\t\t\t<div class=\"elementor-widget-container\">\n\t\t\t<h2 class=\"elementor-heading-title elementor-size-default\">INNARI NA CIA\u0141O<\/h2>\t\t<\/div>\n\t\t\t\t<\/div>\n\t\t\t\t<section class=\"has_eae_slider elementor-section elementor-inner-section elementor-element elementor-element-7657c635 elementor-section-full_width elementor-section-height-default elementor-section-height-default elementor-invisible\" data-id=\"7657c635\" data-element_type=\"section\" data-settings=\"{&quot;animation&quot;:&quot;fadeIn&quot;,&quot;_ha_eqh_enable&quot;:false}\">\n\t\t\t\t\t\t<div class=\"elementor-container elementor-column-gap-default\">\n\t\t\t\t\t<div class=\"has_eae_slider elementor-column elementor-col-50 elementor-inner-column elementor-element elementor-element-4911562d elementor-invisible\" data-id=\"4911562d\" data-element_type=\"column\" data-settings=\"{&quot;animation&quot;:&quot;fadeIn&quot;}\">\n\t\t\t<div class=\"elementor-widget-wrap elementor-element-populated\">\n\t\t\t\t\t\t<div class=\"elementor-element elementor-element-3d867b3a elementor-invisible elementor-widget elementor-widget-heading\" data-id=\"3d867b3a\" data-element_type=\"widget\" data-settings=\"{&quot;_animation&quot;:&quot;fadeInLeft&quot;,&quot;_animation_delay&quot;:300}\" data-widget_type=\"heading.default\">\n\t\t\t\t<div class=\"elementor-widget-container\">\n\t\t\t<h2 class=\"elementor-heading-title elementor-size-default\">kszta\u0142towanie sylwetki i zmniejszenie cellulitu<\/h2>\t\t<\/div>\n\t\t\t\t<\/div>\n\t\t\t\t<div class=\"elementor-element elementor-element-30af3f93 elementor-invisible elementor-widget elementor-widget-image\" data-id=\"30af3f93\" data-element_type=\"widget\" data-settings=\"{&quot;_animation&quot;:&quot;fadeInLeft&quot;}\" data-widget_type=\"image.default\">\n\t\t\t\t<div class=\"elementor-widget-container\">\n\t\t\t\t\t\t\t\t\t\t\t\t\t<img fetchpriority=\"high\" decoding=\"async\" width=\"230\" height=\"300\" src=\"https:\/\/diamentspalodz.pl\/wp-content\/uploads\/2022\/11\/przedpoinnari-230x300.jpg\" class=\"attachment-medium size-medium wp-image-2527\" alt=\"odchudzanie innari\" srcset=\"https:\/\/diamentspalodz.pl\/wp-content\/uploads\/2022\/11\/przedpoinnari-230x300.jpg 230w, https:\/\/diamentspalodz.pl\/wp-content\/uploads\/2022\/11\/przedpoinnari-786x1024.jpg 786w, https:\/\/diamentspalodz.pl\/wp-content\/uploads\/2022\/11\/przedpoinnari-768x1001.jpg 768w, https:\/\/diamentspalodz.pl\/wp-content\/uploads\/2022\/11\/przedpoinnari-1178x1536.jpg 1178w, https:\/\/diamentspalodz.pl\/wp-content\/uploads\/2022\/11\/przedpoinnari-1571x2048.jpg 1571w, https:\/\/diamentspalodz.pl\/wp-content\/uploads\/2022\/11\/przedpoinnari-scaled.jpg 1964w\" sizes=\"(max-width: 230px) 100vw, 230px\" \/>\t\t\t\t\t\t\t\t\t\t\t\t\t<\/div>\n\t\t\t\t<\/div>\n\t\t\t\t\t<\/div>\n\t\t<\/div>\n\t\t\t\t<div class=\"has_eae_slider elementor-column elementor-col-50 elementor-inner-column elementor-element elementor-element-22c3bf6d\" data-id=\"22c3bf6d\" data-element_type=\"column\">\n\t\t\t<div class=\"elementor-widget-wrap elementor-element-populated\">\n\t\t\t\t\t\t<div class=\"elementor-element elementor-element-46ee461b elementor-widget elementor-widget-image\" data-id=\"46ee461b\" data-element_type=\"widget\" data-widget_type=\"image.default\">\n\t\t\t\t<div class=\"elementor-widget-container\">\n\t\t\t\t\t\t\t\t\t\t\t\t\t<img decoding=\"async\" width=\"1024\" height=\"615\" src=\"https:\/\/diamentspalodz.pl\/wp-content\/uploads\/2022\/10\/Beznazwy-2-1024x615.jpg\" class=\"attachment-large size-large wp-image-1886\" alt=\"\" srcset=\"https:\/\/diamentspalodz.pl\/wp-content\/uploads\/2022\/10\/Beznazwy-2-1024x615.jpg 1024w, https:\/\/diamentspalodz.pl\/wp-content\/uploads\/2022\/10\/Beznazwy-2-300x180.jpg 300w, https:\/\/diamentspalodz.pl\/wp-content\/uploads\/2022\/10\/Beznazwy-2-768x461.jpg 768w, https:\/\/diamentspalodz.pl\/wp-content\/uploads\/2022\/10\/Beznazwy-2-1536x923.jpg 1536w, https:\/\/diamentspalodz.pl\/wp-content\/uploads\/2022\/10\/Beznazwy-2-2048x1230.jpg 2048w\" sizes=\"(max-width: 1024px) 100vw, 1024px\" \/>\t\t\t\t\t\t\t\t\t\t\t\t\t<\/div>\n\t\t\t\t<\/div>\n\t\t\t\t\t<\/div>\n\t\t<\/div>\n\t\t\t\t\t<\/div>\n\t\t<\/section>\n\t\t\t\t<div class=\"elementor-element elementor-element-66a96b6f eael-dt-th-align-center eael-dt-th-align-tablet-center eael-dt-th-align-mobile-center eael-dt-td-align-center eael-dt-td-align-tablet-center eael-dt-td-align-mobile-center eael-table-align-center elementor-widget elementor-widget-eael-data-table\" data-id=\"66a96b6f\" data-element_type=\"widget\" data-settings=\"{&quot;_animation_mobile&quot;:&quot;fadeInUp&quot;}\" data-widget_type=\"eael-data-table.default\">\n\t\t\t\t<div class=\"elementor-widget-container\">\n\t\t\t\t\t<div class=\"eael-data-table-wrap\" data-table_id=\"66a96b6f\" data-custom_responsive=\"false\">\n\t\t\t<table class=\"tablesorter eael-data-table center\" id=\"eael-data-table-66a96b6f\">\n\t\t\t    <thead>\n\t\t\t        <tr class=\"table-header\">\n\t\t\t\t\t\t\t\t\t            <th class=\"\" id=\"\" colspan=\"1 GODZINA\">\n\t\t\t\t\t\t\t\t\t\t\t\t\t\t<span class=\"data-table-header-text\">cZAS TRWANIA ZABIEGU<\/span><\/th>\n\t\t\t        \t\t\t\t            <th class=\"\" id=\"\" colspan=\"\">\n\t\t\t\t\t\t\t\t\t\t\t\t\t\t<span class=\"data-table-header-text\">ILO\u015a\u0106 ZABIEG\u00d3W<\/span><\/th>\n\t\t\t        \t\t\t\t            <th class=\"\" id=\"\" colspan=\"\">\n\t\t\t\t\t\t\t\t\t\t\t\t\t\t<span class=\"data-table-header-text\">ZNIECZULENIE<\/span><\/th>\n\t\t\t        \t\t\t\t        <\/tr>\n\t\t\t    <\/thead>\n\t\t\t  \t<tbody>\n\t\t\t\t\t\t\t\t\t\t\t<tr>\n\t\t\t\t\t\t\t\t\t\t\t\t\t\t\t\t   \t\t\t\t\t\t\t\t\t\t\t<td colspan=\"\" rowspan=\"\" class=\"\" id=\"\">\n\t\t\t\t\t\t\t\t\t\t\t\t<div class=\"td-content-wrapper\"><div class=\"td-content\"><p>1 - 1,5 h<\/p><\/div><\/div>\n\t\t\t\t\t\t\t\t\t\t\t<\/td>\n\t\t\t\t\t\t\t\t\t\t\t\t\t\t\t\t\t\t\t\t\t\t\t\t\t\t\t\t\t   \t\t\t\t\t\t\t\t\t\t\t<td colspan=\"\" rowspan=\"\" class=\"\" id=\"\">\n\t\t\t\t\t\t\t\t\t\t\t\t<div class=\"td-content-wrapper\"><div class=\"td-content\">3 do 6 (co 25 dni)<\/div><\/div>\n\t\t\t\t\t\t\t\t\t\t\t<\/td>\n\t\t\t\t\t\t\t\t\t\t\t\t\t\t\t\t\t\t\t\t\t\t\t\t\t\t\t\t\t   \t\t\t\t\t\t\t\t\t\t\t<td colspan=\"\" rowspan=\"\" class=\"\" id=\"\">\n\t\t\t\t\t\t\t\t\t\t\t\t<div class=\"td-content-wrapper\"><div class=\"td-content\">nie<\/div><\/div>\n\t\t\t\t\t\t\t\t\t\t\t<\/td>\n\t\t\t\t\t\t\t\t\t\t\t\t\t\t\t\t\t\t\t\t\t\t\t\t\t\t<\/tr>\n\t\t\t        \t\t\t    <\/tbody>\n\t\t\t<\/table>\n\t\t<\/div>\n\t  \t\t\t<\/div>\n\t\t\t\t<\/div>\n\t\t\t\t<div class=\"elementor-element elementor-element-1dc88c07 elementor-widget elementor-widget-menu-anchor\" data-id=\"1dc88c07\" data-element_type=\"widget\" data-widget_type=\"menu-anchor.default\">\n\t\t\t\t<div class=\"elementor-widget-container\">\n\t\t\t\t\t<div class=\"elementor-menu-anchor\" id=\"lipoliza\"><\/div>\n\t\t\t\t<\/div>\n\t\t\t\t<\/div>\n\t\t\t\t\t<\/div>\n\t\t<\/div>\n\t\t\t\t\t<\/div>\n\t\t<\/section>\n\t\t\t\t<\/div>\n\t\t","protected":false},"excerpt":{"rendered":"<p>INNARI NA CIA\u0141O kszta\u0142towanie sylwetki i zmniejszenie cellulitu cZAS TRWANIA ZABIEGU ILO\u015a\u0106 ZABIEG\u00d3W ZNIECZULENIE 1 &#8211; 1,5 h 3 do 6 (co 25 dni) nie<\/p>\n","protected":false},"author":1,"featured_media":0,"parent":0,"menu_order":0,"comment_status":"closed","ping_status":"closed","template":"","meta":{"footnotes":""},"class_list":["post-4012","page","type-page","status-publish","hentry","entry"],"yoast_head":"<!-- This site is optimized with the Yoast SEO plugin v19.7.2 - https:\/\/yoast.com\/wordpress\/plugins\/seo\/ -->\n<title>Innari sylwetka, zmniejszenie cellulitu - Diament body &amp; mind spa \u0141\u00f3d\u017a<\/title>\n<meta name=\"description\" content=\"KSZTA\u0141TOWANIE SYLWETKI I ZMNIEJSZENIE CELLULITU\" \/>\n<meta name=\"robots\" content=\"index, follow, max-snippet:-1, max-image-preview:large, max-video-preview:-1\" \/>\n<link rel=\"canonical\" href=\"https:\/\/diamentspalodz.pl\/index.php\/innari-sylwetka-zmniejszenie-cellulitu\/\" \/>\n<meta property=\"og:locale\" content=\"pl_PL\" \/>\n<meta property=\"og:type\" content=\"article\" \/>\n<meta property=\"og:title\" content=\"Innari sylwetka, zmniejszenie cellulitu - Diament body &amp; mind spa \u0141\u00f3d\u017a\" \/>\n<meta property=\"og:description\" content=\"KSZTA\u0141TOWANIE SYLWETKI I ZMNIEJSZENIE CELLULITU\" \/>\n<meta property=\"og:url\" content=\"https:\/\/diamentspalodz.pl\/index.php\/innari-sylwetka-zmniejszenie-cellulitu\/\" \/>\n<meta property=\"og:site_name\" content=\"Diament body &amp; mind spa \u0141\u00f3d\u017a\" \/>\n<meta property=\"article:modified_time\" content=\"2025-01-14T11:03:31+00:00\" \/>\n<meta property=\"og:image\" content=\"https:\/\/diamentspalodz.pl\/wp-content\/uploads\/2022\/11\/przedpoinnari-230x300.jpg\" \/>\n<meta name=\"twitter:card\" content=\"summary_large_image\" \/>\n<meta name=\"twitter:label1\" content=\"Szacowany czas czytania\" \/>\n\t<meta name=\"twitter:data1\" content=\"1 minuta\" \/>\n<script type=\"application\/ld+json\" class=\"yoast-schema-graph\">{\"@context\":\"https:\/\/schema.org\",\"@graph\":[{\"@type\":\"WebPage\",\"@id\":\"https:\/\/diamentspalodz.pl\/index.php\/innari-sylwetka-zmniejszenie-cellulitu\/\",\"url\":\"https:\/\/diamentspalodz.pl\/index.php\/innari-sylwetka-zmniejszenie-cellulitu\/\",\"name\":\"Innari sylwetka, zmniejszenie cellulitu - Diament body &amp; mind spa \u0141\u00f3d\u017a\",\"isPartOf\":{\"@id\":\"https:\/\/diamentspalodz.pl\/#website\"},\"datePublished\":\"2024-11-24T09:47:26+00:00\",\"dateModified\":\"2025-01-14T11:03:31+00:00\",\"description\":\"KSZTA\u0141TOWANIE SYLWETKI I ZMNIEJSZENIE CELLULITU\",\"breadcrumb\":{\"@id\":\"https:\/\/diamentspalodz.pl\/index.php\/innari-sylwetka-zmniejszenie-cellulitu\/#breadcrumb\"},\"inLanguage\":\"pl-PL\",\"potentialAction\":[{\"@type\":\"ReadAction\",\"target\":[\"https:\/\/diamentspalodz.pl\/index.php\/innari-sylwetka-zmniejszenie-cellulitu\/\"]}]},{\"@type\":\"BreadcrumbList\",\"@id\":\"https:\/\/diamentspalodz.pl\/index.php\/innari-sylwetka-zmniejszenie-cellulitu\/#breadcrumb\",\"itemListElement\":[{\"@type\":\"ListItem\",\"position\":1,\"name\":\"Strona g\u0142\u00f3wna\",\"item\":\"https:\/\/diamentspalodz.pl\/\"},{\"@type\":\"ListItem\",\"position\":2,\"name\":\"Innari sylwetka, zmniejszenie cellulitu\"}]},{\"@type\":\"WebSite\",\"@id\":\"https:\/\/diamentspalodz.pl\/#website\",\"url\":\"https:\/\/diamentspalodz.pl\/\",\"name\":\"Diament body &amp; mind spa \u0141\u00f3d\u017a\",\"description\":\"Spa w \u0141odzi, salon kosmetyczny, zabiegi na twarz i cia\u0142o, odchudzanie, odm\u0142adzanie, brwi permanentne, trychologia, likwidacja zmarszczek, lifting twarzy, modelowanie sylwetki, lipoliza, spalanie t\u0142uszczu, likwidacja cellulitu\",\"publisher\":{\"@id\":\"https:\/\/diamentspalodz.pl\/#organization\"},\"potentialAction\":[{\"@type\":\"SearchAction\",\"target\":{\"@type\":\"EntryPoint\",\"urlTemplate\":\"https:\/\/diamentspalodz.pl\/?s={search_term_string}\"},\"query-input\":\"required name=search_term_string\"}],\"inLanguage\":\"pl-PL\"},{\"@type\":\"Organization\",\"@id\":\"https:\/\/diamentspalodz.pl\/#organization\",\"name\":\"Diament body &amp; mind spa \u0141\u00f3d\u017a\",\"url\":\"https:\/\/diamentspalodz.pl\/\",\"sameAs\":[],\"logo\":{\"@type\":\"ImageObject\",\"inLanguage\":\"pl-PL\",\"@id\":\"https:\/\/diamentspalodz.pl\/#\/schema\/logo\/image\/\",\"url\":\"https:\/\/diamentspalodz.pl\/wp-content\/uploads\/2022\/10\/logo-dlugie-2.png\",\"contentUrl\":\"https:\/\/diamentspalodz.pl\/wp-content\/uploads\/2022\/10\/logo-dlugie-2.png\",\"width\":267,\"height\":61,\"caption\":\"Diament body &amp; mind spa \u0141\u00f3d\u017a\"},\"image\":{\"@id\":\"https:\/\/diamentspalodz.pl\/#\/schema\/logo\/image\/\"}}]}<\/script>\n<!-- \/ Yoast SEO plugin. -->","yoast_head_json":{"title":"Innari sylwetka, zmniejszenie cellulitu - Diament body &amp; mind spa \u0141\u00f3d\u017a","description":"KSZTA\u0141TOWANIE SYLWETKI I ZMNIEJSZENIE CELLULITU","robots":{"index":"index","follow":"follow","max-snippet":"max-snippet:-1","max-image-preview":"max-image-preview:large","max-video-preview":"max-video-preview:-1"},"canonical":"https:\/\/diamentspalodz.pl\/index.php\/innari-sylwetka-zmniejszenie-cellulitu\/","og_locale":"pl_PL","og_type":"article","og_title":"Innari sylwetka, zmniejszenie cellulitu - Diament body &amp; mind spa \u0141\u00f3d\u017a","og_description":"KSZTA\u0141TOWANIE SYLWETKI I ZMNIEJSZENIE CELLULITU","og_url":"https:\/\/diamentspalodz.pl\/index.php\/innari-sylwetka-zmniejszenie-cellulitu\/","og_site_name":"Diament body &amp; mind spa \u0141\u00f3d\u017a","article_modified_time":"2025-01-14T11:03:31+00:00","og_image":[{"url":"https:\/\/diamentspalodz.pl\/wp-content\/uploads\/2022\/11\/przedpoinnari-230x300.jpg"}],"twitter_card":"summary_large_image","twitter_misc":{"Szacowany czas czytania":"1 minuta"},"schema":{"@context":"https:\/\/schema.org","@graph":[{"@type":"WebPage","@id":"https:\/\/diamentspalodz.pl\/index.php\/innari-sylwetka-zmniejszenie-cellulitu\/","url":"https:\/\/diamentspalodz.pl\/index.php\/innari-sylwetka-zmniejszenie-cellulitu\/","name":"Innari sylwetka, zmniejszenie cellulitu - Diament body &amp; mind spa \u0141\u00f3d\u017a","isPartOf":{"@id":"https:\/\/diamentspalodz.pl\/#website"},"datePublished":"2024-11-24T09:47:26+00:00","dateModified":"2025-01-14T11:03:31+00:00","description":"KSZTA\u0141TOWANIE SYLWETKI I ZMNIEJSZENIE CELLULITU","breadcrumb":{"@id":"https:\/\/diamentspalodz.pl\/index.php\/innari-sylwetka-zmniejszenie-cellulitu\/#breadcrumb"},"inLanguage":"pl-PL","potentialAction":[{"@type":"ReadAction","target":["https:\/\/diamentspalodz.pl\/index.php\/innari-sylwetka-zmniejszenie-cellulitu\/"]}]},{"@type":"BreadcrumbList","@id":"https:\/\/diamentspalodz.pl\/index.php\/innari-sylwetka-zmniejszenie-cellulitu\/#breadcrumb","itemListElement":[{"@type":"ListItem","position":1,"name":"Strona g\u0142\u00f3wna","item":"https:\/\/diamentspalodz.pl\/"},{"@type":"ListItem","position":2,"name":"Innari sylwetka, zmniejszenie cellulitu"}]},{"@type":"WebSite","@id":"https:\/\/diamentspalodz.pl\/#website","url":"https:\/\/diamentspalodz.pl\/","name":"Diament body &amp; mind spa \u0141\u00f3d\u017a","description":"Spa w \u0141odzi, salon kosmetyczny, zabiegi na twarz i cia\u0142o, odchudzanie, odm\u0142adzanie, brwi permanentne, trychologia, likwidacja zmarszczek, lifting twarzy, modelowanie sylwetki, lipoliza, spalanie t\u0142uszczu, likwidacja cellulitu","publisher":{"@id":"https:\/\/diamentspalodz.pl\/#organization"},"potentialAction":[{"@type":"SearchAction","target":{"@type":"EntryPoint","urlTemplate":"https:\/\/diamentspalodz.pl\/?s={search_term_string}"},"query-input":"required name=search_term_string"}],"inLanguage":"pl-PL"},{"@type":"Organization","@id":"https:\/\/diamentspalodz.pl\/#organization","name":"Diament body &amp; mind spa \u0141\u00f3d\u017a","url":"https:\/\/diamentspalodz.pl\/","sameAs":[],"logo":{"@type":"ImageObject","inLanguage":"pl-PL","@id":"https:\/\/diamentspalodz.pl\/#\/schema\/logo\/image\/","url":"https:\/\/diamentspalodz.pl\/wp-content\/uploads\/2022\/10\/logo-dlugie-2.png","contentUrl":"https:\/\/diamentspalodz.pl\/wp-content\/uploads\/2022\/10\/logo-dlugie-2.png","width":267,"height":61,"caption":"Diament body &amp; mind spa \u0141\u00f3d\u017a"},"image":{"@id":"https:\/\/diamentspalodz.pl\/#\/schema\/logo\/image\/"}}]}},"_links":{"self":[{"href":"https:\/\/diamentspalodz.pl\/index.php\/wp-json\/wp\/v2\/pages\/4012","targetHints":{"allow":["GET"]}}],"collection":[{"href":"https:\/\/diamentspalodz.pl\/index.php\/wp-json\/wp\/v2\/pages"}],"about":[{"href":"https:\/\/diamentspalodz.pl\/index.php\/wp-json\/wp\/v2\/types\/page"}],"author":[{"embeddable":true,"href":"https:\/\/diamentspalodz.pl\/index.php\/wp-json\/wp\/v2\/users\/1"}],"replies":[{"embeddable":true,"href":"https:\/\/diamentspalodz.pl\/index.php\/wp-json\/wp\/v2\/comments?post=4012"}],"version-history":[{"count":4,"href":"https:\/\/diamentspalodz.pl\/index.php\/wp-json\/wp\/v2\/pages\/4012\/revisions"}],"predecessor-version":[{"id":4020,"href":"https:\/\/diamentspalodz.pl\/index.php\/wp-json\/wp\/v2\/pages\/4012\/revisions\/4020"}],"wp:attachment":[{"href":"https:\/\/diamentspalodz.pl\/index.php\/wp-json\/wp\/v2\/media?parent=4012"}],"curies":[{"name":"wp","href":"https:\/\/api.w.org\/{rel}","templated":true}]}}