{"id":4021,"date":"2024-11-24T11:02:45","date_gmt":"2024-11-24T10:02:45","guid":{"rendered":"https:\/\/diamentspalodz.pl\/?page_id=4021"},"modified":"2025-01-14T12:06:19","modified_gmt":"2025-01-14T11:06:19","slug":"sauna-karbonowa","status":"publish","type":"page","link":"https:\/\/diamentspalodz.pl\/index.php\/sauna-karbonowa\/","title":{"rendered":"Sauna karbonowa"},"content":{"rendered":"\t\t<div data-elementor-type=\"wp-page\" data-elementor-id=\"4021\" class=\"elementor elementor-4021\">\n\t\t\t\t\t\t<section class=\"has_eae_slider elementor-section elementor-top-section elementor-element elementor-element-10b8d95b elementor-section-content-middle elementor-section-stretched elementor-section-boxed elementor-section-height-default elementor-section-height-default elementor-invisible\" data-id=\"10b8d95b\" data-element_type=\"section\" data-settings=\"{&quot;stretch_section&quot;:&quot;section-stretched&quot;,&quot;animation&quot;:&quot;fadeInUp&quot;,&quot;_ha_eqh_enable&quot;:false}\">\n\t\t\t\t\t\t\t<div class=\"elementor-background-overlay\"><\/div>\n\t\t\t\t\t\t\t<div class=\"elementor-container elementor-column-gap-no\">\n\t\t\t\t\t<div class=\"has_eae_slider elementor-column elementor-col-100 elementor-top-column elementor-element elementor-element-4a29b7cf\" data-id=\"4a29b7cf\" data-element_type=\"column\">\n\t\t\t<div class=\"elementor-widget-wrap elementor-element-populated\">\n\t\t\t\t\t\t<div class=\"elementor-element elementor-element-76f0f4ce elementor-invisible elementor-widget elementor-widget-heading\" data-id=\"76f0f4ce\" data-element_type=\"widget\" data-settings=\"{&quot;_animation&quot;:&quot;fadeInLeft&quot;,&quot;_animation_delay&quot;:300}\" data-widget_type=\"heading.default\">\n\t\t\t\t<div class=\"elementor-widget-container\">\n\t\t\t<h2 class=\"elementor-heading-title elementor-size-default\">SAUNA KARBONOWA<\/h2>\t\t<\/div>\n\t\t\t\t<\/div>\n\t\t\t\t<section class=\"has_eae_slider elementor-section elementor-inner-section elementor-element elementor-element-76c41948 elementor-section-full_width elementor-section-height-default elementor-section-height-default elementor-invisible\" data-id=\"76c41948\" data-element_type=\"section\" data-settings=\"{&quot;animation&quot;:&quot;fadeIn&quot;,&quot;_ha_eqh_enable&quot;:false}\">\n\t\t\t\t\t\t<div class=\"elementor-container elementor-column-gap-default\">\n\t\t\t\t\t<div class=\"has_eae_slider elementor-column elementor-col-50 elementor-inner-column elementor-element elementor-element-5f37d538 elementor-invisible\" data-id=\"5f37d538\" data-element_type=\"column\" data-settings=\"{&quot;animation&quot;:&quot;fadeIn&quot;}\">\n\t\t\t<div class=\"elementor-widget-wrap elementor-element-populated\">\n\t\t\t\t\t\t<div class=\"elementor-element elementor-element-3ea0bd37 elementor-invisible elementor-widget elementor-widget-heading\" data-id=\"3ea0bd37\" data-element_type=\"widget\" data-settings=\"{&quot;_animation&quot;:&quot;fadeInLeft&quot;,&quot;_animation_delay&quot;:300}\" data-widget_type=\"heading.default\">\n\t\t\t\t<div class=\"elementor-widget-container\">\n\t\t\t<h2 class=\"elementor-heading-title elementor-size-default\">EFEKTY:\n<\/h2>\t\t<\/div>\n\t\t\t\t<\/div>\n\t\t\t\t<div class=\"elementor-element elementor-element-6e3e34d1 elementor-invisible elementor-widget elementor-widget-text-editor\" data-id=\"6e3e34d1\" data-element_type=\"widget\" data-settings=\"{&quot;_animation&quot;:&quot;fadeInLeft&quot;,&quot;_animation_delay&quot;:400}\" data-widget_type=\"text-editor.default\">\n\t\t\t\t<div class=\"elementor-widget-container\">\n\t\t\t\t\t\t\t<p>-reguluje przemian\u0119 materii<br \/>-dzia\u0142a jako \u015brodek antystresowy i relaksacyjny,<br \/>-likwiduje zaburzenia snu;<br \/>-usuwa szkodliwe toksyny i metale ci\u0119\u017ckie &#8211; detoksykuje<br \/>-sk\u00f3ra staje si\u0119 bardziej j\u0119drna i zdrowo wygl\u0105daj\u0105ca;<br \/>-przy\u015bpiesza gojenie ran oparzeniowych i skalecze\u0144<br \/>-pomaga zwalcza\u0107 cellulit<br \/>-poprawia ukrwienie sk\u00f3ry<br \/>-pomaga zniwelowa\u0107 objawy \u0142uszczycy, egzemy;<br \/>-zwalcza tr\u0105dzik<br \/>-\u0142agodzi b\u00f3le mi\u0119\u015bni, staw\u00f3w<br \/>-wskazane w leczeniu dyskopatii<br \/>-pomaga eliminowa\u0107 skurcze, napi\u0119cia i nadwyr\u0119\u017cenie mi\u0119\u015bni<br \/>-\u0142agodzi b\u00f3le l\u0119d\u017awiowe i korzonkowe<br \/>-wspomaga leczenie artretyzmu, reumatyzmu i choroby zwyrodnieniowej staw\u00f3w<br \/>-wzmacnia mi\u0119sie\u0144 sercowy i uk\u0142ad kr\u0105\u017cenia (intensywny pasywny trening)<br \/>-poprawia kr\u0105\u017cenie krwi<br \/>-stabilizuje ci\u015bnienie zar\u00f3wno niskie jak i wysokie<br \/>-pomaga wyr\u00f3wna\u0107 naczyniowe nadci\u015bnienie<\/p><p><br \/>Inne:<br \/>reguluje przemian\u0119 materii<br \/>wspomaga leczenie nast\u0119puj\u0105cych dolegliwo\u015bci i chor\u00f3b: cukrzyca, choroby kobiece, nie\u017cyt oskrzeli, zapalenie zatok, nie\u017cyt \u017co\u0142\u0105dka, oty\u0142o\u015b\u0107, choroby uszu, syndromy menopauzy, depresja.<br \/>Dla os\u00f3b starszych:<br \/>G\u0142\u0119bokie ciep\u0142o podczerwieni daje skuteczn\u0105 pomoc i wsparcie w profilaktyce i przy \u0142agodzeniu licznych problem\u00f3w zdrowotnych. Czyni ono organizm odporniejszym na zmiany termiczne, wspomaga ukrwienie i cyrkulacj\u0119 kr\u0105\u017cenia, pomaga m.in. w dolegliwo\u015bciach reumatycznych, artretyzmie, b\u00f3lach staw\u00f3w, plec\u00f3w i mi\u0119\u015bni. U os\u00f3b o niskim ci\u015bnieniu stosowanie g\u0142\u0119bokiego ciep\u0142a podczerwieni pobudza i poprawia samopoczucie.<\/p>\t\t\t\t\t\t<\/div>\n\t\t\t\t<\/div>\n\t\t\t\t<div class=\"elementor-element elementor-element-1d7bca elementor-widget elementor-widget-image\" data-id=\"1d7bca\" data-element_type=\"widget\" data-widget_type=\"image.default\">\n\t\t\t\t<div class=\"elementor-widget-container\">\n\t\t\t\t\t\t\t\t\t\t\t\t\t<img decoding=\"async\" width=\"150\" height=\"150\" src=\"https:\/\/diamentspalodz.pl\/wp-content\/uploads\/2022\/12\/koc-150x150.jpg\" class=\"attachment-thumbnail size-thumbnail wp-image-2749\" alt=\"\" srcset=\"https:\/\/diamentspalodz.pl\/wp-content\/uploads\/2022\/12\/koc-150x150.jpg 150w, https:\/\/diamentspalodz.pl\/wp-content\/uploads\/2022\/12\/koc-300x300.jpg 300w, https:\/\/diamentspalodz.pl\/wp-content\/uploads\/2022\/12\/koc-768x768.jpg 768w, https:\/\/diamentspalodz.pl\/wp-content\/uploads\/2022\/12\/koc-600x600.jpg 600w, https:\/\/diamentspalodz.pl\/wp-content\/uploads\/2022\/12\/koc.jpg 800w\" sizes=\"(max-width: 150px) 100vw, 150px\" \/>\t\t\t\t\t\t\t\t\t\t\t\t\t<\/div>\n\t\t\t\t<\/div>\n\t\t\t\t<div class=\"elementor-element elementor-element-5209592f elementor-invisible elementor-widget elementor-widget-text-editor\" data-id=\"5209592f\" data-element_type=\"widget\" data-settings=\"{&quot;_animation&quot;:&quot;fadeInLeft&quot;,&quot;_animation_delay&quot;:400}\" data-widget_type=\"text-editor.default\">\n\t\t\t\t<div class=\"elementor-widget-container\">\n\t\t\t\t\t\t\t<p>Specjalistyczne urz\u0105dzenie wyszczuplaj\u0105co \u2013 modeluj\u0105ce sylwetk\u0119 w formie ko\u0142dry karbonowej z trzema oddzielnymi, regulowanymi strefami grzewczymi. To system g\u0142\u0119bokiej penetracji promieniami podczerwieni (infrared, infrarouge).<\/p><ul><li>Spala 600 kalorii w pojedynczej 20-30 minutowej sesji!<\/li><li>Korzystanie z sauny karbonowej wspomaga odchudzanie.<\/li><li>Podczerwie\u0144 stymuluje produkcj\u0119 kolagenu, odpowiadaj\u0105cego w naszym organizmie za pi\u0119kn\u0105 i j\u0119drn\u0105 sk\u00f3r\u0119.<\/li><li>Otwiera pory oraz przy\u015bpiesza kr\u0105\u017cenie krwi i metabolizm, co powoduje szybsze wch\u0142oni\u0119cie preparat\u00f3w kosmetycznych na\u0142o\u017conych na sk\u00f3r\u0119, zwi\u0119kszaj\u0105c tym samym ich skuteczno\u015b\u0107 i wspomagaj\u0105c wnikanie do sk\u00f3ry substancji.<\/li><li>Sk\u00f3ra zyskuje zdrowy koloryt, staje si\u0119 g\u0142adka i aksamitna.<\/li><li>Ciep\u0142o FIR powoduje, \u017ce zwi\u0105zki truj\u0105ce uwalniane s\u0105 z kom\u00f3rek a zwi\u0105zki truj\u0105ce opuszcz\u0105 cia\u0142o wraz z potem.<\/li><\/ul>\t\t\t\t\t\t<\/div>\n\t\t\t\t<\/div>\n\t\t\t\t\t<\/div>\n\t\t<\/div>\n\t\t\t\t<div class=\"has_eae_slider elementor-column elementor-col-50 elementor-inner-column elementor-element elementor-element-70a32c3e\" data-id=\"70a32c3e\" data-element_type=\"column\">\n\t\t\t<div class=\"elementor-widget-wrap elementor-element-populated\">\n\t\t\t\t\t\t<div class=\"elementor-element elementor-element-9e01898 elementor-widget elementor-widget-image\" data-id=\"9e01898\" data-element_type=\"widget\" data-widget_type=\"image.default\">\n\t\t\t\t<div class=\"elementor-widget-container\">\n\t\t\t\t\t\t\t\t\t\t\t\t\t<img fetchpriority=\"high\" decoding=\"async\" width=\"1024\" height=\"682\" src=\"https:\/\/diamentspalodz.pl\/wp-content\/uploads\/2022\/12\/saa-1024x682.webp\" class=\"attachment-large size-large wp-image-2747\" alt=\"\" srcset=\"https:\/\/diamentspalodz.pl\/wp-content\/uploads\/2022\/12\/saa-1024x682.webp 1024w, https:\/\/diamentspalodz.pl\/wp-content\/uploads\/2022\/12\/saa-300x200.webp 300w, https:\/\/diamentspalodz.pl\/wp-content\/uploads\/2022\/12\/saa-768x512.webp 768w, https:\/\/diamentspalodz.pl\/wp-content\/uploads\/2022\/12\/saa-1536x1024.webp 1536w, https:\/\/diamentspalodz.pl\/wp-content\/uploads\/2022\/12\/saa.webp 2000w\" sizes=\"(max-width: 1024px) 100vw, 1024px\" \/>\t\t\t\t\t\t\t\t\t\t\t\t\t<\/div>\n\t\t\t\t<\/div>\n\t\t\t\t<div class=\"elementor-element elementor-element-1ec1be85 elementor-invisible elementor-widget elementor-widget-heading\" data-id=\"1ec1be85\" data-element_type=\"widget\" data-settings=\"{&quot;_animation&quot;:&quot;fadeInLeft&quot;,&quot;_animation_delay&quot;:400}\" data-widget_type=\"heading.default\">\n\t\t\t\t<div class=\"elementor-widget-container\">\n\t\t\t<h2 class=\"elementor-heading-title elementor-size-default\">dzia\u0142anie<\/h2>\t\t<\/div>\n\t\t\t\t<\/div>\n\t\t\t\t<div class=\"elementor-element elementor-element-5e7503f3 elementor-invisible elementor-widget elementor-widget-text-editor\" data-id=\"5e7503f3\" data-element_type=\"widget\" data-settings=\"{&quot;_animation&quot;:&quot;fadeInLeft&quot;,&quot;_animation_delay&quot;:400}\" data-widget_type=\"text-editor.default\">\n\t\t\t\t<div class=\"elementor-widget-container\">\n\t\t\t\t\t\t\t<p>40 minutowa sesja wytwarza tak\u0105 sam\u0105 ilo\u015b\u0107 potu jak 10 km bieg.!<\/p><p>FIR posiada w\u0142a\u015bciwo\u015bci biostymulacyjne i zdrowotne, st\u0105d jej zastosowanie w przypadku b\u00f3l\u00f3w mi\u0119\u015bniowych, leczenia kontuzji i stan\u00f3w zapalnych oraz p\u0142ytkich zaburze\u0144 kr\u0105\u017cenia. Z jej pomoc\u0105 mo\u017cna leczy\u0107 takie schorzenia jak: choroby sk\u00f3ry, mi\u0119\u015bni, rwa kulszowa, wysokie ci\u015bnienie krwi, stres, zm\u0119czenie, reumatyzm, b\u00f3l g\u0142owy, artretyzm, bezsenno\u015b\u0107, przezi\u0119bienia. Energia podczerwieni korzystnie wp\u0142ywa na uk\u0142ad sercowo naczyniowy, uk\u0142ad oddechowy, gospodark\u0119 wodno-elektrolitow\u0105, czynno\u015b\u0107 wydzielnicz\u0105 nerek i wielu innych gruczo\u0142\u00f3w. Poza tym obni\u017ca napi\u0119cie mi\u0119\u015bni, zmniejsza pobudliwo\u015b\u0107 nerwow\u0105 oraz wra\u017cliwo\u015b\u0107 receptorow\u0105, przez co dzia\u0142a uspokajaj\u0105co i przeciwb\u00f3lowo, a tak\u017ce znacznie przyspiesza przemian\u0119 materii. Promieniowanie podczerwone oczyszcza sk\u00f3r\u0119 i tkanki podsk\u00f3rne z toksyn oraz likwiduje cellulit.<\/p>\t\t\t\t\t\t<\/div>\n\t\t\t\t<\/div>\n\t\t\t\t\t<\/div>\n\t\t<\/div>\n\t\t\t\t\t<\/div>\n\t\t<\/section>\n\t\t\t\t\t<\/div>\n\t\t<\/div>\n\t\t\t\t\t<\/div>\n\t\t<\/section>\n\t\t\t\t<\/div>\n\t\t","protected":false},"excerpt":{"rendered":"<p>SAUNA KARBONOWA EFEKTY: -reguluje przemian\u0119 materii-dzia\u0142a jako \u015brodek antystresowy i relaksacyjny,-likwiduje zaburzenia snu;-usuwa szkodliwe toksyny i metale ci\u0119\u017ckie &#8211; detoksykuje-sk\u00f3ra staje si\u0119 bardziej j\u0119drna i zdrowo wygl\u0105daj\u0105ca;-przy\u015bpiesza gojenie ran oparzeniowych i skalecze\u0144-pomaga zwalcza\u0107 cellulit-poprawia ukrwienie sk\u00f3ry-pomaga zniwelowa\u0107 objawy \u0142uszczycy, egzemy;-zwalcza tr\u0105dzik-\u0142agodzi b\u00f3le mi\u0119\u015bni, staw\u00f3w-wskazane w leczeniu dyskopatii-pomaga eliminowa\u0107 skurcze, napi\u0119cia i nadwyr\u0119\u017cenie mi\u0119\u015bni-\u0142agodzi b\u00f3le l\u0119d\u017awiowe [&hellip;]<\/p>\n","protected":false},"author":1,"featured_media":0,"parent":0,"menu_order":0,"comment_status":"closed","ping_status":"closed","template":"","meta":{"footnotes":""},"class_list":["post-4021","page","type-page","status-publish","hentry","entry"],"yoast_head":"<!-- This site is optimized with the Yoast SEO plugin v19.7.2 - https:\/\/yoast.com\/wordpress\/plugins\/seo\/ -->\n<title>Sauna karbonowa - Diament body &amp; mind spa \u0141\u00f3d\u017a<\/title>\n<meta name=\"description\" content=\"-reguluje przemian\u0119 materii-dzia\u0142a jako \u015brodek antystresowy i relaksacyjny,-likwiduje zaburzenia snu;-usuwa szkodliwe toksyny i metale ci\u0119\u017ckie \u2013 detoksykuje\" \/>\n<meta name=\"robots\" content=\"index, follow, max-snippet:-1, max-image-preview:large, max-video-preview:-1\" \/>\n<link rel=\"canonical\" href=\"https:\/\/diamentspalodz.pl\/index.php\/sauna-karbonowa\/\" \/>\n<meta property=\"og:locale\" content=\"pl_PL\" \/>\n<meta property=\"og:type\" content=\"article\" \/>\n<meta property=\"og:title\" content=\"Sauna karbonowa - Diament body &amp; mind spa \u0141\u00f3d\u017a\" \/>\n<meta property=\"og:description\" content=\"-reguluje przemian\u0119 materii-dzia\u0142a jako \u015brodek antystresowy i relaksacyjny,-likwiduje zaburzenia snu;-usuwa szkodliwe toksyny i metale ci\u0119\u017ckie \u2013 detoksykuje\" \/>\n<meta property=\"og:url\" content=\"https:\/\/diamentspalodz.pl\/index.php\/sauna-karbonowa\/\" \/>\n<meta property=\"og:site_name\" content=\"Diament body &amp; mind spa \u0141\u00f3d\u017a\" \/>\n<meta property=\"article:modified_time\" content=\"2025-01-14T11:06:19+00:00\" \/>\n<meta property=\"og:image\" content=\"https:\/\/diamentspalodz.pl\/wp-content\/uploads\/2022\/12\/koc-150x150.jpg\" \/>\n<meta name=\"twitter:card\" content=\"summary_large_image\" \/>\n<meta name=\"twitter:label1\" content=\"Szacowany czas czytania\" \/>\n\t<meta name=\"twitter:data1\" content=\"3 minuty\" \/>\n<script type=\"application\/ld+json\" class=\"yoast-schema-graph\">{\"@context\":\"https:\/\/schema.org\",\"@graph\":[{\"@type\":\"WebPage\",\"@id\":\"https:\/\/diamentspalodz.pl\/index.php\/sauna-karbonowa\/\",\"url\":\"https:\/\/diamentspalodz.pl\/index.php\/sauna-karbonowa\/\",\"name\":\"Sauna karbonowa - Diament body &amp; mind spa \u0141\u00f3d\u017a\",\"isPartOf\":{\"@id\":\"https:\/\/diamentspalodz.pl\/#website\"},\"datePublished\":\"2024-11-24T10:02:45+00:00\",\"dateModified\":\"2025-01-14T11:06:19+00:00\",\"description\":\"-reguluje przemian\u0119 materii-dzia\u0142a jako \u015brodek antystresowy i relaksacyjny,-likwiduje zaburzenia snu;-usuwa szkodliwe toksyny i metale ci\u0119\u017ckie \u2013 detoksykuje\",\"breadcrumb\":{\"@id\":\"https:\/\/diamentspalodz.pl\/index.php\/sauna-karbonowa\/#breadcrumb\"},\"inLanguage\":\"pl-PL\",\"potentialAction\":[{\"@type\":\"ReadAction\",\"target\":[\"https:\/\/diamentspalodz.pl\/index.php\/sauna-karbonowa\/\"]}]},{\"@type\":\"BreadcrumbList\",\"@id\":\"https:\/\/diamentspalodz.pl\/index.php\/sauna-karbonowa\/#breadcrumb\",\"itemListElement\":[{\"@type\":\"ListItem\",\"position\":1,\"name\":\"Strona g\u0142\u00f3wna\",\"item\":\"https:\/\/diamentspalodz.pl\/\"},{\"@type\":\"ListItem\",\"position\":2,\"name\":\"Sauna karbonowa\"}]},{\"@type\":\"WebSite\",\"@id\":\"https:\/\/diamentspalodz.pl\/#website\",\"url\":\"https:\/\/diamentspalodz.pl\/\",\"name\":\"Diament body &amp; mind spa \u0141\u00f3d\u017a\",\"description\":\"Spa w \u0141odzi, salon kosmetyczny, zabiegi na twarz i cia\u0142o, odchudzanie, odm\u0142adzanie, brwi permanentne, trychologia, likwidacja zmarszczek, lifting twarzy, modelowanie sylwetki, lipoliza, spalanie t\u0142uszczu, likwidacja cellulitu\",\"publisher\":{\"@id\":\"https:\/\/diamentspalodz.pl\/#organization\"},\"potentialAction\":[{\"@type\":\"SearchAction\",\"target\":{\"@type\":\"EntryPoint\",\"urlTemplate\":\"https:\/\/diamentspalodz.pl\/?s={search_term_string}\"},\"query-input\":\"required name=search_term_string\"}],\"inLanguage\":\"pl-PL\"},{\"@type\":\"Organization\",\"@id\":\"https:\/\/diamentspalodz.pl\/#organization\",\"name\":\"Diament body &amp; mind spa \u0141\u00f3d\u017a\",\"url\":\"https:\/\/diamentspalodz.pl\/\",\"sameAs\":[],\"logo\":{\"@type\":\"ImageObject\",\"inLanguage\":\"pl-PL\",\"@id\":\"https:\/\/diamentspalodz.pl\/#\/schema\/logo\/image\/\",\"url\":\"https:\/\/diamentspalodz.pl\/wp-content\/uploads\/2022\/10\/logo-dlugie-2.png\",\"contentUrl\":\"https:\/\/diamentspalodz.pl\/wp-content\/uploads\/2022\/10\/logo-dlugie-2.png\",\"width\":267,\"height\":61,\"caption\":\"Diament body &amp; mind spa \u0141\u00f3d\u017a\"},\"image\":{\"@id\":\"https:\/\/diamentspalodz.pl\/#\/schema\/logo\/image\/\"}}]}<\/script>\n<!-- \/ Yoast SEO plugin. -->","yoast_head_json":{"title":"Sauna karbonowa - Diament body &amp; mind spa \u0141\u00f3d\u017a","description":"-reguluje przemian\u0119 materii-dzia\u0142a jako \u015brodek antystresowy i relaksacyjny,-likwiduje zaburzenia snu;-usuwa szkodliwe toksyny i metale ci\u0119\u017ckie \u2013 detoksykuje","robots":{"index":"index","follow":"follow","max-snippet":"max-snippet:-1","max-image-preview":"max-image-preview:large","max-video-preview":"max-video-preview:-1"},"canonical":"https:\/\/diamentspalodz.pl\/index.php\/sauna-karbonowa\/","og_locale":"pl_PL","og_type":"article","og_title":"Sauna karbonowa - Diament body &amp; mind spa \u0141\u00f3d\u017a","og_description":"-reguluje przemian\u0119 materii-dzia\u0142a jako \u015brodek antystresowy i relaksacyjny,-likwiduje zaburzenia snu;-usuwa szkodliwe toksyny i metale ci\u0119\u017ckie \u2013 detoksykuje","og_url":"https:\/\/diamentspalodz.pl\/index.php\/sauna-karbonowa\/","og_site_name":"Diament body &amp; mind spa \u0141\u00f3d\u017a","article_modified_time":"2025-01-14T11:06:19+00:00","og_image":[{"url":"https:\/\/diamentspalodz.pl\/wp-content\/uploads\/2022\/12\/koc-150x150.jpg"}],"twitter_card":"summary_large_image","twitter_misc":{"Szacowany czas czytania":"3 minuty"},"schema":{"@context":"https:\/\/schema.org","@graph":[{"@type":"WebPage","@id":"https:\/\/diamentspalodz.pl\/index.php\/sauna-karbonowa\/","url":"https:\/\/diamentspalodz.pl\/index.php\/sauna-karbonowa\/","name":"Sauna karbonowa - Diament body &amp; mind spa \u0141\u00f3d\u017a","isPartOf":{"@id":"https:\/\/diamentspalodz.pl\/#website"},"datePublished":"2024-11-24T10:02:45+00:00","dateModified":"2025-01-14T11:06:19+00:00","description":"-reguluje przemian\u0119 materii-dzia\u0142a jako \u015brodek antystresowy i relaksacyjny,-likwiduje zaburzenia snu;-usuwa szkodliwe toksyny i metale ci\u0119\u017ckie \u2013 detoksykuje","breadcrumb":{"@id":"https:\/\/diamentspalodz.pl\/index.php\/sauna-karbonowa\/#breadcrumb"},"inLanguage":"pl-PL","potentialAction":[{"@type":"ReadAction","target":["https:\/\/diamentspalodz.pl\/index.php\/sauna-karbonowa\/"]}]},{"@type":"BreadcrumbList","@id":"https:\/\/diamentspalodz.pl\/index.php\/sauna-karbonowa\/#breadcrumb","itemListElement":[{"@type":"ListItem","position":1,"name":"Strona g\u0142\u00f3wna","item":"https:\/\/diamentspalodz.pl\/"},{"@type":"ListItem","position":2,"name":"Sauna karbonowa"}]},{"@type":"WebSite","@id":"https:\/\/diamentspalodz.pl\/#website","url":"https:\/\/diamentspalodz.pl\/","name":"Diament body &amp; mind spa \u0141\u00f3d\u017a","description":"Spa w \u0141odzi, salon kosmetyczny, zabiegi na twarz i cia\u0142o, odchudzanie, odm\u0142adzanie, brwi permanentne, trychologia, likwidacja zmarszczek, lifting twarzy, modelowanie sylwetki, lipoliza, spalanie t\u0142uszczu, likwidacja cellulitu","publisher":{"@id":"https:\/\/diamentspalodz.pl\/#organization"},"potentialAction":[{"@type":"SearchAction","target":{"@type":"EntryPoint","urlTemplate":"https:\/\/diamentspalodz.pl\/?s={search_term_string}"},"query-input":"required name=search_term_string"}],"inLanguage":"pl-PL"},{"@type":"Organization","@id":"https:\/\/diamentspalodz.pl\/#organization","name":"Diament body &amp; mind spa \u0141\u00f3d\u017a","url":"https:\/\/diamentspalodz.pl\/","sameAs":[],"logo":{"@type":"ImageObject","inLanguage":"pl-PL","@id":"https:\/\/diamentspalodz.pl\/#\/schema\/logo\/image\/","url":"https:\/\/diamentspalodz.pl\/wp-content\/uploads\/2022\/10\/logo-dlugie-2.png","contentUrl":"https:\/\/diamentspalodz.pl\/wp-content\/uploads\/2022\/10\/logo-dlugie-2.png","width":267,"height":61,"caption":"Diament body &amp; mind spa \u0141\u00f3d\u017a"},"image":{"@id":"https:\/\/diamentspalodz.pl\/#\/schema\/logo\/image\/"}}]}},"_links":{"self":[{"href":"https:\/\/diamentspalodz.pl\/index.php\/wp-json\/wp\/v2\/pages\/4021","targetHints":{"allow":["GET"]}}],"collection":[{"href":"https:\/\/diamentspalodz.pl\/index.php\/wp-json\/wp\/v2\/pages"}],"about":[{"href":"https:\/\/diamentspalodz.pl\/index.php\/wp-json\/wp\/v2\/types\/page"}],"author":[{"embeddable":true,"href":"https:\/\/diamentspalodz.pl\/index.php\/wp-json\/wp\/v2\/users\/1"}],"replies":[{"embeddable":true,"href":"https:\/\/diamentspalodz.pl\/index.php\/wp-json\/wp\/v2\/comments?post=4021"}],"version-history":[{"count":7,"href":"https:\/\/diamentspalodz.pl\/index.php\/wp-json\/wp\/v2\/pages\/4021\/revisions"}],"predecessor-version":[{"id":4037,"href":"https:\/\/diamentspalodz.pl\/index.php\/wp-json\/wp\/v2\/pages\/4021\/revisions\/4037"}],"wp:attachment":[{"href":"https:\/\/diamentspalodz.pl\/index.php\/wp-json\/wp\/v2\/media?parent=4021"}],"curies":[{"name":"wp","href":"https:\/\/api.w.org\/{rel}","templated":true}]}}