{"id":4029,"date":"2024-11-24T11:06:03","date_gmt":"2024-11-24T10:06:03","guid":{"rendered":"https:\/\/diamentspalodz.pl\/?page_id=4029"},"modified":"2025-01-14T11:31:09","modified_gmt":"2025-01-14T10:31:09","slug":"fala-uderzeniowa-storz-2","status":"publish","type":"page","link":"https:\/\/diamentspalodz.pl\/index.php\/fala-uderzeniowa-storz-2\/","title":{"rendered":"Fala uderzeniowa Storz"},"content":{"rendered":"\t\t<div data-elementor-type=\"wp-page\" data-elementor-id=\"4029\" class=\"elementor elementor-4029\">\n\t\t\t\t\t\t<section class=\"has_eae_slider elementor-section elementor-top-section elementor-element elementor-element-235383f0 elementor-section-content-middle elementor-section-stretched elementor-section-boxed elementor-section-height-default elementor-section-height-default\" data-id=\"235383f0\" data-element_type=\"section\" data-settings=\"{&quot;stretch_section&quot;:&quot;section-stretched&quot;,&quot;background_background&quot;:&quot;slideshow&quot;,&quot;background_slideshow_slide_transition&quot;:&quot;slide_left&quot;,&quot;background_slideshow_gallery&quot;:[],&quot;background_slideshow_loop&quot;:&quot;yes&quot;,&quot;background_slideshow_slide_duration&quot;:5000,&quot;background_slideshow_transition_duration&quot;:500,&quot;_ha_eqh_enable&quot;:false}\">\n\t\t\t\t\t\t\t<div class=\"elementor-background-overlay\"><\/div>\n\t\t\t\t\t\t\t<div class=\"elementor-container elementor-column-gap-no\">\n\t\t\t\t\t<div class=\"has_eae_slider elementor-column elementor-col-100 elementor-top-column elementor-element elementor-element-27705140\" data-id=\"27705140\" data-element_type=\"column\">\n\t\t\t<div class=\"elementor-widget-wrap elementor-element-populated\">\n\t\t\t\t\t\t<div class=\"elementor-element elementor-element-5e8bb17e elementor-widget elementor-widget-menu-anchor\" data-id=\"5e8bb17e\" data-element_type=\"widget\" data-widget_type=\"menu-anchor.default\">\n\t\t\t\t<div class=\"elementor-widget-container\">\n\t\t\t\t\t<div class=\"elementor-menu-anchor\" id=\"falau\"><\/div>\n\t\t\t\t<\/div>\n\t\t\t\t<\/div>\n\t\t\t\t<div class=\"elementor-element elementor-element-255f6893 elementor-invisible elementor-widget elementor-widget-heading\" data-id=\"255f6893\" data-element_type=\"widget\" data-settings=\"{&quot;_animation&quot;:&quot;fadeInLeft&quot;,&quot;_animation_delay&quot;:300}\" data-widget_type=\"heading.default\">\n\t\t\t\t<div class=\"elementor-widget-container\">\n\t\t\t<h2 class=\"elementor-heading-title elementor-size-default\">FALA UDERZENIOWA STORZ<\/h2>\t\t<\/div>\n\t\t\t\t<\/div>\n\t\t\t\t<section class=\"has_eae_slider elementor-section elementor-inner-section elementor-element elementor-element-d04ee35 elementor-section-boxed elementor-section-height-default elementor-section-height-default elementor-invisible\" data-id=\"d04ee35\" data-element_type=\"section\" data-settings=\"{&quot;animation&quot;:&quot;fadeIn&quot;,&quot;_ha_eqh_enable&quot;:false}\">\n\t\t\t\t\t\t<div class=\"elementor-container elementor-column-gap-default\">\n\t\t\t\t\t<div class=\"has_eae_slider elementor-column elementor-col-50 elementor-inner-column elementor-element elementor-element-7868d158 elementor-invisible\" data-id=\"7868d158\" data-element_type=\"column\" data-settings=\"{&quot;animation&quot;:&quot;fadeIn&quot;}\">\n\t\t\t<div class=\"elementor-widget-wrap elementor-element-populated\">\n\t\t\t\t\t\t<div class=\"elementor-element elementor-element-48210060 elementor-invisible elementor-widget elementor-widget-heading\" data-id=\"48210060\" data-element_type=\"widget\" data-settings=\"{&quot;_animation&quot;:&quot;fadeInLeft&quot;,&quot;_animation_delay&quot;:400}\" data-widget_type=\"heading.default\">\n\t\t\t\t<div class=\"elementor-widget-container\">\n\t\t\t<h2 class=\"elementor-heading-title elementor-size-default\">efekty:<\/h2>\t\t<\/div>\n\t\t\t\t<\/div>\n\t\t\t\t<div class=\"elementor-element elementor-element-4d55f36 elementor-invisible elementor-widget elementor-widget-text-editor\" data-id=\"4d55f36\" data-element_type=\"widget\" data-settings=\"{&quot;_animation&quot;:&quot;fadeInLeft&quot;,&quot;_animation_delay&quot;:400}\" data-widget_type=\"text-editor.default\">\n\t\t\t\t<div class=\"elementor-widget-container\">\n\t\t\t\t\t\t\t<ul><li>poprawienie g\u0119sto\u015bci sk\u00f3ry<\/li><li>odbudowanie si\u0119 naturalnej elastyczno\u015bci tkanki \u0142\u0105cznej<\/li><li>nast\u0119puje dotlenienie tkanek<\/li><li>tkanki s\u0105 ukrwione<\/li><li>poprawia si\u0119 kondycja tkanek<\/li><li>cellulit zostaje zredukowany jak r\u00f3wnie\u017c tkanka t\u0142uszczowa<\/li><li>drena\u017c<\/li><li>zwi\u0119kszenie metabolizmu lipid\u00f3w<\/li><li>redukcja b\u00f3lu,<\/li><li>rozlu\u017anienie powi\u0119ziowo-mi\u0119\u015bniowe<\/li><li>stymulacja mikrokr\u0105\u017cenia<\/li><li>angiogeneza naczy\u0144 krwiono\u015bnych<\/li><\/ul>\t\t\t\t\t\t<\/div>\n\t\t\t\t<\/div>\n\t\t\t\t\t<\/div>\n\t\t<\/div>\n\t\t\t\t<div class=\"has_eae_slider elementor-column elementor-col-50 elementor-inner-column elementor-element elementor-element-6ba65224 elementor-invisible\" data-id=\"6ba65224\" data-element_type=\"column\" data-settings=\"{&quot;animation&quot;:&quot;fadeIn&quot;}\">\n\t\t\t<div class=\"elementor-widget-wrap elementor-element-populated\">\n\t\t\t\t\t\t<div class=\"elementor-element elementor-element-51e3cc06 elementor-widget elementor-widget-image\" data-id=\"51e3cc06\" data-element_type=\"widget\" data-widget_type=\"image.default\">\n\t\t\t\t<div class=\"elementor-widget-container\">\n\t\t\t\t\t\t\t\t\t\t\t\t\t<img fetchpriority=\"high\" decoding=\"async\" width=\"1024\" height=\"729\" src=\"https:\/\/diamentspalodz.pl\/wp-content\/uploads\/2023\/05\/women2-1024x729.jpg\" class=\"attachment-large size-large wp-image-3018\" alt=\"geneo glam zabiegi na twarz fala uderzeniowa Storz\" srcset=\"https:\/\/diamentspalodz.pl\/wp-content\/uploads\/2023\/05\/women2-1024x729.jpg 1024w, https:\/\/diamentspalodz.pl\/wp-content\/uploads\/2023\/05\/women2-300x213.jpg 300w, https:\/\/diamentspalodz.pl\/wp-content\/uploads\/2023\/05\/women2-768x546.jpg 768w, https:\/\/diamentspalodz.pl\/wp-content\/uploads\/2023\/05\/women2.jpg 1078w\" sizes=\"(max-width: 1024px) 100vw, 1024px\" \/>\t\t\t\t\t\t\t\t\t\t\t\t\t<\/div>\n\t\t\t\t<\/div>\n\t\t\t\t<div class=\"elementor-element elementor-element-34279386 elementor-invisible elementor-widget elementor-widget-heading\" data-id=\"34279386\" data-element_type=\"widget\" data-settings=\"{&quot;_animation&quot;:&quot;fadeInLeft&quot;,&quot;_animation_delay&quot;:400}\" data-widget_type=\"heading.default\">\n\t\t\t\t<div class=\"elementor-widget-container\">\n\t\t\t<h2 class=\"elementor-heading-title elementor-size-default\">dzia\u0142anie<\/h2>\t\t<\/div>\n\t\t\t\t<\/div>\n\t\t\t\t<div class=\"elementor-element elementor-element-6a12a7ea elementor-invisible elementor-widget elementor-widget-text-editor\" data-id=\"6a12a7ea\" data-element_type=\"widget\" data-settings=\"{&quot;_animation&quot;:&quot;fadeInLeft&quot;,&quot;_animation_delay&quot;:400}\" data-widget_type=\"text-editor.default\">\n\t\t\t\t<div class=\"elementor-widget-container\">\n\t\t\t\t\t\t\t<p>Fale akustyczne pobudzaj\u0105 aktywno\u015b\u0107 tkanki \u0142\u0105cznej.\u00a0 Jest genialne walce z cellulitem i tkank\u0105 t\u0142uszczow\u0105. Fale uderzeniowe redukuj\u0105 zmarszczki i stymuluj\u0105 fibroblasty. Maj\u0105 one zastosowanie w zabiegach na twarz.<\/p><p>\u00a0Fala dzia\u0142a na tkan\u0119 \u0142\u0105czn\u0105 i powoduje jej rozlu\u017anienie.\u00a0 Zwi\u0119ksza j\u0119drno\u015b\u0107 nask\u00f3rka, poprawia kr\u0105\u017cenie krwi w tkankach.\u00a0 Kom\u00f3rki t\u0142uszczowe zmniejszaj\u0105 si\u0119.<\/p><p>Zabieg STORZ jest doskona\u0142y jako uzupe\u0142nienie w zabiegach modeluj\u0105cych i kszta\u0142tuj\u0105cych sylwetk\u0119! Zabieg polega na drena\u017cu. Nast\u0119pnie emituje fal\u0119 uderzeniow\u0105 uszkadzaj\u0105c kom\u00f3rki t\u0142uszczowe znajduj\u0105ce si\u0119 na r\u00f3\u017cnej g\u0142\u0119boko\u015bci.\u00a0 Na zako\u0144czenie nast\u0119puje drena\u017c aby dosz\u0142o do odpr\u0119\u017cenia i zrelaksowania mi\u0119\u015bni.<\/p>\t\t\t\t\t\t<\/div>\n\t\t\t\t<\/div>\n\t\t\t\t<div class=\"elementor-element elementor-element-7a73be6b elementor-invisible elementor-widget elementor-widget-heading\" data-id=\"7a73be6b\" data-element_type=\"widget\" data-settings=\"{&quot;_animation&quot;:&quot;fadeInLeft&quot;,&quot;_animation_delay&quot;:400}\" data-widget_type=\"heading.default\">\n\t\t\t\t<div class=\"elementor-widget-container\">\n\t\t\t<h2 class=\"elementor-heading-title elementor-size-default\">WSKAZANIA:<\/h2>\t\t<\/div>\n\t\t\t\t<\/div>\n\t\t\t\t<div class=\"elementor-element elementor-element-6b45ecdd elementor-invisible elementor-widget elementor-widget-text-editor\" data-id=\"6b45ecdd\" data-element_type=\"widget\" data-settings=\"{&quot;_animation&quot;:&quot;fadeInLeft&quot;,&quot;_animation_delay&quot;:400}\" data-widget_type=\"text-editor.default\">\n\t\t\t\t<div class=\"elementor-widget-container\">\n\t\t\t\t\t\t\t<ul><li>drugi podbr\u00f3dek<\/li><li>zmarszczki mimiczne<\/li><li>zmarszczki (g\u0142\u00f3wnie bruzdy nosowo-wargowe)<\/li><li>obrz\u0119ki<\/li><\/ul><p>\u00a0<\/p><ul><li>cellulit i cellulit w\u0142\u00f3knisty<\/li><li>zwiotczenie si\u0119 sk\u00f3ry<\/li><li>nadmierna tkanka t\u0142uszczowa<\/li><\/ul>\t\t\t\t\t\t<\/div>\n\t\t\t\t<\/div>\n\t\t\t\t<div class=\"elementor-element elementor-element-1889884b elementor-invisible elementor-widget elementor-widget-heading\" data-id=\"1889884b\" data-element_type=\"widget\" data-settings=\"{&quot;_animation&quot;:&quot;fadeInLeft&quot;,&quot;_animation_delay&quot;:400}\" data-widget_type=\"heading.default\">\n\t\t\t\t<div class=\"elementor-widget-container\">\n\t\t\t<h2 class=\"elementor-heading-title elementor-size-default\">PRZECIWWSKAZANIA:<\/h2>\t\t<\/div>\n\t\t\t\t<\/div>\n\t\t\t\t<div class=\"elementor-element elementor-element-6d17dd14 elementor-invisible elementor-widget elementor-widget-text-editor\" data-id=\"6d17dd14\" data-element_type=\"widget\" data-settings=\"{&quot;_animation&quot;:&quot;fadeInLeft&quot;,&quot;_animation_delay&quot;:400}\" data-widget_type=\"text-editor.default\">\n\t\t\t\t<div class=\"elementor-widget-container\">\n\t\t\t\t\t\t\t<ul><li>hemofilia<\/li><li>nowotwory<\/li><li>ci\u0105\u017ca i laktacja<\/li><li>zakrzepica<\/li><li>przyjmowane antykoagulanty<\/li><li>rozrusznik serca<\/li><li>endometrioza (w zabiegach na brzuch)<\/li><li>\u017cylaki (w miejscu zabiegowym)<\/li><li>osteoporoza<\/li><li>przyjmowanie kortykosteroid\u00f3w<\/li><li>dzieci w fazie wzrostu<\/li><\/ul>\t\t\t\t\t\t<\/div>\n\t\t\t\t<\/div>\n\t\t\t\t\t<\/div>\n\t\t<\/div>\n\t\t\t\t\t<\/div>\n\t\t<\/section>\n\t\t\t\t<div class=\"elementor-element elementor-element-44524e80 eael-dt-th-align-center eael-dt-th-align-tablet-center eael-dt-th-align-mobile-center eael-dt-td-align-center eael-dt-td-align-tablet-center eael-dt-td-align-mobile-center eael-table-align-center elementor-widget elementor-widget-eael-data-table\" data-id=\"44524e80\" data-element_type=\"widget\" data-settings=\"{&quot;_animation_mobile&quot;:&quot;fadeInUp&quot;}\" data-widget_type=\"eael-data-table.default\">\n\t\t\t\t<div class=\"elementor-widget-container\">\n\t\t\t\t\t<div class=\"eael-data-table-wrap\" data-table_id=\"44524e80\" data-custom_responsive=\"false\">\n\t\t\t<table class=\"tablesorter eael-data-table center\" id=\"eael-data-table-44524e80\">\n\t\t\t    <thead>\n\t\t\t        <tr class=\"table-header\">\n\t\t\t\t\t\t\t\t\t            <th class=\"\" id=\"\" colspan=\"1 GODZINA\">\n\t\t\t\t\t\t\t\t\t\t\t\t\t\t<span class=\"data-table-header-text\">cZAS TRWANIA ZABIEGU<\/span><\/th>\n\t\t\t        \t\t\t\t            <th class=\"\" id=\"\" colspan=\"\">\n\t\t\t\t\t\t\t\t\t\t\t\t\t\t<span class=\"data-table-header-text\">ILO\u015a\u0106 ZABIEG\u00d3W<\/span><\/th>\n\t\t\t        \t\t\t\t            <th class=\"\" id=\"\" colspan=\"\">\n\t\t\t\t\t\t\t\t\t\t\t\t\t\t<span class=\"data-table-header-text\">ZNIECZULENIE<\/span><\/th>\n\t\t\t        \t\t\t\t        <\/tr>\n\t\t\t    <\/thead>\n\t\t\t  \t<tbody>\n\t\t\t\t\t\t\t\t\t\t\t<tr>\n\t\t\t\t\t\t\t\t\t\t\t\t\t\t\t\t   \t\t\t\t\t\t\t\t\t\t\t<td colspan=\"\" rowspan=\"\" class=\"\" id=\"\">\n\t\t\t\t\t\t\t\t\t\t\t\t<div class=\"td-content-wrapper\"><div class=\"td-content\"><p>40-60 min. w zale\u017cno\u015bci od okolicy<\/p><\/div><\/div>\n\t\t\t\t\t\t\t\t\t\t\t<\/td>\n\t\t\t\t\t\t\t\t\t\t\t\t\t\t\t\t\t\t\t\t\t\t\t\t\t\t\t\t\t   \t\t\t\t\t\t\t\t\t\t\t<td colspan=\"\" rowspan=\"\" class=\"\" id=\"\">\n\t\t\t\t\t\t\t\t\t\t\t\t<div class=\"td-content-wrapper\"><div class=\"td-content\">Odst\u0119py miedzy zabiegami 3-4 dni, ilo\u015b\u0107 zabieg\u00f3w 4-12<\/div><\/div>\n\t\t\t\t\t\t\t\t\t\t\t<\/td>\n\t\t\t\t\t\t\t\t\t\t\t\t\t\t\t\t\t\t\t\t\t\t\t\t\t\t\t\t\t   \t\t\t\t\t\t\t\t\t\t\t<td colspan=\"\" rowspan=\"\" class=\"\" id=\"\">\n\t\t\t\t\t\t\t\t\t\t\t\t<div class=\"td-content-wrapper\"><div class=\"td-content\">nie<\/div><\/div>\n\t\t\t\t\t\t\t\t\t\t\t<\/td>\n\t\t\t\t\t\t\t\t\t\t\t\t\t\t\t\t\t\t\t\t\t\t\t\t\t\t<\/tr>\n\t\t\t        \t\t\t    <\/tbody>\n\t\t\t<\/table>\n\t\t<\/div>\n\t  \t\t\t<\/div>\n\t\t\t\t<\/div>\n\t\t\t\t<div class=\"elementor-element elementor-element-3b898c7e elementor-widget-divider--separator-type-pattern elementor-widget-divider--no-spacing elementor-widget-divider--view-line elementor-invisible elementor-widget elementor-widget-divider\" data-id=\"3b898c7e\" data-element_type=\"widget\" data-settings=\"{&quot;_animation&quot;:&quot;zoomIn&quot;,&quot;_animation_mobile&quot;:&quot;zoomInUp&quot;}\" data-widget_type=\"divider.default\">\n\t\t\t\t<div class=\"elementor-widget-container\">\n\t\t\t\t\t<div class=\"elementor-divider\" style=\"--divider-pattern-url: url(&quot;data:image\/svg+xml,%3Csvg xmlns=&#039;http:\/\/www.w3.org\/2000\/svg&#039; preserveAspectRatio=&#039;xMidYMid meet&#039; overflow=&#039;visible&#039; height=&#039;100%&#039; viewBox=&#039;0 0 126 26&#039; fill=&#039;black&#039; stroke=&#039;none&#039;%3E%3Cpath d=&#039;M10.7,6l2.5,2.6l-4,4.3l4,5.4l-2.5,1.9l-4.5-5.2l-3.9,4.2L0.7,17L4,13.1L0,8.6l2.3-1.3l3.9,3.9L10.7,6z M23.9,6.6l4.2,4.5L32,7.2l2.3,1.3l-4,4.5l3.2,3.9L32,19.1l-3.9-3.3l-4.5,4.3l-2.5-1.9l4.4-5.1l-4.2-3.9L23.9,6.6zM73.5,6L76,8.6l-4,4.3l4,5.4l-2.5,1.9l-4.5-5.2l-3.9,4.2L63.5,17l4.1-4.7L63.5,8l2.3-1.3l4.1,3.6L73.5,6z M94,6l2.5,2.6l-4,4.3l4,5.4L94,20.1l-3.9-5l-3.9,4.2L84,17l3.2-3.9L84,8.6l2.3-1.3l3.2,3.9L94,6z M106.9,6l4.5,5.1l3.9-3.9l2.3,1.3l-4,4.5l3.2,3.9l-1.6,2.1l-3.9-4.2l-4.5,5.2l-2.5-1.9l4-5.4l-4-4.3L106.9,6z M53.1,6l2.5,2.6l-4,4.3l4,4.6l-2.5,1.9l-4.5-4.5l-3.5,4.5L43.1,17l3.2-3.9l-4-4.5l2.3-1.3l3.9,3.9L53.1,6z&#039;\/%3E%3C\/svg%3E&quot;);\">\n\t\t\t<span class=\"elementor-divider-separator\">\n\t\t\t\t\t\t<\/span>\n\t\t<\/div>\n\t\t\t\t<\/div>\n\t\t\t\t<\/div>\n\t\t\t\t\t<\/div>\n\t\t<\/div>\n\t\t\t\t\t<\/div>\n\t\t<\/section>\n\t\t\t\t<\/div>\n\t\t","protected":false},"excerpt":{"rendered":"<p>FALA UDERZENIOWA STORZ efekty: poprawienie g\u0119sto\u015bci sk\u00f3ry odbudowanie si\u0119 naturalnej elastyczno\u015bci tkanki \u0142\u0105cznej nast\u0119puje dotlenienie tkanek tkanki s\u0105 ukrwione poprawia si\u0119 kondycja tkanek cellulit zostaje zredukowany jak r\u00f3wnie\u017c tkanka t\u0142uszczowa drena\u017c zwi\u0119kszenie metabolizmu lipid\u00f3w redukcja b\u00f3lu, rozlu\u017anienie powi\u0119ziowo-mi\u0119\u015bniowe stymulacja mikrokr\u0105\u017cenia angiogeneza naczy\u0144 krwiono\u015bnych dzia\u0142anie Fale akustyczne pobudzaj\u0105 aktywno\u015b\u0107 tkanki \u0142\u0105cznej.\u00a0 Jest genialne walce z cellulitem [&hellip;]<\/p>\n","protected":false},"author":1,"featured_media":0,"parent":0,"menu_order":0,"comment_status":"closed","ping_status":"closed","template":"","meta":{"footnotes":""},"class_list":["post-4029","page","type-page","status-publish","hentry","entry"],"yoast_head":"<!-- This site is optimized with the Yoast SEO plugin v19.7.2 - https:\/\/yoast.com\/wordpress\/plugins\/seo\/ -->\n<title>Fala uderzeniowa Storz - Diament body &amp; mind spa \u0141\u00f3d\u017a<\/title>\n<meta name=\"description\" content=\"Zabieg STORZ jest to uzupe\u0142nienie w zabiegach modeluj\u0105cych i kszta\u0142tuj\u0105cych sylwetk\u0119! poprawienie g\u0119sto\u015bci sk\u00f3ry, cellulit zredukowany\" \/>\n<meta name=\"robots\" content=\"index, follow, max-snippet:-1, max-image-preview:large, max-video-preview:-1\" \/>\n<link rel=\"canonical\" href=\"https:\/\/diamentspalodz.pl\/index.php\/fala-uderzeniowa-storz-2\/\" \/>\n<meta property=\"og:locale\" content=\"pl_PL\" \/>\n<meta property=\"og:type\" content=\"article\" \/>\n<meta property=\"og:title\" content=\"Fala uderzeniowa Storz - Diament body &amp; mind spa \u0141\u00f3d\u017a\" \/>\n<meta property=\"og:description\" content=\"Zabieg STORZ jest to uzupe\u0142nienie w zabiegach modeluj\u0105cych i kszta\u0142tuj\u0105cych sylwetk\u0119! poprawienie g\u0119sto\u015bci sk\u00f3ry, cellulit zredukowany\" \/>\n<meta property=\"og:url\" content=\"https:\/\/diamentspalodz.pl\/index.php\/fala-uderzeniowa-storz-2\/\" \/>\n<meta property=\"og:site_name\" content=\"Diament body &amp; mind spa \u0141\u00f3d\u017a\" \/>\n<meta property=\"article:modified_time\" content=\"2025-01-14T10:31:09+00:00\" \/>\n<meta property=\"og:image\" content=\"https:\/\/diamentspalodz.pl\/wp-content\/uploads\/2023\/05\/women2-1024x729.jpg\" \/>\n<meta name=\"twitter:card\" content=\"summary_large_image\" \/>\n<meta name=\"twitter:label1\" content=\"Szacowany czas czytania\" \/>\n\t<meta name=\"twitter:data1\" content=\"2 minuty\" \/>\n<script type=\"application\/ld+json\" class=\"yoast-schema-graph\">{\"@context\":\"https:\/\/schema.org\",\"@graph\":[{\"@type\":\"WebPage\",\"@id\":\"https:\/\/diamentspalodz.pl\/index.php\/fala-uderzeniowa-storz-2\/\",\"url\":\"https:\/\/diamentspalodz.pl\/index.php\/fala-uderzeniowa-storz-2\/\",\"name\":\"Fala uderzeniowa Storz - Diament body &amp; mind spa \u0141\u00f3d\u017a\",\"isPartOf\":{\"@id\":\"https:\/\/diamentspalodz.pl\/#website\"},\"datePublished\":\"2024-11-24T10:06:03+00:00\",\"dateModified\":\"2025-01-14T10:31:09+00:00\",\"description\":\"Zabieg STORZ jest to uzupe\u0142nienie w zabiegach modeluj\u0105cych i kszta\u0142tuj\u0105cych sylwetk\u0119! poprawienie g\u0119sto\u015bci sk\u00f3ry, cellulit zredukowany\",\"breadcrumb\":{\"@id\":\"https:\/\/diamentspalodz.pl\/index.php\/fala-uderzeniowa-storz-2\/#breadcrumb\"},\"inLanguage\":\"pl-PL\",\"potentialAction\":[{\"@type\":\"ReadAction\",\"target\":[\"https:\/\/diamentspalodz.pl\/index.php\/fala-uderzeniowa-storz-2\/\"]}]},{\"@type\":\"BreadcrumbList\",\"@id\":\"https:\/\/diamentspalodz.pl\/index.php\/fala-uderzeniowa-storz-2\/#breadcrumb\",\"itemListElement\":[{\"@type\":\"ListItem\",\"position\":1,\"name\":\"Strona g\u0142\u00f3wna\",\"item\":\"https:\/\/diamentspalodz.pl\/\"},{\"@type\":\"ListItem\",\"position\":2,\"name\":\"Fala uderzeniowa Storz\"}]},{\"@type\":\"WebSite\",\"@id\":\"https:\/\/diamentspalodz.pl\/#website\",\"url\":\"https:\/\/diamentspalodz.pl\/\",\"name\":\"Diament body &amp; mind spa \u0141\u00f3d\u017a\",\"description\":\"Spa w \u0141odzi, salon kosmetyczny, zabiegi na twarz i cia\u0142o, odchudzanie, odm\u0142adzanie, brwi permanentne, trychologia, likwidacja zmarszczek, lifting twarzy, modelowanie sylwetki, lipoliza, spalanie t\u0142uszczu, likwidacja cellulitu\",\"publisher\":{\"@id\":\"https:\/\/diamentspalodz.pl\/#organization\"},\"potentialAction\":[{\"@type\":\"SearchAction\",\"target\":{\"@type\":\"EntryPoint\",\"urlTemplate\":\"https:\/\/diamentspalodz.pl\/?s={search_term_string}\"},\"query-input\":\"required name=search_term_string\"}],\"inLanguage\":\"pl-PL\"},{\"@type\":\"Organization\",\"@id\":\"https:\/\/diamentspalodz.pl\/#organization\",\"name\":\"Diament body &amp; mind spa \u0141\u00f3d\u017a\",\"url\":\"https:\/\/diamentspalodz.pl\/\",\"sameAs\":[],\"logo\":{\"@type\":\"ImageObject\",\"inLanguage\":\"pl-PL\",\"@id\":\"https:\/\/diamentspalodz.pl\/#\/schema\/logo\/image\/\",\"url\":\"https:\/\/diamentspalodz.pl\/wp-content\/uploads\/2022\/10\/logo-dlugie-2.png\",\"contentUrl\":\"https:\/\/diamentspalodz.pl\/wp-content\/uploads\/2022\/10\/logo-dlugie-2.png\",\"width\":267,\"height\":61,\"caption\":\"Diament body &amp; mind spa \u0141\u00f3d\u017a\"},\"image\":{\"@id\":\"https:\/\/diamentspalodz.pl\/#\/schema\/logo\/image\/\"}}]}<\/script>\n<!-- \/ Yoast SEO plugin. -->","yoast_head_json":{"title":"Fala uderzeniowa Storz - Diament body &amp; mind spa \u0141\u00f3d\u017a","description":"Zabieg STORZ jest to uzupe\u0142nienie w zabiegach modeluj\u0105cych i kszta\u0142tuj\u0105cych sylwetk\u0119! poprawienie g\u0119sto\u015bci sk\u00f3ry, cellulit zredukowany","robots":{"index":"index","follow":"follow","max-snippet":"max-snippet:-1","max-image-preview":"max-image-preview:large","max-video-preview":"max-video-preview:-1"},"canonical":"https:\/\/diamentspalodz.pl\/index.php\/fala-uderzeniowa-storz-2\/","og_locale":"pl_PL","og_type":"article","og_title":"Fala uderzeniowa Storz - Diament body &amp; mind spa \u0141\u00f3d\u017a","og_description":"Zabieg STORZ jest to uzupe\u0142nienie w zabiegach modeluj\u0105cych i kszta\u0142tuj\u0105cych sylwetk\u0119! poprawienie g\u0119sto\u015bci sk\u00f3ry, cellulit zredukowany","og_url":"https:\/\/diamentspalodz.pl\/index.php\/fala-uderzeniowa-storz-2\/","og_site_name":"Diament body &amp; mind spa \u0141\u00f3d\u017a","article_modified_time":"2025-01-14T10:31:09+00:00","og_image":[{"url":"https:\/\/diamentspalodz.pl\/wp-content\/uploads\/2023\/05\/women2-1024x729.jpg"}],"twitter_card":"summary_large_image","twitter_misc":{"Szacowany czas czytania":"2 minuty"},"schema":{"@context":"https:\/\/schema.org","@graph":[{"@type":"WebPage","@id":"https:\/\/diamentspalodz.pl\/index.php\/fala-uderzeniowa-storz-2\/","url":"https:\/\/diamentspalodz.pl\/index.php\/fala-uderzeniowa-storz-2\/","name":"Fala uderzeniowa Storz - Diament body &amp; mind spa \u0141\u00f3d\u017a","isPartOf":{"@id":"https:\/\/diamentspalodz.pl\/#website"},"datePublished":"2024-11-24T10:06:03+00:00","dateModified":"2025-01-14T10:31:09+00:00","description":"Zabieg STORZ jest to uzupe\u0142nienie w zabiegach modeluj\u0105cych i kszta\u0142tuj\u0105cych sylwetk\u0119! poprawienie g\u0119sto\u015bci sk\u00f3ry, cellulit zredukowany","breadcrumb":{"@id":"https:\/\/diamentspalodz.pl\/index.php\/fala-uderzeniowa-storz-2\/#breadcrumb"},"inLanguage":"pl-PL","potentialAction":[{"@type":"ReadAction","target":["https:\/\/diamentspalodz.pl\/index.php\/fala-uderzeniowa-storz-2\/"]}]},{"@type":"BreadcrumbList","@id":"https:\/\/diamentspalodz.pl\/index.php\/fala-uderzeniowa-storz-2\/#breadcrumb","itemListElement":[{"@type":"ListItem","position":1,"name":"Strona g\u0142\u00f3wna","item":"https:\/\/diamentspalodz.pl\/"},{"@type":"ListItem","position":2,"name":"Fala uderzeniowa Storz"}]},{"@type":"WebSite","@id":"https:\/\/diamentspalodz.pl\/#website","url":"https:\/\/diamentspalodz.pl\/","name":"Diament body &amp; mind spa \u0141\u00f3d\u017a","description":"Spa w \u0141odzi, salon kosmetyczny, zabiegi na twarz i cia\u0142o, odchudzanie, odm\u0142adzanie, brwi permanentne, trychologia, likwidacja zmarszczek, lifting twarzy, modelowanie sylwetki, lipoliza, spalanie t\u0142uszczu, likwidacja cellulitu","publisher":{"@id":"https:\/\/diamentspalodz.pl\/#organization"},"potentialAction":[{"@type":"SearchAction","target":{"@type":"EntryPoint","urlTemplate":"https:\/\/diamentspalodz.pl\/?s={search_term_string}"},"query-input":"required name=search_term_string"}],"inLanguage":"pl-PL"},{"@type":"Organization","@id":"https:\/\/diamentspalodz.pl\/#organization","name":"Diament body &amp; mind spa \u0141\u00f3d\u017a","url":"https:\/\/diamentspalodz.pl\/","sameAs":[],"logo":{"@type":"ImageObject","inLanguage":"pl-PL","@id":"https:\/\/diamentspalodz.pl\/#\/schema\/logo\/image\/","url":"https:\/\/diamentspalodz.pl\/wp-content\/uploads\/2022\/10\/logo-dlugie-2.png","contentUrl":"https:\/\/diamentspalodz.pl\/wp-content\/uploads\/2022\/10\/logo-dlugie-2.png","width":267,"height":61,"caption":"Diament body &amp; mind spa \u0141\u00f3d\u017a"},"image":{"@id":"https:\/\/diamentspalodz.pl\/#\/schema\/logo\/image\/"}}]}},"_links":{"self":[{"href":"https:\/\/diamentspalodz.pl\/index.php\/wp-json\/wp\/v2\/pages\/4029","targetHints":{"allow":["GET"]}}],"collection":[{"href":"https:\/\/diamentspalodz.pl\/index.php\/wp-json\/wp\/v2\/pages"}],"about":[{"href":"https:\/\/diamentspalodz.pl\/index.php\/wp-json\/wp\/v2\/types\/page"}],"author":[{"embeddable":true,"href":"https:\/\/diamentspalodz.pl\/index.php\/wp-json\/wp\/v2\/users\/1"}],"replies":[{"embeddable":true,"href":"https:\/\/diamentspalodz.pl\/index.php\/wp-json\/wp\/v2\/comments?post=4029"}],"version-history":[{"count":4,"href":"https:\/\/diamentspalodz.pl\/index.php\/wp-json\/wp\/v2\/pages\/4029\/revisions"}],"predecessor-version":[{"id":4043,"href":"https:\/\/diamentspalodz.pl\/index.php\/wp-json\/wp\/v2\/pages\/4029\/revisions\/4043"}],"wp:attachment":[{"href":"https:\/\/diamentspalodz.pl\/index.php\/wp-json\/wp\/v2\/media?parent=4029"}],"curies":[{"name":"wp","href":"https:\/\/api.w.org\/{rel}","templated":true}]}}