{"id":4415,"date":"2025-04-23T12:16:04","date_gmt":"2025-04-23T10:16:04","guid":{"rendered":"https:\/\/diamentspalodz.pl\/?page_id=4415"},"modified":"2025-04-23T12:25:06","modified_gmt":"2025-04-23T10:25:06","slug":"eximia-med-na-twarz-jedyny-w-lodzi","status":"publish","type":"page","link":"https:\/\/diamentspalodz.pl\/index.php\/eximia-med-na-twarz-jedyny-w-lodzi\/","title":{"rendered":"EXIMIA twarz -JEDYNY W \u0141ODZI"},"content":{"rendered":"\t\t<div data-elementor-type=\"wp-page\" data-elementor-id=\"4415\" class=\"elementor elementor-4415\">\n\t\t\t\t\t\t<section class=\"has_eae_slider elementor-section elementor-top-section elementor-element elementor-element-4e42e493 elementor-section-content-middle elementor-section-stretched elementor-section-boxed elementor-section-height-default elementor-section-height-default\" data-id=\"4e42e493\" data-element_type=\"section\" data-settings=\"{&quot;stretch_section&quot;:&quot;section-stretched&quot;,&quot;background_background&quot;:&quot;slideshow&quot;,&quot;background_slideshow_slide_transition&quot;:&quot;slide_left&quot;,&quot;background_slideshow_gallery&quot;:[],&quot;background_slideshow_loop&quot;:&quot;yes&quot;,&quot;background_slideshow_slide_duration&quot;:5000,&quot;background_slideshow_transition_duration&quot;:500,&quot;_ha_eqh_enable&quot;:false}\">\n\t\t\t\t\t\t\t<div class=\"elementor-background-overlay\"><\/div>\n\t\t\t\t\t\t\t<div class=\"elementor-container elementor-column-gap-no\">\n\t\t\t\t\t<div class=\"has_eae_slider elementor-column elementor-col-100 elementor-top-column elementor-element elementor-element-3a81ab21\" data-id=\"3a81ab21\" data-element_type=\"column\">\n\t\t\t<div class=\"elementor-widget-wrap elementor-element-populated\">\n\t\t\t\t\t\t<div class=\"elementor-element elementor-element-28e9327a elementor-widget elementor-widget-menu-anchor\" data-id=\"28e9327a\" data-element_type=\"widget\" data-widget_type=\"menu-anchor.default\">\n\t\t\t\t<div class=\"elementor-widget-container\">\n\t\t\t\t\t<div class=\"elementor-menu-anchor\" id=\"eximia\"><\/div>\n\t\t\t\t<\/div>\n\t\t\t\t<\/div>\n\t\t\t\t<div class=\"elementor-element elementor-element-16eb5adc elementor-invisible elementor-widget elementor-widget-heading\" data-id=\"16eb5adc\" data-element_type=\"widget\" data-settings=\"{&quot;_animation&quot;:&quot;fadeInLeft&quot;,&quot;_animation_delay&quot;:300}\" data-widget_type=\"heading.default\">\n\t\t\t\t<div class=\"elementor-widget-container\">\n\t\t\t<h2 class=\"elementor-heading-title elementor-size-default\">EXIMIA na twarz<\/h2>\t\t<\/div>\n\t\t\t\t<\/div>\n\t\t\t\t<div class=\"elementor-element elementor-element-1c1e10da elementor-invisible elementor-widget elementor-widget-heading\" data-id=\"1c1e10da\" data-element_type=\"widget\" data-settings=\"{&quot;_animation&quot;:&quot;fadeInLeft&quot;,&quot;_animation_delay&quot;:300}\" data-widget_type=\"heading.default\">\n\t\t\t\t<div class=\"elementor-widget-container\">\n\t\t\t<h2 class=\"elementor-heading-title elementor-size-default\">JEDYNY ZABIEG W \u0141ODZI<\/h2>\t\t<\/div>\n\t\t\t\t<\/div>\n\t\t\t\t<section class=\"has_eae_slider elementor-section elementor-inner-section elementor-element elementor-element-66a22967 elementor-section-boxed elementor-section-height-default elementor-section-height-default elementor-invisible\" data-id=\"66a22967\" data-element_type=\"section\" data-settings=\"{&quot;animation&quot;:&quot;fadeIn&quot;,&quot;_ha_eqh_enable&quot;:false}\">\n\t\t\t\t\t\t<div class=\"elementor-container elementor-column-gap-default\">\n\t\t\t\t\t<div class=\"has_eae_slider elementor-column elementor-col-50 elementor-inner-column elementor-element elementor-element-2f7b38b8 elementor-invisible\" data-id=\"2f7b38b8\" data-element_type=\"column\" data-settings=\"{&quot;animation&quot;:&quot;fadeIn&quot;}\">\n\t\t\t<div class=\"elementor-widget-wrap elementor-element-populated\">\n\t\t\t\t\t\t<div class=\"elementor-element elementor-element-24ed7f28 elementor-invisible elementor-widget elementor-widget-heading\" data-id=\"24ed7f28\" data-element_type=\"widget\" data-settings=\"{&quot;_animation&quot;:&quot;fadeInLeft&quot;,&quot;_animation_delay&quot;:400}\" data-widget_type=\"heading.default\">\n\t\t\t\t<div class=\"elementor-widget-container\">\n\t\t\t<h3 class=\"elementor-heading-title elementor-size-default\">EXIMIA  na twarz<\/h3>\t\t<\/div>\n\t\t\t\t<\/div>\n\t\t\t\t<div class=\"elementor-element elementor-element-1c78f635 elementor-invisible elementor-widget elementor-widget-text-editor\" data-id=\"1c78f635\" data-element_type=\"widget\" data-settings=\"{&quot;_animation&quot;:&quot;fadeInLeft&quot;,&quot;_animation_delay&quot;:400}\" data-widget_type=\"text-editor.default\">\n\t\t\t\t<div class=\"elementor-widget-container\">\n\t\t\t\t\t\t\t<ul><li>Eximia jest to najnowsza metoda, wykorzystuj\u0105ca a\u017c 6 technologii w jednym zabiegu<br \/>daj\u0105ca efekt pi\u0119knego wymodelowania cia\u0142a. W obszarze modelingu cia\u0142a mo\u017cemy<br \/>pracowa\u0107 w takich wskazaniach jak:<br \/>&#8211; Tkanka t\u0142uszczowa<br \/>&#8211; Cellulit<br \/>&#8211; Drena\u017c<br \/>&#8211; Uj\u0119dnianie<br \/>&#8211; Lifting.<\/li><\/ul>\t\t\t\t\t\t<\/div>\n\t\t\t\t<\/div>\n\t\t\t\t<div class=\"elementor-element elementor-element-2709864c elementor-invisible elementor-widget elementor-widget-heading\" data-id=\"2709864c\" data-element_type=\"widget\" data-settings=\"{&quot;_animation&quot;:&quot;fadeInLeft&quot;,&quot;_animation_delay&quot;:400}\" data-widget_type=\"heading.default\">\n\t\t\t\t<div class=\"elementor-widget-container\">\n\t\t\t<h3 class=\"elementor-heading-title elementor-size-default\">EFEKTY EXIMIA<\/h3>\t\t<\/div>\n\t\t\t\t<\/div>\n\t\t\t\t<div class=\"elementor-element elementor-element-63e2ae0d elementor-invisible elementor-widget elementor-widget-text-editor\" data-id=\"63e2ae0d\" data-element_type=\"widget\" data-settings=\"{&quot;_animation&quot;:&quot;fadeInLeft&quot;,&quot;_animation_delay&quot;:400}\" data-widget_type=\"text-editor.default\">\n\t\t\t\t<div class=\"elementor-widget-container\">\n\t\t\t\t\t\t\t<p>Zabieg EXIMIA MED na twarz JEDYNY W \u0141ODZI ZABIEG na twarz i cia\u0142o,<\/p><ul><li>lifting twarzy,<\/li><li>redukcja drugiego podbr\u00f3dka,<\/li><li>MEZOTERAPIA,<\/li><li>poprawa owalu twarzy,<\/li><li>wprowadzenie substancji aktywnych, syntezowanie kolagenu i elastyny,<\/li><li>dotlenienie sk\u00f3ry,<\/li><li>efekty od razu po zbaiegu<\/li><\/ul>\t\t\t\t\t\t<\/div>\n\t\t\t\t<\/div>\n\t\t\t\t<div class=\"elementor-element elementor-element-5d0b8652 elementor-invisible elementor-widget elementor-widget-text-editor\" data-id=\"5d0b8652\" data-element_type=\"widget\" data-settings=\"{&quot;_animation&quot;:&quot;fadeInLeft&quot;,&quot;_animation_delay&quot;:400}\" data-widget_type=\"text-editor.default\">\n\t\t\t\t<div class=\"elementor-widget-container\">\n\t\t\t\t\t\t\t<p>Na czym polega zabieg?<\/p><p>Zabieg polega na poprawie<br \/>kondycji i wygl\u0105du sk\u00f3ry.<\/p><p>Cena zabiegu na twarz: 1000z\u0142<\/p>\t\t\t\t\t\t<\/div>\n\t\t\t\t<\/div>\n\t\t\t\t<div class=\"elementor-element elementor-element-276d62d7 elementor-widget elementor-widget-image\" data-id=\"276d62d7\" data-element_type=\"widget\" data-widget_type=\"image.default\">\n\t\t\t\t<div class=\"elementor-widget-container\">\n\t\t\t\t\t\t\t\t\t\t\t\t\t<img fetchpriority=\"high\" decoding=\"async\" width=\"1024\" height=\"1024\" src=\"https:\/\/diamentspalodz.pl\/wp-content\/uploads\/2025\/04\/fb075708-7fd8-49b5-b503-e259792243d5-1024x1024.jpg\" class=\"attachment-large size-large wp-image-4346\" alt=\"\" srcset=\"https:\/\/diamentspalodz.pl\/wp-content\/uploads\/2025\/04\/fb075708-7fd8-49b5-b503-e259792243d5-1024x1024.jpg 1024w, https:\/\/diamentspalodz.pl\/wp-content\/uploads\/2025\/04\/fb075708-7fd8-49b5-b503-e259792243d5-300x300.jpg 300w, https:\/\/diamentspalodz.pl\/wp-content\/uploads\/2025\/04\/fb075708-7fd8-49b5-b503-e259792243d5-150x150.jpg 150w, https:\/\/diamentspalodz.pl\/wp-content\/uploads\/2025\/04\/fb075708-7fd8-49b5-b503-e259792243d5-768x768.jpg 768w, https:\/\/diamentspalodz.pl\/wp-content\/uploads\/2025\/04\/fb075708-7fd8-49b5-b503-e259792243d5-1536x1536.jpg 1536w, https:\/\/diamentspalodz.pl\/wp-content\/uploads\/2025\/04\/fb075708-7fd8-49b5-b503-e259792243d5-600x600.jpg 600w, https:\/\/diamentspalodz.pl\/wp-content\/uploads\/2025\/04\/fb075708-7fd8-49b5-b503-e259792243d5.jpg 2000w\" sizes=\"(max-width: 1024px) 100vw, 1024px\" \/>\t\t\t\t\t\t\t\t\t\t\t\t\t<\/div>\n\t\t\t\t<\/div>\n\t\t\t\t\t<\/div>\n\t\t<\/div>\n\t\t\t\t<div class=\"has_eae_slider elementor-column elementor-col-50 elementor-inner-column elementor-element elementor-element-346b4c0b elementor-invisible\" data-id=\"346b4c0b\" data-element_type=\"column\" data-settings=\"{&quot;animation&quot;:&quot;fadeIn&quot;}\">\n\t\t\t<div class=\"elementor-widget-wrap elementor-element-populated\">\n\t\t\t\t\t\t<div class=\"elementor-element elementor-element-6fa5c288 elementor-invisible elementor-widget elementor-widget-heading\" data-id=\"6fa5c288\" data-element_type=\"widget\" data-settings=\"{&quot;_animation&quot;:&quot;fadeInLeft&quot;,&quot;_animation_delay&quot;:400}\" data-widget_type=\"heading.default\">\n\t\t\t\t<div class=\"elementor-widget-container\">\n\t\t\t<h2 class=\"elementor-heading-title elementor-size-default\">ILO\u015a\u0106 ZABIEG\u00d3W I PIEL\u0118GNACJA<\/h2>\t\t<\/div>\n\t\t\t\t<\/div>\n\t\t\t\t<div class=\"elementor-element elementor-element-50b60e50 elementor-invisible elementor-widget elementor-widget-text-editor\" data-id=\"50b60e50\" data-element_type=\"widget\" data-settings=\"{&quot;_animation&quot;:&quot;fadeInLeft&quot;,&quot;_animation_delay&quot;:400}\" data-widget_type=\"text-editor.default\">\n\t\t\t\t<div class=\"elementor-widget-container\">\n\t\t\t\t\t\t\t<p>Ile zabieg\u00f3w wymaganych jest do uzyskania po\u017c\u0105danego efektu?<br \/>Zalecane jest 5-7 zabieg\u00f3w w odst\u0119pie nie wi\u0119cej, ni\u017c 72 godziny. Sesje zabiegowe<br \/>mo\u017cna powtarza\u0107 co 3 tygodnie, dla podtrzymania efekt\u00f3w zabiegu zaleca si\u0119<br \/>utrzymanie prawid\u0142owej diety oraz zabiegi przypominaj\u0105ce 1-2 w miesi\u0105cu.<\/p><p><br \/>Jak nale\u017cy piel\u0119gnowa\u0107 sk\u00f3r\u0119 po zabiegu?<br \/>Zaleca si\u0119 min 30 minutow\u0105 aktywno\u015b\u0107 fizyczn\u0105 po zabiegu. Lekkostrawn\u0105 diet\u0119. Picie<br \/>du\u017cej ilo\u015bci wody.<\/p>\t\t\t\t\t\t<\/div>\n\t\t\t\t<\/div>\n\t\t\t\t\t<\/div>\n\t\t<\/div>\n\t\t\t\t\t<\/div>\n\t\t<\/section>\n\t\t\t\t<div class=\"elementor-element elementor-element-4ffa0d3a elementor-widget-divider--separator-type-pattern elementor-widget-divider--no-spacing elementor-widget-divider--view-line elementor-invisible elementor-widget elementor-widget-divider\" data-id=\"4ffa0d3a\" data-element_type=\"widget\" data-settings=\"{&quot;_animation&quot;:&quot;zoomIn&quot;,&quot;_animation_mobile&quot;:&quot;zoomInUp&quot;}\" data-widget_type=\"divider.default\">\n\t\t\t\t<div class=\"elementor-widget-container\">\n\t\t\t\t\t<div class=\"elementor-divider\" style=\"--divider-pattern-url: url(&quot;data:image\/svg+xml,%3Csvg xmlns=&#039;http:\/\/www.w3.org\/2000\/svg&#039; preserveAspectRatio=&#039;xMidYMid meet&#039; overflow=&#039;visible&#039; height=&#039;100%&#039; viewBox=&#039;0 0 126 26&#039; fill=&#039;black&#039; stroke=&#039;none&#039;%3E%3Cpath d=&#039;M10.7,6l2.5,2.6l-4,4.3l4,5.4l-2.5,1.9l-4.5-5.2l-3.9,4.2L0.7,17L4,13.1L0,8.6l2.3-1.3l3.9,3.9L10.7,6z M23.9,6.6l4.2,4.5L32,7.2l2.3,1.3l-4,4.5l3.2,3.9L32,19.1l-3.9-3.3l-4.5,4.3l-2.5-1.9l4.4-5.1l-4.2-3.9L23.9,6.6zM73.5,6L76,8.6l-4,4.3l4,5.4l-2.5,1.9l-4.5-5.2l-3.9,4.2L63.5,17l4.1-4.7L63.5,8l2.3-1.3l4.1,3.6L73.5,6z M94,6l2.5,2.6l-4,4.3l4,5.4L94,20.1l-3.9-5l-3.9,4.2L84,17l3.2-3.9L84,8.6l2.3-1.3l3.2,3.9L94,6z M106.9,6l4.5,5.1l3.9-3.9l2.3,1.3l-4,4.5l3.2,3.9l-1.6,2.1l-3.9-4.2l-4.5,5.2l-2.5-1.9l4-5.4l-4-4.3L106.9,6z M53.1,6l2.5,2.6l-4,4.3l4,4.6l-2.5,1.9l-4.5-4.5l-3.5,4.5L43.1,17l3.2-3.9l-4-4.5l2.3-1.3l3.9,3.9L53.1,6z&#039;\/%3E%3C\/svg%3E&quot;);\">\n\t\t\t<span class=\"elementor-divider-separator\">\n\t\t\t\t\t\t<\/span>\n\t\t<\/div>\n\t\t\t\t<\/div>\n\t\t\t\t<\/div>\n\t\t\t\t\t<\/div>\n\t\t<\/div>\n\t\t\t\t\t<\/div>\n\t\t<\/section>\n\t\t\t\t<\/div>\n\t\t","protected":false},"excerpt":{"rendered":"<p>EXIMIA na twarz JEDYNY ZABIEG W \u0141ODZI EXIMIA na twarz Eximia jest to najnowsza metoda, wykorzystuj\u0105ca a\u017c 6 technologii w jednym zabiegudaj\u0105ca efekt pi\u0119knego wymodelowania cia\u0142a. W obszarze modelingu cia\u0142a mo\u017cemypracowa\u0107 w takich wskazaniach jak:&#8211; Tkanka t\u0142uszczowa&#8211; Cellulit&#8211; Drena\u017c&#8211; Uj\u0119dnianie&#8211; Lifting. EFEKTY EXIMIA Zabieg EXIMIA MED na twarz JEDYNY W \u0141ODZI ZABIEG na twarz i [&hellip;]<\/p>\n","protected":false},"author":1,"featured_media":0,"parent":0,"menu_order":0,"comment_status":"closed","ping_status":"closed","template":"","meta":{"footnotes":""},"class_list":["post-4415","page","type-page","status-publish","hentry","entry"],"yoast_head":"<!-- This site is optimized with the Yoast SEO plugin v19.7.2 - https:\/\/yoast.com\/wordpress\/plugins\/seo\/ -->\n<title>EXIMIA twarz -JEDYNY W \u0141ODZI - Diament body &amp; mind spa \u0141\u00f3d\u017a<\/title>\n<meta name=\"description\" content=\"Zabieg EXIMIA MED na twarz JEDYNY W \u0141ODZI ZABIEG na twarz i cia\u0142o, lifting twarzy, redukcja drugiego podbr\u00f3dka, MEZOTERAPIA, poprawa owalu twarzy, wprowadzenie substancji aktywnych, syntezowanie kolagenu i elastyny,, dotlenienie sk\u00f3ry, efekty od razu po zbaiegu\" \/>\n<meta name=\"robots\" content=\"index, follow, max-snippet:-1, max-image-preview:large, max-video-preview:-1\" \/>\n<link rel=\"canonical\" href=\"https:\/\/diamentspalodz.pl\/index.php\/eximia-med-na-twarz-jedyny-w-lodzi\/\" \/>\n<meta property=\"og:locale\" content=\"pl_PL\" \/>\n<meta property=\"og:type\" content=\"article\" \/>\n<meta property=\"og:title\" content=\"EXIMIA twarz -JEDYNY W \u0141ODZI - Diament body &amp; mind spa \u0141\u00f3d\u017a\" \/>\n<meta property=\"og:description\" content=\"Zabieg EXIMIA MED na twarz JEDYNY W \u0141ODZI ZABIEG na twarz i cia\u0142o, lifting twarzy, redukcja drugiego podbr\u00f3dka, MEZOTERAPIA, poprawa owalu twarzy, wprowadzenie substancji aktywnych, syntezowanie kolagenu i elastyny,, dotlenienie sk\u00f3ry, efekty od razu po zbaiegu\" \/>\n<meta property=\"og:url\" content=\"https:\/\/diamentspalodz.pl\/index.php\/eximia-med-na-twarz-jedyny-w-lodzi\/\" \/>\n<meta property=\"og:site_name\" content=\"Diament body &amp; mind spa \u0141\u00f3d\u017a\" \/>\n<meta property=\"article:modified_time\" content=\"2025-04-23T10:25:06+00:00\" \/>\n<meta property=\"og:image\" content=\"https:\/\/diamentspalodz.pl\/wp-content\/uploads\/2025\/04\/fb075708-7fd8-49b5-b503-e259792243d5-1024x1024.jpg\" \/>\n<meta name=\"twitter:card\" content=\"summary_large_image\" \/>\n<meta name=\"twitter:label1\" content=\"Szacowany czas czytania\" \/>\n\t<meta name=\"twitter:data1\" content=\"2 minuty\" \/>\n<script type=\"application\/ld+json\" class=\"yoast-schema-graph\">{\"@context\":\"https:\/\/schema.org\",\"@graph\":[{\"@type\":\"WebPage\",\"@id\":\"https:\/\/diamentspalodz.pl\/index.php\/eximia-med-na-twarz-jedyny-w-lodzi\/\",\"url\":\"https:\/\/diamentspalodz.pl\/index.php\/eximia-med-na-twarz-jedyny-w-lodzi\/\",\"name\":\"EXIMIA twarz -JEDYNY W \u0141ODZI - Diament body &amp; mind spa \u0141\u00f3d\u017a\",\"isPartOf\":{\"@id\":\"https:\/\/diamentspalodz.pl\/#website\"},\"datePublished\":\"2025-04-23T10:16:04+00:00\",\"dateModified\":\"2025-04-23T10:25:06+00:00\",\"description\":\"Zabieg EXIMIA MED na twarz JEDYNY W \u0141ODZI ZABIEG na twarz i cia\u0142o, lifting twarzy, redukcja drugiego podbr\u00f3dka, MEZOTERAPIA, poprawa owalu twarzy, wprowadzenie substancji aktywnych, syntezowanie kolagenu i elastyny,, dotlenienie sk\u00f3ry, efekty od razu po zbaiegu\",\"breadcrumb\":{\"@id\":\"https:\/\/diamentspalodz.pl\/index.php\/eximia-med-na-twarz-jedyny-w-lodzi\/#breadcrumb\"},\"inLanguage\":\"pl-PL\",\"potentialAction\":[{\"@type\":\"ReadAction\",\"target\":[\"https:\/\/diamentspalodz.pl\/index.php\/eximia-med-na-twarz-jedyny-w-lodzi\/\"]}]},{\"@type\":\"BreadcrumbList\",\"@id\":\"https:\/\/diamentspalodz.pl\/index.php\/eximia-med-na-twarz-jedyny-w-lodzi\/#breadcrumb\",\"itemListElement\":[{\"@type\":\"ListItem\",\"position\":1,\"name\":\"Strona g\u0142\u00f3wna\",\"item\":\"https:\/\/diamentspalodz.pl\/\"},{\"@type\":\"ListItem\",\"position\":2,\"name\":\"EXIMIA twarz -JEDYNY W \u0141ODZI\"}]},{\"@type\":\"WebSite\",\"@id\":\"https:\/\/diamentspalodz.pl\/#website\",\"url\":\"https:\/\/diamentspalodz.pl\/\",\"name\":\"Diament body &amp; mind spa \u0141\u00f3d\u017a\",\"description\":\"Spa w \u0141odzi, salon kosmetyczny, zabiegi na twarz i cia\u0142o, odchudzanie, odm\u0142adzanie, brwi permanentne, trychologia, likwidacja zmarszczek, lifting twarzy, modelowanie sylwetki, lipoliza, spalanie t\u0142uszczu, likwidacja cellulitu\",\"publisher\":{\"@id\":\"https:\/\/diamentspalodz.pl\/#organization\"},\"potentialAction\":[{\"@type\":\"SearchAction\",\"target\":{\"@type\":\"EntryPoint\",\"urlTemplate\":\"https:\/\/diamentspalodz.pl\/?s={search_term_string}\"},\"query-input\":\"required name=search_term_string\"}],\"inLanguage\":\"pl-PL\"},{\"@type\":\"Organization\",\"@id\":\"https:\/\/diamentspalodz.pl\/#organization\",\"name\":\"Diament body &amp; mind spa \u0141\u00f3d\u017a\",\"url\":\"https:\/\/diamentspalodz.pl\/\",\"sameAs\":[],\"logo\":{\"@type\":\"ImageObject\",\"inLanguage\":\"pl-PL\",\"@id\":\"https:\/\/diamentspalodz.pl\/#\/schema\/logo\/image\/\",\"url\":\"https:\/\/diamentspalodz.pl\/wp-content\/uploads\/2022\/10\/logo-dlugie-2.png\",\"contentUrl\":\"https:\/\/diamentspalodz.pl\/wp-content\/uploads\/2022\/10\/logo-dlugie-2.png\",\"width\":267,\"height\":61,\"caption\":\"Diament body &amp; mind spa \u0141\u00f3d\u017a\"},\"image\":{\"@id\":\"https:\/\/diamentspalodz.pl\/#\/schema\/logo\/image\/\"}}]}<\/script>\n<!-- \/ Yoast SEO plugin. -->","yoast_head_json":{"title":"EXIMIA twarz -JEDYNY W \u0141ODZI - Diament body &amp; mind spa \u0141\u00f3d\u017a","description":"Zabieg EXIMIA MED na twarz JEDYNY W \u0141ODZI ZABIEG na twarz i cia\u0142o, lifting twarzy, redukcja drugiego podbr\u00f3dka, MEZOTERAPIA, poprawa owalu twarzy, wprowadzenie substancji aktywnych, syntezowanie kolagenu i elastyny,, dotlenienie sk\u00f3ry, efekty od razu po zbaiegu","robots":{"index":"index","follow":"follow","max-snippet":"max-snippet:-1","max-image-preview":"max-image-preview:large","max-video-preview":"max-video-preview:-1"},"canonical":"https:\/\/diamentspalodz.pl\/index.php\/eximia-med-na-twarz-jedyny-w-lodzi\/","og_locale":"pl_PL","og_type":"article","og_title":"EXIMIA twarz -JEDYNY W \u0141ODZI - Diament body &amp; mind spa \u0141\u00f3d\u017a","og_description":"Zabieg EXIMIA MED na twarz JEDYNY W \u0141ODZI ZABIEG na twarz i cia\u0142o, lifting twarzy, redukcja drugiego podbr\u00f3dka, MEZOTERAPIA, poprawa owalu twarzy, wprowadzenie substancji aktywnych, syntezowanie kolagenu i elastyny,, dotlenienie sk\u00f3ry, efekty od razu po zbaiegu","og_url":"https:\/\/diamentspalodz.pl\/index.php\/eximia-med-na-twarz-jedyny-w-lodzi\/","og_site_name":"Diament body &amp; mind spa \u0141\u00f3d\u017a","article_modified_time":"2025-04-23T10:25:06+00:00","og_image":[{"url":"https:\/\/diamentspalodz.pl\/wp-content\/uploads\/2025\/04\/fb075708-7fd8-49b5-b503-e259792243d5-1024x1024.jpg"}],"twitter_card":"summary_large_image","twitter_misc":{"Szacowany czas czytania":"2 minuty"},"schema":{"@context":"https:\/\/schema.org","@graph":[{"@type":"WebPage","@id":"https:\/\/diamentspalodz.pl\/index.php\/eximia-med-na-twarz-jedyny-w-lodzi\/","url":"https:\/\/diamentspalodz.pl\/index.php\/eximia-med-na-twarz-jedyny-w-lodzi\/","name":"EXIMIA twarz -JEDYNY W \u0141ODZI - Diament body &amp; mind spa \u0141\u00f3d\u017a","isPartOf":{"@id":"https:\/\/diamentspalodz.pl\/#website"},"datePublished":"2025-04-23T10:16:04+00:00","dateModified":"2025-04-23T10:25:06+00:00","description":"Zabieg EXIMIA MED na twarz JEDYNY W \u0141ODZI ZABIEG na twarz i cia\u0142o, lifting twarzy, redukcja drugiego podbr\u00f3dka, MEZOTERAPIA, poprawa owalu twarzy, wprowadzenie substancji aktywnych, syntezowanie kolagenu i elastyny,, dotlenienie sk\u00f3ry, efekty od razu po zbaiegu","breadcrumb":{"@id":"https:\/\/diamentspalodz.pl\/index.php\/eximia-med-na-twarz-jedyny-w-lodzi\/#breadcrumb"},"inLanguage":"pl-PL","potentialAction":[{"@type":"ReadAction","target":["https:\/\/diamentspalodz.pl\/index.php\/eximia-med-na-twarz-jedyny-w-lodzi\/"]}]},{"@type":"BreadcrumbList","@id":"https:\/\/diamentspalodz.pl\/index.php\/eximia-med-na-twarz-jedyny-w-lodzi\/#breadcrumb","itemListElement":[{"@type":"ListItem","position":1,"name":"Strona g\u0142\u00f3wna","item":"https:\/\/diamentspalodz.pl\/"},{"@type":"ListItem","position":2,"name":"EXIMIA twarz -JEDYNY W \u0141ODZI"}]},{"@type":"WebSite","@id":"https:\/\/diamentspalodz.pl\/#website","url":"https:\/\/diamentspalodz.pl\/","name":"Diament body &amp; mind spa \u0141\u00f3d\u017a","description":"Spa w \u0141odzi, salon kosmetyczny, zabiegi na twarz i cia\u0142o, odchudzanie, odm\u0142adzanie, brwi permanentne, trychologia, likwidacja zmarszczek, lifting twarzy, modelowanie sylwetki, lipoliza, spalanie t\u0142uszczu, likwidacja cellulitu","publisher":{"@id":"https:\/\/diamentspalodz.pl\/#organization"},"potentialAction":[{"@type":"SearchAction","target":{"@type":"EntryPoint","urlTemplate":"https:\/\/diamentspalodz.pl\/?s={search_term_string}"},"query-input":"required name=search_term_string"}],"inLanguage":"pl-PL"},{"@type":"Organization","@id":"https:\/\/diamentspalodz.pl\/#organization","name":"Diament body &amp; mind spa \u0141\u00f3d\u017a","url":"https:\/\/diamentspalodz.pl\/","sameAs":[],"logo":{"@type":"ImageObject","inLanguage":"pl-PL","@id":"https:\/\/diamentspalodz.pl\/#\/schema\/logo\/image\/","url":"https:\/\/diamentspalodz.pl\/wp-content\/uploads\/2022\/10\/logo-dlugie-2.png","contentUrl":"https:\/\/diamentspalodz.pl\/wp-content\/uploads\/2022\/10\/logo-dlugie-2.png","width":267,"height":61,"caption":"Diament body &amp; mind spa \u0141\u00f3d\u017a"},"image":{"@id":"https:\/\/diamentspalodz.pl\/#\/schema\/logo\/image\/"}}]}},"_links":{"self":[{"href":"https:\/\/diamentspalodz.pl\/index.php\/wp-json\/wp\/v2\/pages\/4415","targetHints":{"allow":["GET"]}}],"collection":[{"href":"https:\/\/diamentspalodz.pl\/index.php\/wp-json\/wp\/v2\/pages"}],"about":[{"href":"https:\/\/diamentspalodz.pl\/index.php\/wp-json\/wp\/v2\/types\/page"}],"author":[{"embeddable":true,"href":"https:\/\/diamentspalodz.pl\/index.php\/wp-json\/wp\/v2\/users\/1"}],"replies":[{"embeddable":true,"href":"https:\/\/diamentspalodz.pl\/index.php\/wp-json\/wp\/v2\/comments?post=4415"}],"version-history":[{"count":4,"href":"https:\/\/diamentspalodz.pl\/index.php\/wp-json\/wp\/v2\/pages\/4415\/revisions"}],"predecessor-version":[{"id":4424,"href":"https:\/\/diamentspalodz.pl\/index.php\/wp-json\/wp\/v2\/pages\/4415\/revisions\/4424"}],"wp:attachment":[{"href":"https:\/\/diamentspalodz.pl\/index.php\/wp-json\/wp\/v2\/media?parent=4415"}],"curies":[{"name":"wp","href":"https:\/\/api.w.org\/{rel}","templated":true}]}}